{"id":5404,"date":"2021-01-19T11:08:44","date_gmt":"2021-01-19T10:08:44","guid":{"rendered":"http:\/\/www.gizalde.eus\/?page_id=5404"},"modified":"2023-03-22T14:01:02","modified_gmt":"2023-03-22T13:01:02","slug":"voluntarios-para-mi-entidad","status":"publish","type":"page","link":"https:\/\/www.gizalde.eus\/es\/voluntarios-para-mi-entidad\/","title":{"rendered":"Voluntarios para mi entidad"},"content":{"rendered":"<p>[et_pb_section fb_built=\u00bb1&#8243; _builder_version=\u00bb4.16&#8243; collapsed=\u00bboff\u00bb global_colors_info=\u00bb{}\u00bb][et_pb_row column_structure=\u00bb1_3,1_3,1_3&#8243; _builder_version=\u00bb4.16&#8243; background_size=\u00bbinitial\u00bb background_position=\u00bbtop_left\u00bb background_repeat=\u00bbrepeat\u00bb collapsed=\u00bboff\u00bb global_colors_info=\u00bb{}\u00bb][et_pb_column type=\u00bb1_3&#8243; _builder_version=\u00bb4.16&#8243; custom_padding=\u00bb|||\u00bb global_colors_info=\u00bb{}\u00bb custom_padding__hover=\u00bb|||\u00bb][et_pb_image src=\u00bbhttp:\/\/www.gizalde.eus\/wp-content\/uploads\/2021\/01\/gzld-banner_zer-da-boluntariotza-entitatea-izatea.jpg\u00bb title_text=\u00bbgzld-banner_zer-da-boluntariotza-entitatea-izatea\u00bb _builder_version=\u00bb4.16&#8243; _module_preset=\u00bbdefault\u00bb global_colors_info=\u00bb{}\u00bb][\/et_pb_image][et_pb_text admin_label=\u00bbQu\u00e9 es ser una entidad de voluntariado\u00bb module_class=\u00bbtitulo-azul\u00bb _builder_version=\u00bb4.16&#8243; global_colors_info=\u00bb{}\u00bb]<\/p>\n<h3 style=\"text-align: center;\">Qu\u00e9 es ser una entidad de voluntariado<\/h3>\n<p>[\/et_pb_text][et_pb_button button_url=\u00bb\/es\/asociaciones-gestion-del-voluntariado\/voluntariado-en-las-asociaciones\/\u00bb url_new_window=\u00bbon\u00bb button_text=\u00bbM\u00e1s informaci\u00f3n\u00bb button_alignment=\u00bbcenter\u00bb admin_label=\u00bbM\u00e1s informaci\u00f3n\u00bb module_class=\u00bbbtn\u00bb _builder_version=\u00bb4.19.5&#8243; global_colors_info=\u00bb{}\u00bb][\/et_pb_button][\/et_pb_column][et_pb_column type=\u00bb1_3&#8243; _builder_version=\u00bb4.16&#8243; custom_padding=\u00bb|||\u00bb global_colors_info=\u00bb{}\u00bb custom_padding__hover=\u00bb|||\u00bb][et_pb_image src=\u00bbhttp:\/\/www.gizalde.eus\/wp-content\/uploads\/2021\/01\/gzld-banner_plataforma-kudeatzeko-aukera.jpg\u00bb title_text=\u00bbgzld-banner_plataforma-kudeatzeko-aukera\u00bb _builder_version=\u00bb4.16&#8243; _module_preset=\u00bbdefault\u00bb global_colors_info=\u00bb{}\u00bb][\/et_pb_image][et_pb_text admin_label=\u00bbDifusi\u00f3n de programas de voluntariado a trav\u00e9s de Gizalde\u00bb module_class=\u00bbtitulo-azul\u00bb _builder_version=\u00bb4.19.5&#8243; hover_enabled=\u00bb0&#8243; global_colors_info=\u00bb{}\u00bb sticky_enabled=\u00bb0&#8243;]<\/p>\n<h3 style=\"text-align: center;\">Difusi\u00f3n de programas de voluntariado a trav\u00e9s de Gizalde<\/h3>\n<p>[\/et_pb_text][et_pb_button button_url=\u00bbhttps:\/\/www.gizalde.eus\/es\/asociaciones-gestion-del-voluntariado\/\u00bb url_new_window=\u00bbon\u00bb button_text=\u00bbM\u00e1s informaci\u00f3n\u00bb button_alignment=\u00bbcenter\u00bb admin_label=\u00bbM\u00e1s informaci\u00f3n\u00bb module_class=\u00bbbtn\u00bb _builder_version=\u00bb4.19.5&#8243; hover_enabled=\u00bb0&#8243; global_colors_info=\u00bb{}\u00bb sticky_enabled=\u00bb0&#8243;][\/et_pb_button][\/et_pb_column][et_pb_column type=\u00bb1_3&#8243; _builder_version=\u00bb4.16&#8243; custom_padding=\u00bb|||\u00bb global_colors_info=\u00bb{}\u00bb custom_padding__hover=\u00bb|||\u00bb][et_pb_image src=\u00bbhttp:\/\/www.gizalde.eus\/wp-content\/uploads\/2021\/01\/gzld-banner_plataformaren-sarbidea.jpg\u00bb title_text=\u00bbgzld-banner_plataformaren-sarbidea\u00bb _builder_version=\u00bb4.16&#8243; _module_preset=\u00bbdefault\u00bb global_colors_info=\u00bb{}\u00bb][\/et_pb_image][et_pb_text admin_label=\u00bbAcceso al gestor de la secci\u00f3n de programas de voluntariado\u00bb module_class=\u00bbtitulo-azul\u00bb _builder_version=\u00bb4.19.5&#8243; hover_enabled=\u00bb0&#8243; global_colors_info=\u00bb{}\u00bb sticky_enabled=\u00bb0&#8243;]<\/p>\n<h3 style=\"text-align: center;\">Acceso al gestor de la secci\u00f3n de programas de voluntariado<\/h3>\n<p>[\/et_pb_text][et_pb_button button_url=\u00bbhttp:\/\/www.gizalde.eus\/boluntariotza-portala\/admin\/\u00bb url_new_window=\u00bbon\u00bb button_text=\u00bbEntrada\u00bb button_alignment=\u00bbcenter\u00bb admin_label=\u00bbEntrada\u00bb module_class=\u00bbbtn\u00bb _builder_version=\u00bb4.19.5&#8243; hover_enabled=\u00bb0&#8243; global_colors_info=\u00bb{}\u00bb sticky_enabled=\u00bb0&#8243;][\/et_pb_button][\/et_pb_column][\/et_pb_row][\/et_pb_section]<\/p>\n","protected":false},"excerpt":{"rendered":"<p>Qu\u00e9 es ser una entidad de voluntariadoDifusi\u00f3n de programas de voluntariado a trav\u00e9s de GizaldeAcceso al gestor de la secci\u00f3n de programas de voluntariado<\/p>\n","protected":false},"author":1,"featured_media":0,"parent":0,"menu_order":0,"comment_status":"closed","ping_status":"closed","template":"","meta":{"_et_pb_use_builder":"on","_et_pb_old_content":"","_et_gb_content_width":"","footnotes":""},"class_list":["post-5404","page","type-page","status-publish","hentry"],"yoast_head":"<!-- This site is optimized with the Yoast SEO plugin v18.0 - https:\/\/yoast.com\/wordpress\/plugins\/seo\/ -->\n<title>Voluntarios para mi entidad | Gizalde<\/title>\n<meta name=\"robots\" content=\"index, follow, max-snippet:-1, max-image-preview:large, max-video-preview:-1\" \/>\n<link rel=\"canonical\" href=\"https:\/\/www.gizalde.eus\/es\/voluntarios-para-mi-entidad\/\" \/>\n<meta property=\"og:locale\" content=\"es_ES\" \/>\n<meta property=\"og:type\" content=\"article\" \/>\n<meta property=\"og:title\" content=\"Voluntarios para mi entidad | Gizalde\" \/>\n<meta property=\"og:description\" content=\"Qu\u00e9 es ser una entidad de voluntariadoDifusi\u00f3n de programas de voluntariado a trav\u00e9s de GizaldeAcceso al gestor de la secci\u00f3n de programas de voluntariado\" \/>\n<meta property=\"og:url\" content=\"https:\/\/www.gizalde.eus\/es\/voluntarios-para-mi-entidad\/\" \/>\n<meta property=\"og:site_name\" content=\"Gizalde\" \/>\n<meta property=\"article:modified_time\" content=\"2023-03-22T13:01:02+00:00\" \/>\n<meta name=\"twitter:card\" content=\"summary_large_image\" \/>\n<meta name=\"twitter:label1\" content=\"Tiempo de lectura\" \/>\n\t<meta name=\"twitter:data1\" content=\"2 minutos\" \/>\n<script type=\"application\/ld+json\" class=\"yoast-schema-graph\">{\"@context\":\"https:\/\/schema.org\",\"@graph\":[{\"@type\":\"WebSite\",\"@id\":\"https:\/\/www.gizalde.eus\/es\/#website\",\"url\":\"https:\/\/www.gizalde.eus\/es\/\",\"name\":\"Gizalde\",\"description\":\"Voluntariado Gipuzkoa\",\"potentialAction\":[{\"@type\":\"SearchAction\",\"target\":{\"@type\":\"EntryPoint\",\"urlTemplate\":\"https:\/\/www.gizalde.eus\/es\/?s={search_term_string}\"},\"query-input\":\"required name=search_term_string\"}],\"inLanguage\":\"es\"},{\"@type\":\"WebPage\",\"@id\":\"https:\/\/www.gizalde.eus\/es\/voluntarios-para-mi-entidad\/#webpage\",\"url\":\"https:\/\/www.gizalde.eus\/es\/voluntarios-para-mi-entidad\/\",\"name\":\"Voluntarios para mi entidad | Gizalde\",\"isPartOf\":{\"@id\":\"https:\/\/www.gizalde.eus\/es\/#website\"},\"datePublished\":\"2021-01-19T10:08:44+00:00\",\"dateModified\":\"2023-03-22T13:01:02+00:00\",\"breadcrumb\":{\"@id\":\"https:\/\/www.gizalde.eus\/es\/voluntarios-para-mi-entidad\/#breadcrumb\"},\"inLanguage\":\"es\",\"potentialAction\":[{\"@type\":\"ReadAction\",\"target\":[\"https:\/\/www.gizalde.eus\/es\/voluntarios-para-mi-entidad\/\"]}]},{\"@type\":\"BreadcrumbList\",\"@id\":\"https:\/\/www.gizalde.eus\/es\/voluntarios-para-mi-entidad\/#breadcrumb\",\"itemListElement\":[{\"@type\":\"ListItem\",\"position\":1,\"name\":\"Portada\",\"item\":\"https:\/\/www.gizalde.eus\/es\/\"},{\"@type\":\"ListItem\",\"position\":2,\"name\":\"Voluntarios para mi entidad\"}]}]}<\/script>\n<!-- \/ Yoast SEO plugin. -->","yoast_head_json":{"title":"Voluntarios para mi entidad | Gizalde","robots":{"index":"index","follow":"follow","max-snippet":"max-snippet:-1","max-image-preview":"max-image-preview:large","max-video-preview":"max-video-preview:-1"},"canonical":"https:\/\/www.gizalde.eus\/es\/voluntarios-para-mi-entidad\/","og_locale":"es_ES","og_type":"article","og_title":"Voluntarios para mi entidad | Gizalde","og_description":"Qu\u00e9 es ser una entidad de voluntariadoDifusi\u00f3n de programas de voluntariado a trav\u00e9s de GizaldeAcceso al gestor de la secci\u00f3n de programas de voluntariado","og_url":"https:\/\/www.gizalde.eus\/es\/voluntarios-para-mi-entidad\/","og_site_name":"Gizalde","article_modified_time":"2023-03-22T13:01:02+00:00","twitter_card":"summary_large_image","twitter_misc":{"Tiempo de lectura":"2 minutos"},"schema":{"@context":"https:\/\/schema.org","@graph":[{"@type":"WebSite","@id":"https:\/\/www.gizalde.eus\/es\/#website","url":"https:\/\/www.gizalde.eus\/es\/","name":"Gizalde","description":"Voluntariado Gipuzkoa","potentialAction":[{"@type":"SearchAction","target":{"@type":"EntryPoint","urlTemplate":"https:\/\/www.gizalde.eus\/es\/?s={search_term_string}"},"query-input":"required name=search_term_string"}],"inLanguage":"es"},{"@type":"WebPage","@id":"https:\/\/www.gizalde.eus\/es\/voluntarios-para-mi-entidad\/#webpage","url":"https:\/\/www.gizalde.eus\/es\/voluntarios-para-mi-entidad\/","name":"Voluntarios para mi entidad | Gizalde","isPartOf":{"@id":"https:\/\/www.gizalde.eus\/es\/#website"},"datePublished":"2021-01-19T10:08:44+00:00","dateModified":"2023-03-22T13:01:02+00:00","breadcrumb":{"@id":"https:\/\/www.gizalde.eus\/es\/voluntarios-para-mi-entidad\/#breadcrumb"},"inLanguage":"es","potentialAction":[{"@type":"ReadAction","target":["https:\/\/www.gizalde.eus\/es\/voluntarios-para-mi-entidad\/"]}]},{"@type":"BreadcrumbList","@id":"https:\/\/www.gizalde.eus\/es\/voluntarios-para-mi-entidad\/#breadcrumb","itemListElement":[{"@type":"ListItem","position":1,"name":"Portada","item":"https:\/\/www.gizalde.eus\/es\/"},{"@type":"ListItem","position":2,"name":"Voluntarios para mi entidad"}]}]}},"_links":{"self":[{"href":"https:\/\/www.gizalde.eus\/es\/wp-json\/wp\/v2\/pages\/5404","targetHints":{"allow":["GET"]}}],"collection":[{"href":"https:\/\/www.gizalde.eus\/es\/wp-json\/wp\/v2\/pages"}],"about":[{"href":"https:\/\/www.gizalde.eus\/es\/wp-json\/wp\/v2\/types\/page"}],"author":[{"embeddable":true,"href":"https:\/\/www.gizalde.eus\/es\/wp-json\/wp\/v2\/users\/1"}],"replies":[{"embeddable":true,"href":"https:\/\/www.gizalde.eus\/es\/wp-json\/wp\/v2\/comments?post=5404"}],"version-history":[{"count":4,"href":"https:\/\/www.gizalde.eus\/es\/wp-json\/wp\/v2\/pages\/5404\/revisions"}],"predecessor-version":[{"id":9518,"href":"https:\/\/www.gizalde.eus\/es\/wp-json\/wp\/v2\/pages\/5404\/revisions\/9518"}],"wp:attachment":[{"href":"https:\/\/www.gizalde.eus\/es\/wp-json\/wp\/v2\/media?parent=5404"}],"curies":[{"name":"wp","href":"https:\/\/api.w.org\/{rel}","templated":true}]}}