{"id":433,"date":"2018-11-29T12:56:30","date_gmt":"2018-11-29T11:56:30","guid":{"rendered":"http:\/\/www.gizalde.eus\/?page_id=433"},"modified":"2026-03-24T11:01:23","modified_gmt":"2026-03-24T10:01:23","slug":"consejo-vasco-de-voluntariado","status":"publish","type":"page","link":"https:\/\/www.gizalde.eus\/es\/consejo-vasco-de-voluntariado\/","title":{"rendered":"Consejo Vasco de voluntariado"},"content":{"rendered":"<p>[et_pb_section fb_built=\u00bb1&#8243; specialty=\u00bbon\u00bb module_id=\u00bbpagina-interior\u00bb _builder_version=\u00bb4.16&#8243; global_colors_info=\u00bb{}\u00bb][et_pb_column type=\u00bb2_3&#8243; specialty_columns=\u00bb4&#8243; _builder_version=\u00bb4.16&#8243; custom_padding=\u00bb|||\u00bb global_colors_info=\u00bb{}\u00bb custom_padding__hover=\u00bb|||\u00bb][et_pb_row_inner admin_label=\u00bbFila\u00bb _builder_version=\u00bb4.16&#8243; global_colors_info=\u00bb{}\u00bb][et_pb_column_inner saved_specialty_column_type=\u00bb2_3&#8243; _builder_version=\u00bb4.16&#8243; custom_padding=\u00bb|||\u00bb global_colors_info=\u00bb{}\u00bb custom_padding__hover=\u00bb|||\u00bb][et_pb_text admin_label=\u00bbConsejo Vasco de voluntariado\u00bb module_class=\u00bbtitulo-azul\u00bb _builder_version=\u00bb4.16&#8243; global_colors_info=\u00bb{}\u00bb]<\/p>\n<h1>Consejo Vasco de voluntariado<\/h1>\n<p>[\/et_pb_text][et_pb_text module_class=\u00bbtitulo-azul lista-custom\u00bb _builder_version=\u00bb4.19.5&#8243; global_colors_info=\u00bb{}\u00bb]<\/p>\n<p>Con el objeto de hacer part\u00edcipe a la sociedad y a sus organizaciones de las pol\u00edticas de solidaridad, se cre\u00f3, tal y como se indica en la Ley 17\/1998 de 25 de junio, del Voluntariado, el Consejo Vasco del Voluntariado como \u00f3rgano de encuentro, asesoramiento y consulta en materia de voluntariado. Dicho consejo est\u00e1 adscrito al Departamento del Gobierno Vasco competente en materia de bienestar social.<\/p>\n<p>Abajo podr\u00e1s encontrar, entre otros documentos, el decreto por el cual se crea el Censo General de Organizaciones de Voluntariado, la informaci\u00f3n necesaria para la inscripci\u00f3n, y el listado de entidades ya inscritas.<\/p>\n<a href='https:\/\/www.euskadi.eus\/voluntariado\/consejo-vasco\/web01-a2bolunt\/es\/' class='icon-button download-icon' target=\"_blank\">M\u00c1S INFORMACI\u00d3N<span class='et-icon'><\/span><\/a>\n<a href='https:\/\/youtu.be\/lCBEmSvdgd8?si=08jc9g4dQZ05Gpr4' class='icon-button download-icon' target=\"_blank\">V\u00cdDEO<span class='et-icon'><\/span><\/a>\n<p>[\/et_pb_text][\/et_pb_column_inner][\/et_pb_row_inner][et_pb_row_inner admin_label=\u00bbFila\u00bb _builder_version=\u00bb4.16&#8243; global_colors_info=\u00bb{}\u00bb][et_pb_column_inner saved_specialty_column_type=\u00bb2_3&#8243; _builder_version=\u00bb4.16&#8243; custom_padding=\u00bb|||\u00bb global_colors_info=\u00bb{}\u00bb custom_padding__hover=\u00bb|||\u00bb][et_pb_text admin_label=\u00bbEstrategia Vasca del Voluntariado 2025-2028&#8243; module_class=\u00bblista-custom\u00bb _builder_version=\u00bb4.19.5&#8243; custom_margin=\u00bb0px||0px|\u00bb hover_enabled=\u00bb0&#8243; saved_tabs=\u00bball\u00bb global_colors_info=\u00bb{}\u00bb sticky_enabled=\u00bb0&#8243;]<\/p>\n<h4><strong>Estrategia Vasca del Voluntariado 2025-2028<\/strong><\/h4>\n<ul>\n<li>Fuente &#8211; Consejo Vasco de Voluntariado<\/li>\n<li>Fecha &#8211; 2025<\/li>\n<li>Informaci\u00f3n &#8211; La Estrategia Vasca de Voluntariado 2025\u20132028 se construye a partir de los principales desaf\u00edos que enfrenta el sector. Lo hace a trav\u00e9s de seis ejes estrat\u00e9gicos \u2014identidad colectiva, buena gobernanza, sensibilizaci\u00f3n, conocimiento, enfoque comunitario e impacto\u2014 que responden a las prioridades identificadas por las propias organizaciones y personas voluntarias. Estos ejes buscan, entre otros objetivos, reforzar el reconocimiento social del voluntariado, atraer nuevos perfiles, mejorar su viabilidad y acompa\u00f1ar la transformaci\u00f3n digital que vive la sociedad.<\/li>\n<\/ul>\n<p>[\/et_pb_text][et_pb_button button_url=\u00bbhttps:\/\/drive.google.com\/file\/d\/1AKUbXEVAP3V7v63OcSFoVM8h6ckuzOg8\/view?usp=sharing\u00bb url_new_window=\u00bbon\u00bb button_text=\u00bbEstrategia Vasca del Voluntariado 2025-2028&#8243; admin_label=\u00bb(Boton) &#8211; Estrategia 2025-2028&#8243; module_class=\u00bbbtn btn-cursos\u00bb _builder_version=\u00bb4.19.5&#8243; custom_margin=\u00bb||50px|\u00bb hover_enabled=\u00bb0&#8243; saved_tabs=\u00bball\u00bb global_colors_info=\u00bb{}\u00bb sticky_enabled=\u00bb0&#8243;][\/et_pb_button][et_pb_button button_url=\u00bbhttps:\/\/drive.google.com\/file\/d\/1KCdLBAFqWiWX09j0gyAY5-8HtXCIee7Q\/view?usp=sharing\u00bb url_new_window=\u00bbon\u00bb button_text=\u00bbL\u00edneas estrat\u00e9gicas 2025-2028&#8243; admin_label=\u00bb(Boton) &#8211; L\u00edneas estrat\u00e9gicas 2025-2028&#8243; module_class=\u00bbbtn btn-cursos\u00bb _builder_version=\u00bb4.19.5&#8243; custom_margin=\u00bb||50px|\u00bb hover_enabled=\u00bb0&#8243; saved_tabs=\u00bball\u00bb global_colors_info=\u00bb{}\u00bb sticky_enabled=\u00bb0&#8243;][\/et_pb_button][et_pb_text admin_label=\u00bbEstrategia Vasca del Voluntariado 2021-2024&#8243; module_class=\u00bblista-custom\u00bb _builder_version=\u00bb4.16&#8243; custom_margin=\u00bb0px||0px|\u00bb saved_tabs=\u00bball\u00bb global_colors_info=\u00bb{}\u00bb]<\/p>\n<h4><strong>Estrategia Vasca del Voluntariado 2021-2024<\/strong><\/h4>\n<ul>\n<li>Fuente &#8211; Consejo Vasco de Voluntariado<\/li>\n<li>Fecha &#8211; 2021<\/li>\n<li>Informaci\u00f3n &#8211; La presente estrategia quiere ser reflejo y est\u00edmulo de esas inquietudes y valores profundos que mueven a las personas a prestar un servicio voluntario: en una sociedad que promueve la tenencia material como fuente de felicidad -el \u201cbientener\u201d sobre el bienestar- el servicio desinteresado es una contribuci\u00f3n social minoritaria, e incluso en ocasiones incomprendida. No obstante, cada vez m\u00e1s personas est\u00e1n tomando conciencia de que el equilibrio y la satisfacci\u00f3n personal no provienen de conquistas externas, sino de nuestras propias acciones. Crece esa parte de la sociedad que entiende el dar y el recibir como un intercambio en t\u00e9rminos de servicio y compensaci\u00f3n emocional, y no solo material. En tanto la prosperidad no se mida \u00fanicamente en t\u00e9rminos mercantiles, la labor voluntaria no ofrece una contraprestaci\u00f3n monetaria, pero s\u00ed proporciona abundancia vital.<\/li>\n<\/ul>\n<p>[\/et_pb_text][et_pb_button button_url=\u00bbhttp:\/\/www.gizalde.eus\/wp-content\/uploads\/2021\/12\/estrategiavascadelvoluntariado_es.pdf\u00bb url_new_window=\u00bbon\u00bb button_text=\u00bbEstrategia Vasca del Voluntariado 2021-2024&#8243; admin_label=\u00bb(Boton) &#8211; Estrategia 2021-2024&#8243; module_class=\u00bbbtn btn-cursos\u00bb _builder_version=\u00bb4.16&#8243; custom_margin=\u00bb||50px|\u00bb saved_tabs=\u00bball\u00bb global_colors_info=\u00bb{}\u00bb][\/et_pb_button][et_pb_button button_url=\u00bbhttp:\/\/www.gizalde.eus\/wp-content\/uploads\/2021\/12\/fichas_estrategia_voluntariado_CAS.pdf\u00bb url_new_window=\u00bbon\u00bb button_text=\u00bbProyectos de la estrategia vasca de voluntariado 2021-2024&#8243; admin_label=\u00bb(Boton) &#8211; Proyectos 2021-2024&#8243; module_class=\u00bbbtn btn-cursos\u00bb _builder_version=\u00bb4.16&#8243; custom_margin=\u00bb||50px|\u00bb saved_tabs=\u00bball\u00bb global_colors_info=\u00bb{}\u00bb][\/et_pb_button][et_pb_text admin_label=\u00bbEstrategia Vasca del Voluntariado 2017-2020&#8243; module_class=\u00bblista-custom\u00bb _builder_version=\u00bb4.16&#8243; custom_margin=\u00bb0px||0px|\u00bb saved_tabs=\u00bball\u00bb global_colors_info=\u00bb{}\u00bb]<\/p>\n<h4><strong>Estrategia Vasca del Voluntariado 2017-2020<\/strong><\/h4>\n<ul>\n<li>Fuente &#8211; Consejo Vasco de Voluntariado<\/li>\n<li>Fecha &#8211; 2018<\/li>\n<li>Informaci\u00f3n &#8211; La presente Estrategia se enmarca dentro de este planteamiento y da continuidad a la estrategia anterior cuya aplicaci\u00f3n finaliz\u00f3 en 2016. Su objetivo es dotarnos de un instrumento que destaque y ordene los aspectos m\u00e1s relevantes y que sirva de marco general para desplegar una acci\u00f3n coherente. Y si bien nace de la mano del Consejo Vasco del Voluntariado por iniciativa del Departamento de Empleo y Pol\u00edticas Sociales del Gobierno Vasco, aspira a trascender del marco exclusivo de la administraci\u00f3n para servir como herramienta a cuantos agentes sociales tienen competencias, obligaciones o realizan cualquier tipo de intervenci\u00f3n en el desarrollo de la participaci\u00f3n social. Y como iniciativa que surge de la Administraci\u00f3n, todas las acciones que de ella se desprendan han de incorporar la perspectiva de g\u00e9nero de modo que establezcan el objetivo general de eliminar las desigualdades y promover la igualdad de mujeres y hombres.<\/li>\n<\/ul>\n<p>[\/et_pb_text][et_pb_button button_url=\u00bbhttps:\/\/www.euskadi.eus\/contenidos\/informacion\/estrategia_voluntariado_2017\/es_def\/adjuntos\/estrategiavascadelvoluntariado_es.pdf\u00bb url_new_window=\u00bbon\u00bb button_text=\u00bbEstrategia Vasca del Voluntariado 2017-2020&#8243; admin_label=\u00bb(Bot\u00f3n) &#8211; Estrategia 2017-2020&#8243; module_class=\u00bbbtn btn-cursos\u00bb _builder_version=\u00bb4.16&#8243; custom_margin=\u00bb||50px|\u00bb saved_tabs=\u00bball\u00bb global_colors_info=\u00bb{}\u00bb][\/et_pb_button][et_pb_text admin_label=\u00bbEstrategia Vasca del Voluntariado 2013-2016&#8243; module_class=\u00bblista-custom\u00bb _builder_version=\u00bb4.16&#8243; custom_margin=\u00bb0px||0px|\u00bb saved_tabs=\u00bball\u00bb global_colors_info=\u00bb{}\u00bb]<\/p>\n<h4><strong>Estrategia Vasca del Voluntariado 2013-2016<\/strong><\/h4>\n<ul>\n<li>Fuente &#8211; Consejo Vasco de Voluntariado<\/li>\n<li>Fecha &#8211; Febrero de 2014<\/li>\n<li>Informaci\u00f3n &#8211; Este documento recoge la Estrategia Vasca de Voluntariado 2013\u20102016, y representa una continuaci\u00f3n de los Planes Vascos de voluntariado precedentes que han venido guiando la pol\u00edtica de promoci\u00f3n de la acci\u00f3n voluntaria en nuestra Comunidad Aut\u00f3noma desde el a\u00f1o 2003. Supone, ante todo, una apuesta por potenciar y poner en valor el imprescindible rol social que desempe\u00f1a la participaci\u00f3n altruista, organizada y solidaria de una parte considerable de la ciudadan\u00eda vasca.<\/li>\n<\/ul>\n<p>[\/et_pb_text][et_pb_button button_url=\u00bbhttp:\/\/www.gizartelan.ejgv.euskadi.eus\/contenidos\/informacion\/estrategia_voluntariado_2014\/es_def\/adjuntos\/ESTRATEGIA%20VASCA%20VOLUNTARIADO%202013-2016.pdf\u00bb url_new_window=\u00bbon\u00bb button_text=\u00bbEstrategia Vasca del Voluntariado 2013-2016&#8243; admin_label=\u00bb(Bot\u00f3n) &#8211; Estrategia 2013-2016&#8243; module_class=\u00bbbtn btn-cursos\u00bb _builder_version=\u00bb4.16&#8243; custom_margin=\u00bb||50px|\u00bb saved_tabs=\u00bball\u00bb global_colors_info=\u00bb{}\u00bb][\/et_pb_button][et_pb_text admin_label=\u00bbInformes sobre la realidad del voluntariado en Euskadi\u00bb module_class=\u00bblista-custom\u00bb _builder_version=\u00bb4.16&#8243; custom_margin=\u00bb0px||0px|\u00bb saved_tabs=\u00bball\u00bb global_colors_info=\u00bb{}\u00bb]<\/p>\n<h4><strong>Informes sobre la realidad del voluntariado en Euskadi<\/strong><\/h4>\n<ul>\n<li>Fuente &#8211; Consejo Vasco de Voluntariado<\/li>\n<li>Fecha &#8211;\u00a0<\/li>\n<li>Informaci\u00f3n &#8211; Si quieres conocer la realidad del voluntariado en Euskadi, en esta secci\u00f3n puedes encontrar los \u00faltimos informes y estudios sobre la materia.<\/li>\n<\/ul>\n<p>[\/et_pb_text][et_pb_button button_url=\u00bbhttps:\/\/www.euskadi.eus\/voluntariado\/en-euskadi\/web01-a2bolunt\/es\/\u00bb url_new_window=\u00bbon\u00bb button_text=\u00bbInformes sobre la realidad del voluntariado en Euskadi\u00bb admin_label=\u00bb(Bot\u00f3n) &#8211; Informes realidad del voluntariado\u00bb module_class=\u00bbbtn btn-cursos\u00bb _builder_version=\u00bb4.16&#8243; custom_margin=\u00bb||50px|\u00bb saved_tabs=\u00bball\u00bb global_colors_info=\u00bb{}\u00bb][\/et_pb_button][\/et_pb_column_inner][\/et_pb_row_inner][\/et_pb_column][et_pb_column type=\u00bb1_3&#8243; _builder_version=\u00bb4.16&#8243; custom_padding=\u00bb|||\u00bb global_colors_info=\u00bb{}\u00bb custom_padding__hover=\u00bb|||\u00bb][et_pb_text admin_label=\u00bbOtros enlaces interesantes\u00bb _builder_version=\u00bb4.16&#8243; global_colors_info=\u00bb{}\u00bb]<\/p>\n<h4>Otros enlaces interesantes<\/h4>\n<p>[\/et_pb_text][et_pb_text admin_label=\u00bbPHP gestion-del-voluntariado-lista\u00bb module_class=\u00bblista-custom text-deco-no\u00bb _builder_version=\u00bb4.16&#8243; saved_tabs=\u00bball\u00bb global_colors_info=\u00bb{}\u00bb]<a href=\"\/es\/asociaciones-gestion-del-voluntariado\/\">GESTI\u00d3N DEL VOLUNTARIADO<\/a>\r\n<ul>\r\n    <li><a href=\"\/es\/asociaciones-gestion-del-voluntariado\/voluntariado-en-las-asociaciones\/\">Voluntariado en las asociaciones<\/a>\r\n    <\/li><li>Ser una entidad de voluntariado\r\n        <ul>\r\n            <li><a href=\"\/es\/asociaciones-gestion-del-voluntariado\/estatuto-interno-del-voluntariado\/\">Estatuto interno del voluntariado<\/a><\/li>\r\n            <li><a href=\"\/es\/asociaciones-gestion-del-voluntariado\/seguros\/\">Seguros<\/a><\/li>\r\n            <li><a href=\"\/es\/asociaciones-gestion-del-voluntariado\/censo-general-de-organizaciones-de-voluntariado\/\">Censo General de organizaciones de voluntariado<\/a><\/li>\r\n            <li><a href=\"\/es\/asociaciones-gestion-del-voluntariado\/consejo-vasco-de-voluntariado\/\">Consejo Vasco de voluntariado<\/a><\/li>\r\n            <li><a href=\"\/es\/asociaciones-gestion-del-voluntariado\/marco-legal\/\">Marco legal<\/a><\/li>\r\n        <\/ul>\r\n    <\/li>\r\n    <li><a href=\"\/es\/asociaciones-gestion-del-voluntariado\/necesitamos-voluntarios-as\/\">Necesitamos voluntarios\/as<\/a><\/li>\r\n<\/ul>[\/et_pb_text][\/et_pb_column][\/et_pb_section]<\/p>\n","protected":false},"excerpt":{"rendered":"<p>Consejo Vasco de voluntariado Con el objeto de hacer part\u00edcipe a la sociedad y a sus organizaciones de las pol\u00edticas de solidaridad, se cre\u00f3, tal y como se indica en la Ley 17\/1998 de 25 de junio, del Voluntariado, el Consejo Vasco del Voluntariado como \u00f3rgano de encuentro, asesoramiento y consulta en materia de voluntariado. [&hellip;]<\/p>\n","protected":false},"author":1,"featured_media":0,"parent":0,"menu_order":0,"comment_status":"closed","ping_status":"closed","template":"","meta":{"_et_pb_use_builder":"on","_et_pb_old_content":"","_et_gb_content_width":"","footnotes":""},"class_list":["post-433","page","type-page","status-publish","hentry"],"yoast_head":"<!-- This site is optimized with the Yoast SEO plugin v18.0 - https:\/\/yoast.com\/wordpress\/plugins\/seo\/ -->\n<title>Consejo Vasco de voluntariado | Gizalde<\/title>\n<meta name=\"robots\" content=\"index, follow, max-snippet:-1, max-image-preview:large, max-video-preview:-1\" \/>\n<link rel=\"canonical\" href=\"https:\/\/www.gizalde.eus\/es\/consejo-vasco-de-voluntariado\/\" \/>\n<meta property=\"og:locale\" content=\"es_ES\" \/>\n<meta property=\"og:type\" content=\"article\" \/>\n<meta property=\"og:title\" content=\"Consejo Vasco de voluntariado | Gizalde\" \/>\n<meta property=\"og:description\" content=\"Consejo Vasco de voluntariado Con el objeto de hacer part\u00edcipe a la sociedad y a sus organizaciones de las pol\u00edticas de solidaridad, se cre\u00f3, tal y como se indica en la Ley 17\/1998 de 25 de junio, del Voluntariado, el Consejo Vasco del Voluntariado como \u00f3rgano de encuentro, asesoramiento y consulta en materia de voluntariado. [&hellip;]\" \/>\n<meta property=\"og:url\" content=\"https:\/\/www.gizalde.eus\/es\/consejo-vasco-de-voluntariado\/\" \/>\n<meta property=\"og:site_name\" content=\"Gizalde\" \/>\n<meta property=\"article:modified_time\" content=\"2026-03-24T10:01:23+00:00\" \/>\n<meta name=\"twitter:card\" content=\"summary_large_image\" \/>\n<meta name=\"twitter:label1\" content=\"Tiempo de lectura\" \/>\n\t<meta name=\"twitter:data1\" content=\"7 minutos\" \/>\n<script type=\"application\/ld+json\" class=\"yoast-schema-graph\">{\"@context\":\"https:\/\/schema.org\",\"@graph\":[{\"@type\":\"WebSite\",\"@id\":\"https:\/\/www.gizalde.eus\/es\/#website\",\"url\":\"https:\/\/www.gizalde.eus\/es\/\",\"name\":\"Gizalde\",\"description\":\"Voluntariado Gipuzkoa\",\"potentialAction\":[{\"@type\":\"SearchAction\",\"target\":{\"@type\":\"EntryPoint\",\"urlTemplate\":\"https:\/\/www.gizalde.eus\/es\/?s={search_term_string}\"},\"query-input\":\"required name=search_term_string\"}],\"inLanguage\":\"es\"},{\"@type\":\"WebPage\",\"@id\":\"https:\/\/www.gizalde.eus\/es\/consejo-vasco-de-voluntariado\/#webpage\",\"url\":\"https:\/\/www.gizalde.eus\/es\/consejo-vasco-de-voluntariado\/\",\"name\":\"Consejo Vasco de voluntariado | Gizalde\",\"isPartOf\":{\"@id\":\"https:\/\/www.gizalde.eus\/es\/#website\"},\"datePublished\":\"2018-11-29T11:56:30+00:00\",\"dateModified\":\"2026-03-24T10:01:23+00:00\",\"breadcrumb\":{\"@id\":\"https:\/\/www.gizalde.eus\/es\/consejo-vasco-de-voluntariado\/#breadcrumb\"},\"inLanguage\":\"es\",\"potentialAction\":[{\"@type\":\"ReadAction\",\"target\":[\"https:\/\/www.gizalde.eus\/es\/consejo-vasco-de-voluntariado\/\"]}]},{\"@type\":\"BreadcrumbList\",\"@id\":\"https:\/\/www.gizalde.eus\/es\/consejo-vasco-de-voluntariado\/#breadcrumb\",\"itemListElement\":[{\"@type\":\"ListItem\",\"position\":1,\"name\":\"Portada\",\"item\":\"https:\/\/www.gizalde.eus\/es\/\"},{\"@type\":\"ListItem\",\"position\":2,\"name\":\"Consejo Vasco de voluntariado\"}]}]}<\/script>\n<!-- \/ Yoast SEO plugin. -->","yoast_head_json":{"title":"Consejo Vasco de voluntariado | Gizalde","robots":{"index":"index","follow":"follow","max-snippet":"max-snippet:-1","max-image-preview":"max-image-preview:large","max-video-preview":"max-video-preview:-1"},"canonical":"https:\/\/www.gizalde.eus\/es\/consejo-vasco-de-voluntariado\/","og_locale":"es_ES","og_type":"article","og_title":"Consejo Vasco de voluntariado | Gizalde","og_description":"Consejo Vasco de voluntariado Con el objeto de hacer part\u00edcipe a la sociedad y a sus organizaciones de las pol\u00edticas de solidaridad, se cre\u00f3, tal y como se indica en la Ley 17\/1998 de 25 de junio, del Voluntariado, el Consejo Vasco del Voluntariado como \u00f3rgano de encuentro, asesoramiento y consulta en materia de voluntariado. [&hellip;]","og_url":"https:\/\/www.gizalde.eus\/es\/consejo-vasco-de-voluntariado\/","og_site_name":"Gizalde","article_modified_time":"2026-03-24T10:01:23+00:00","twitter_card":"summary_large_image","twitter_misc":{"Tiempo de lectura":"7 minutos"},"schema":{"@context":"https:\/\/schema.org","@graph":[{"@type":"WebSite","@id":"https:\/\/www.gizalde.eus\/es\/#website","url":"https:\/\/www.gizalde.eus\/es\/","name":"Gizalde","description":"Voluntariado Gipuzkoa","potentialAction":[{"@type":"SearchAction","target":{"@type":"EntryPoint","urlTemplate":"https:\/\/www.gizalde.eus\/es\/?s={search_term_string}"},"query-input":"required name=search_term_string"}],"inLanguage":"es"},{"@type":"WebPage","@id":"https:\/\/www.gizalde.eus\/es\/consejo-vasco-de-voluntariado\/#webpage","url":"https:\/\/www.gizalde.eus\/es\/consejo-vasco-de-voluntariado\/","name":"Consejo Vasco de voluntariado | Gizalde","isPartOf":{"@id":"https:\/\/www.gizalde.eus\/es\/#website"},"datePublished":"2018-11-29T11:56:30+00:00","dateModified":"2026-03-24T10:01:23+00:00","breadcrumb":{"@id":"https:\/\/www.gizalde.eus\/es\/consejo-vasco-de-voluntariado\/#breadcrumb"},"inLanguage":"es","potentialAction":[{"@type":"ReadAction","target":["https:\/\/www.gizalde.eus\/es\/consejo-vasco-de-voluntariado\/"]}]},{"@type":"BreadcrumbList","@id":"https:\/\/www.gizalde.eus\/es\/consejo-vasco-de-voluntariado\/#breadcrumb","itemListElement":[{"@type":"ListItem","position":1,"name":"Portada","item":"https:\/\/www.gizalde.eus\/es\/"},{"@type":"ListItem","position":2,"name":"Consejo Vasco de voluntariado"}]}]}},"_links":{"self":[{"href":"https:\/\/www.gizalde.eus\/es\/wp-json\/wp\/v2\/pages\/433","targetHints":{"allow":["GET"]}}],"collection":[{"href":"https:\/\/www.gizalde.eus\/es\/wp-json\/wp\/v2\/pages"}],"about":[{"href":"https:\/\/www.gizalde.eus\/es\/wp-json\/wp\/v2\/types\/page"}],"author":[{"embeddable":true,"href":"https:\/\/www.gizalde.eus\/es\/wp-json\/wp\/v2\/users\/1"}],"replies":[{"embeddable":true,"href":"https:\/\/www.gizalde.eus\/es\/wp-json\/wp\/v2\/comments?post=433"}],"version-history":[{"count":8,"href":"https:\/\/www.gizalde.eus\/es\/wp-json\/wp\/v2\/pages\/433\/revisions"}],"predecessor-version":[{"id":15563,"href":"https:\/\/www.gizalde.eus\/es\/wp-json\/wp\/v2\/pages\/433\/revisions\/15563"}],"wp:attachment":[{"href":"https:\/\/www.gizalde.eus\/es\/wp-json\/wp\/v2\/media?parent=433"}],"curies":[{"name":"wp","href":"https:\/\/api.w.org\/{rel}","templated":true}]}}