{"id":393,"date":"2018-11-27T13:13:09","date_gmt":"2018-11-27T12:13:09","guid":{"rendered":"http:\/\/www.gizalde.eus\/?page_id=393"},"modified":"2018-12-17T10:49:41","modified_gmt":"2018-12-17T09:49:41","slug":"presentanos-tu-entidad","status":"publish","type":"page","link":"https:\/\/www.gizalde.eus\/es\/asociaciones-recursos\/presentanos-tu-entidad\/","title":{"rendered":"Presentanos tu entidad"},"content":{"rendered":"<p>[et_pb_section bb_built=\u00bb1&#8243; specialty=\u00bbon\u00bb _builder_version=\u00bb3.17.2&#8243; module_id=\u00bbpagina-interior\u00bb][et_pb_column type=\u00bb2_3&#8243; specialty_columns=\u00bb4&#8243;][et_pb_row_inner admin_label=\u00bbFila\u00bb][et_pb_column_inner type=\u00bb4_4&#8243; saved_specialty_column_type=\u00bb2_3&#8243;][et_pb_text admin_label=\u00bbPresentanos tu entidad\u00bb _builder_version=\u00bb3.18.4&#8243; module_class=\u00bbtitulo-azul\u00bb]<\/p>\n<h1>Presentanos tu entidad<\/h1>\n<p>[\/et_pb_text][\/et_pb_column_inner][\/et_pb_row_inner][et_pb_row_inner admin_label=\u00bbFila\u00bb][et_pb_column_inner type=\u00bb4_4&#8243; saved_specialty_column_type=\u00bb2_3&#8243;][et_pb_code _builder_version=\u00bb3.17.6&#8243;]<div role=\"form\" class=\"wpcf7\" id=\"wpcf7-f395-o1\" lang=\"es-ES\" dir=\"ltr\">\n<div class=\"screen-reader-response\"><p role=\"status\" aria-live=\"polite\" aria-atomic=\"true\"><\/p> <ul><\/ul><\/div>\n<form action=\"\/es\/wp-json\/wp\/v2\/pages\/393#wpcf7-f395-o1\" method=\"post\" class=\"wpcf7-form init\" novalidate=\"novalidate\" data-status=\"init\">\n<div style=\"display: none;\">\n<input type=\"hidden\" name=\"_wpcf7\" value=\"395\" \/>\n<input type=\"hidden\" name=\"_wpcf7_version\" value=\"5.5.4\" \/>\n<input type=\"hidden\" name=\"_wpcf7_locale\" value=\"es_ES\" \/>\n<input type=\"hidden\" name=\"_wpcf7_unit_tag\" value=\"wpcf7-f395-o1\" \/>\n<input type=\"hidden\" name=\"_wpcf7_container_post\" value=\"0\" \/>\n<input type=\"hidden\" name=\"_wpcf7_posted_data_hash\" value=\"\" \/>\n<input type=\"hidden\" name=\"_wpcf7_recaptcha_response\" value=\"\" \/>\n<\/div>\n<p><label>Asociaci\u00f3n<br \/>\n<span class=\"wpcf7-form-control-wrap text-491\"><input type=\"text\" name=\"text-491\" value=\"\" size=\"40\" class=\"wpcf7-form-control wpcf7-text\" aria-invalid=\"false\" \/><\/span><\/label><\/p>\n<p><label>Persona de contacto*<br \/>\n    <span class=\"wpcf7-form-control-wrap your-name\"><input type=\"text\" name=\"your-name\" value=\"\" size=\"40\" class=\"wpcf7-form-control wpcf7-text wpcf7-validates-as-required\" aria-required=\"true\" aria-invalid=\"false\" \/><\/span><\/label><\/p>\n<p><label>Email*<br \/>\n    <span class=\"wpcf7-form-control-wrap your-email\"><input type=\"email\" name=\"your-email\" value=\"\" size=\"40\" class=\"wpcf7-form-control wpcf7-text wpcf7-email wpcf7-validates-as-required wpcf7-validates-as-email\" aria-required=\"true\" aria-invalid=\"false\" \/><\/span><\/label><\/p>\n<p><label>Tel\u00e9fono<br \/>\n<span class=\"wpcf7-form-control-wrap tel-826\"><input type=\"tel\" name=\"tel-826\" value=\"\" size=\"40\" class=\"wpcf7-form-control wpcf7-text wpcf7-tel wpcf7-validates-as-tel\" aria-invalid=\"false\" \/><\/span><\/label><\/p>\n<p><label>Describe tu Asociaci\u00f3n*<br \/>\n    <span class=\"wpcf7-form-control-wrap your-message\"><textarea name=\"your-message\" cols=\"40\" rows=\"10\" class=\"wpcf7-form-control wpcf7-textarea wpcf7-validates-as-required\" aria-required=\"true\" aria-invalid=\"false\"><\/textarea><\/span><\/label><\/p>\n<p><label><span class=\"wpcf7-form-control-wrap checkbox-776\"><span class=\"wpcf7-form-control wpcf7-checkbox wpcf7-validates-as-required\"><span class=\"wpcf7-list-item first last\"><input type=\"checkbox\" name=\"checkbox-776[]\" value=\"Los datos de car\u00e1cter personal facilitados ser\u00e1n incorporados a las actividades de tratamiento responsabilidad de Gizalde en base al inter\u00e9s leg\u00edtimo de atender la comunicaci\u00f3n que nos dirige. Usted podr\u00e1 ejercitar sus derechos de acceso, rectificaci\u00f3n, limitaci\u00f3n de tratamiento, supresi\u00f3n, portabilidad y oposici\u00f3n y revocar su consentimiento, dirigi\u00e9ndose a gizalde@gizalde.eus. Para m\u00e1s informaci\u00f3n consulte nuestra Pol\u00edtica de Privacidad.\" \/><span class=\"wpcf7-list-item-label\">Los datos de car\u00e1cter personal facilitados ser\u00e1n incorporados a las actividades de tratamiento responsabilidad de Gizalde en base al inter\u00e9s leg\u00edtimo de atender la comunicaci\u00f3n que nos dirige. Usted podr\u00e1 ejercitar sus derechos de acceso, rectificaci\u00f3n, limitaci\u00f3n de tratamiento, supresi\u00f3n, portabilidad y oposici\u00f3n y revocar su consentimiento, dirigi\u00e9ndose a gizalde@gizalde.eus. Para m\u00e1s informaci\u00f3n consulte nuestra Pol\u00edtica de Privacidad.<\/span><\/span><\/span><\/span><\/label><\/p>\n<p><small>* Campos requeridos<\/small><\/p>\n<span class=\"wpcf7-form-control-wrap recaptcha\"><span data-sitekey=\"6LcPM4gUAAAAAMwVyF6Ex6XoaMSD-hpOnLlKdu5y\" class=\"wpcf7-form-control g-recaptcha wpcf7-recaptcha\"><\/span>\r\n<noscript>\r\n\t<div class=\"grecaptcha-noscript\">\r\n\t\t<iframe loading=\"lazy\" src=\"https:\/\/www.google.com\/recaptcha\/api\/fallback?k=6LcPM4gUAAAAAMwVyF6Ex6XoaMSD-hpOnLlKdu5y\" frameborder=\"0\" scrolling=\"no\" width=\"310\" height=\"430\">\r\n\t\t<\/iframe>\r\n\t\t<textarea name=\"g-recaptcha-response\" rows=\"3\" cols=\"40\" placeholder=\"Aqu\u00ed la respuesta de reCAPTCHA\">\r\n\t\t<\/textarea>\r\n\t<\/div>\r\n<\/noscript>\r\n<\/span>\n<p><input type=\"submit\" value=\"Enviar\" class=\"wpcf7-form-control has-spinner wpcf7-submit\" \/><\/p>\n<div class=\"wpcf7-response-output\" aria-hidden=\"true\"><\/div><\/form><\/div>[\/et_pb_code][\/et_pb_column_inner][\/et_pb_row_inner][\/et_pb_column][et_pb_column type=\u00bb1_3&#8243;][et_pb_text admin_label=\u00bbOtros enlaces interesantes\u00bb _builder_version=\u00bb3.17.2&#8243; custom_margin=\u00bb||0px|\u00bb custom_padding=\u00bb||0px|\u00bb]<\/p>\n<h4>Otros enlaces interesantes<\/h4>\n<p>[\/et_pb_text][et_pb_text admin_label=\u00bbPHP recursos-lista\u00bb _builder_version=\u00bb3.17.6&#8243; module_class=\u00bblista-custom text-deco-no\u00bb saved_tabs=\u00bball\u00bb]<\/p>\n<p>\n[insert_php] get_template_part( &#8216;\/includes\/recursos-lista&#8217; ); [\/insert_php]<\/p>\n<p>[\/et_pb_text][\/et_pb_column][\/et_pb_section]<\/p>\n","protected":false},"excerpt":{"rendered":"<p>Presentanos tu entidad <div role=\"form\" class=\"wpcf7\" id=\"wpcf7-f395-o2\" lang=\"es-ES\" dir=\"ltr\">\n<div class=\"screen-reader-response\"><p role=\"status\" aria-live=\"polite\" aria-atomic=\"true\"><\/p> <ul><\/ul><\/div>\n<form action=\"\/es\/wp-json\/wp\/v2\/pages\/393#wpcf7-f395-o2\" method=\"post\" class=\"wpcf7-form init\" novalidate=\"novalidate\" data-status=\"init\">\n<div style=\"display: none;\">\n<input type=\"hidden\" name=\"_wpcf7\" value=\"395\" \/>\n<input type=\"hidden\" name=\"_wpcf7_version\" value=\"5.5.4\" \/>\n<input type=\"hidden\" name=\"_wpcf7_locale\" value=\"es_ES\" \/>\n<input type=\"hidden\" name=\"_wpcf7_unit_tag\" value=\"wpcf7-f395-o2\" \/>\n<input type=\"hidden\" name=\"_wpcf7_container_post\" value=\"0\" \/>\n<input type=\"hidden\" name=\"_wpcf7_posted_data_hash\" value=\"\" \/>\n<input type=\"hidden\" name=\"_wpcf7_recaptcha_response\" value=\"\" \/>\n<\/div>\n<p><label>Asociaci\u00f3n<br \/>\n<span class=\"wpcf7-form-control-wrap text-491\"><input type=\"text\" name=\"text-491\" value=\"\" size=\"40\" class=\"wpcf7-form-control wpcf7-text\" aria-invalid=\"false\" \/><\/span><\/label><\/p>\n<p><label>Persona de contacto*<br \/>\n    <span class=\"wpcf7-form-control-wrap your-name\"><input type=\"text\" name=\"your-name\" value=\"\" size=\"40\" class=\"wpcf7-form-control wpcf7-text wpcf7-validates-as-required\" aria-required=\"true\" aria-invalid=\"false\" \/><\/span><\/label><\/p>\n<p><label>Email*<br \/>\n    <span class=\"wpcf7-form-control-wrap your-email\"><input type=\"email\" name=\"your-email\" value=\"\" size=\"40\" class=\"wpcf7-form-control wpcf7-text wpcf7-email wpcf7-validates-as-required wpcf7-validates-as-email\" aria-required=\"true\" aria-invalid=\"false\" \/><\/span><\/label><\/p>\n<p><label>Tel\u00e9fono<br \/>\n<span class=\"wpcf7-form-control-wrap tel-826\"><input type=\"tel\" name=\"tel-826\" value=\"\" size=\"40\" class=\"wpcf7-form-control wpcf7-text wpcf7-tel wpcf7-validates-as-tel\" aria-invalid=\"false\" \/><\/span><\/label><\/p>\n<p><label>Describe tu Asociaci\u00f3n*<br \/>\n    <span class=\"wpcf7-form-control-wrap your-message\"><textarea name=\"your-message\" cols=\"40\" rows=\"10\" class=\"wpcf7-form-control wpcf7-textarea wpcf7-validates-as-required\" aria-required=\"true\" aria-invalid=\"false\"><\/textarea><\/span><\/label><\/p>\n<p><label><span class=\"wpcf7-form-control-wrap checkbox-776\"><span class=\"wpcf7-form-control wpcf7-checkbox wpcf7-validates-as-required\"><span class=\"wpcf7-list-item first last\"><input type=\"checkbox\" name=\"checkbox-776[]\" value=\"Los datos de car\u00e1cter personal facilitados ser\u00e1n incorporados a las actividades de tratamiento responsabilidad de Gizalde en base al inter\u00e9s leg\u00edtimo de atender la comunicaci\u00f3n que nos dirige. Usted podr\u00e1 ejercitar sus derechos de acceso, rectificaci\u00f3n, limitaci\u00f3n de tratamiento, supresi\u00f3n, portabilidad y oposici\u00f3n y revocar su consentimiento, dirigi\u00e9ndose a gizalde@gizalde.eus. Para m\u00e1s informaci\u00f3n consulte nuestra Pol\u00edtica de Privacidad.\" \/><span class=\"wpcf7-list-item-label\">Los datos de car\u00e1cter personal facilitados ser\u00e1n incorporados a las actividades de tratamiento responsabilidad de Gizalde en base al inter\u00e9s leg\u00edtimo de atender la comunicaci\u00f3n que nos dirige. Usted podr\u00e1 ejercitar sus derechos de acceso, rectificaci\u00f3n, limitaci\u00f3n de tratamiento, supresi\u00f3n, portabilidad y oposici\u00f3n y revocar su consentimiento, dirigi\u00e9ndose a gizalde@gizalde.eus. Para m\u00e1s informaci\u00f3n consulte nuestra Pol\u00edtica de Privacidad.<\/span><\/span><\/span><\/span><\/label><\/p>\n<p><small>* Campos requeridos<\/small><\/p>\n<span class=\"wpcf7-form-control-wrap recaptcha\"><span data-sitekey=\"6LcPM4gUAAAAAMwVyF6Ex6XoaMSD-hpOnLlKdu5y\" class=\"wpcf7-form-control g-recaptcha wpcf7-recaptcha\"><\/span>\r\n<noscript>\r\n\t<div class=\"grecaptcha-noscript\">\r\n\t\t<iframe loading=\"lazy\" src=\"https:\/\/www.google.com\/recaptcha\/api\/fallback?k=6LcPM4gUAAAAAMwVyF6Ex6XoaMSD-hpOnLlKdu5y\" frameborder=\"0\" scrolling=\"no\" width=\"310\" height=\"430\">\r\n\t\t<\/iframe>\r\n\t\t<textarea name=\"g-recaptcha-response\" rows=\"3\" cols=\"40\" placeholder=\"Aqu\u00ed la respuesta de reCAPTCHA\">\r\n\t\t<\/textarea>\r\n\t<\/div>\r\n<\/noscript>\r\n<\/span>\n<p><input type=\"submit\" value=\"Enviar\" class=\"wpcf7-form-control has-spinner wpcf7-submit\" \/><\/p>\n<div class=\"wpcf7-response-output\" aria-hidden=\"true\"><\/div><\/form><\/div> Otros enlaces interesantes [insert_php] get_template_part( &#8216;\/includes\/recursos-lista&#8217; ); [\/insert_php]<\/p>\n","protected":false},"author":1,"featured_media":0,"parent":17,"menu_order":0,"comment_status":"closed","ping_status":"closed","template":"","meta":{"_et_pb_use_builder":"on","_et_pb_old_content":"","_et_gb_content_width":"","footnotes":""},"class_list":["post-393","page","type-page","status-publish","hentry"],"yoast_head":"<!-- This site is optimized with the Yoast SEO plugin v18.0 - https:\/\/yoast.com\/wordpress\/plugins\/seo\/ -->\n<title>Presentanos tu entidad | Gizalde<\/title>\n<meta name=\"robots\" content=\"index, follow, max-snippet:-1, max-image-preview:large, max-video-preview:-1\" \/>\n<link rel=\"canonical\" href=\"https:\/\/www.gizalde.eus\/es\/asociaciones-recursos\/presentanos-tu-entidad\/\" \/>\n<meta property=\"og:locale\" content=\"es_ES\" \/>\n<meta property=\"og:type\" content=\"article\" \/>\n<meta property=\"og:title\" content=\"Presentanos tu entidad | Gizalde\" \/>\n<meta property=\"og:description\" content=\"Presentanos tu entidad Otros enlaces interesantes [insert_php] get_template_part( &#039;\/includes\/recursos-lista&#039; ); [\/insert_php]\" \/>\n<meta property=\"og:url\" content=\"https:\/\/www.gizalde.eus\/es\/asociaciones-recursos\/presentanos-tu-entidad\/\" \/>\n<meta property=\"og:site_name\" content=\"Gizalde\" \/>\n<meta property=\"article:modified_time\" content=\"2018-12-17T09:49:41+00:00\" \/>\n<meta name=\"twitter:card\" content=\"summary_large_image\" \/>\n<meta name=\"twitter:label1\" content=\"Tiempo de lectura\" \/>\n\t<meta name=\"twitter:data1\" content=\"1 minuto\" \/>\n<script type=\"application\/ld+json\" class=\"yoast-schema-graph\">{\"@context\":\"https:\/\/schema.org\",\"@graph\":[{\"@type\":\"WebSite\",\"@id\":\"https:\/\/www.gizalde.eus\/es\/#website\",\"url\":\"https:\/\/www.gizalde.eus\/es\/\",\"name\":\"Gizalde\",\"description\":\"Voluntariado Gipuzkoa\",\"potentialAction\":[{\"@type\":\"SearchAction\",\"target\":{\"@type\":\"EntryPoint\",\"urlTemplate\":\"https:\/\/www.gizalde.eus\/es\/?s={search_term_string}\"},\"query-input\":\"required name=search_term_string\"}],\"inLanguage\":\"es\"},{\"@type\":\"WebPage\",\"@id\":\"https:\/\/www.gizalde.eus\/es\/asociaciones-recursos\/presentanos-tu-entidad\/#webpage\",\"url\":\"https:\/\/www.gizalde.eus\/es\/asociaciones-recursos\/presentanos-tu-entidad\/\",\"name\":\"Presentanos tu entidad | Gizalde\",\"isPartOf\":{\"@id\":\"https:\/\/www.gizalde.eus\/es\/#website\"},\"datePublished\":\"2018-11-27T12:13:09+00:00\",\"dateModified\":\"2018-12-17T09:49:41+00:00\",\"breadcrumb\":{\"@id\":\"https:\/\/www.gizalde.eus\/es\/asociaciones-recursos\/presentanos-tu-entidad\/#breadcrumb\"},\"inLanguage\":\"es\",\"potentialAction\":[{\"@type\":\"ReadAction\",\"target\":[\"https:\/\/www.gizalde.eus\/es\/asociaciones-recursos\/presentanos-tu-entidad\/\"]}]},{\"@type\":\"BreadcrumbList\",\"@id\":\"https:\/\/www.gizalde.eus\/es\/asociaciones-recursos\/presentanos-tu-entidad\/#breadcrumb\",\"itemListElement\":[{\"@type\":\"ListItem\",\"position\":1,\"name\":\"Portada\",\"item\":\"https:\/\/www.gizalde.eus\/es\/\"},{\"@type\":\"ListItem\",\"position\":2,\"name\":\"Recursos\",\"item\":\"https:\/\/www.gizalde.eus\/es\/asociaciones-recursos\/\"},{\"@type\":\"ListItem\",\"position\":3,\"name\":\"Presentanos tu entidad\"}]}]}<\/script>\n<!-- \/ Yoast SEO plugin. -->","yoast_head_json":{"title":"Presentanos tu entidad | Gizalde","robots":{"index":"index","follow":"follow","max-snippet":"max-snippet:-1","max-image-preview":"max-image-preview:large","max-video-preview":"max-video-preview:-1"},"canonical":"https:\/\/www.gizalde.eus\/es\/asociaciones-recursos\/presentanos-tu-entidad\/","og_locale":"es_ES","og_type":"article","og_title":"Presentanos tu entidad | Gizalde","og_description":"Presentanos tu entidad Otros enlaces interesantes [insert_php] get_template_part( '\/includes\/recursos-lista' ); [\/insert_php]","og_url":"https:\/\/www.gizalde.eus\/es\/asociaciones-recursos\/presentanos-tu-entidad\/","og_site_name":"Gizalde","article_modified_time":"2018-12-17T09:49:41+00:00","twitter_card":"summary_large_image","twitter_misc":{"Tiempo de lectura":"1 minuto"},"schema":{"@context":"https:\/\/schema.org","@graph":[{"@type":"WebSite","@id":"https:\/\/www.gizalde.eus\/es\/#website","url":"https:\/\/www.gizalde.eus\/es\/","name":"Gizalde","description":"Voluntariado Gipuzkoa","potentialAction":[{"@type":"SearchAction","target":{"@type":"EntryPoint","urlTemplate":"https:\/\/www.gizalde.eus\/es\/?s={search_term_string}"},"query-input":"required name=search_term_string"}],"inLanguage":"es"},{"@type":"WebPage","@id":"https:\/\/www.gizalde.eus\/es\/asociaciones-recursos\/presentanos-tu-entidad\/#webpage","url":"https:\/\/www.gizalde.eus\/es\/asociaciones-recursos\/presentanos-tu-entidad\/","name":"Presentanos tu entidad | Gizalde","isPartOf":{"@id":"https:\/\/www.gizalde.eus\/es\/#website"},"datePublished":"2018-11-27T12:13:09+00:00","dateModified":"2018-12-17T09:49:41+00:00","breadcrumb":{"@id":"https:\/\/www.gizalde.eus\/es\/asociaciones-recursos\/presentanos-tu-entidad\/#breadcrumb"},"inLanguage":"es","potentialAction":[{"@type":"ReadAction","target":["https:\/\/www.gizalde.eus\/es\/asociaciones-recursos\/presentanos-tu-entidad\/"]}]},{"@type":"BreadcrumbList","@id":"https:\/\/www.gizalde.eus\/es\/asociaciones-recursos\/presentanos-tu-entidad\/#breadcrumb","itemListElement":[{"@type":"ListItem","position":1,"name":"Portada","item":"https:\/\/www.gizalde.eus\/es\/"},{"@type":"ListItem","position":2,"name":"Recursos","item":"https:\/\/www.gizalde.eus\/es\/asociaciones-recursos\/"},{"@type":"ListItem","position":3,"name":"Presentanos tu entidad"}]}]}},"_links":{"self":[{"href":"https:\/\/www.gizalde.eus\/es\/wp-json\/wp\/v2\/pages\/393","targetHints":{"allow":["GET"]}}],"collection":[{"href":"https:\/\/www.gizalde.eus\/es\/wp-json\/wp\/v2\/pages"}],"about":[{"href":"https:\/\/www.gizalde.eus\/es\/wp-json\/wp\/v2\/types\/page"}],"author":[{"embeddable":true,"href":"https:\/\/www.gizalde.eus\/es\/wp-json\/wp\/v2\/users\/1"}],"replies":[{"embeddable":true,"href":"https:\/\/www.gizalde.eus\/es\/wp-json\/wp\/v2\/comments?post=393"}],"version-history":[{"count":4,"href":"https:\/\/www.gizalde.eus\/es\/wp-json\/wp\/v2\/pages\/393\/revisions"}],"predecessor-version":[{"id":542,"href":"https:\/\/www.gizalde.eus\/es\/wp-json\/wp\/v2\/pages\/393\/revisions\/542"}],"up":[{"embeddable":true,"href":"https:\/\/www.gizalde.eus\/es\/wp-json\/wp\/v2\/pages\/17"}],"wp:attachment":[{"href":"https:\/\/www.gizalde.eus\/es\/wp-json\/wp\/v2\/media?parent=393"}],"curies":[{"name":"wp","href":"https:\/\/api.w.org\/{rel}","templated":true}]}}