{"id":360,"date":"2018-11-27T09:34:09","date_gmt":"2018-11-27T08:34:09","guid":{"rendered":"http:\/\/www.gizalde.eus\/?page_id=360"},"modified":"2023-06-21T13:48:35","modified_gmt":"2023-06-21T12:48:35","slug":"servicio-de-prestamo-de-material","status":"publish","type":"page","link":"https:\/\/www.gizalde.eus\/es\/asociaciones-recursos\/servicio-de-prestamo-de-material\/","title":{"rendered":"Servicio de pr\u00e9stamo de material"},"content":{"rendered":"<p>[et_pb_section fb_built=\u00bb1&#8243; specialty=\u00bbon\u00bb module_id=\u00bbpagina-interior\u00bb _builder_version=\u00bb4.16&#8243; global_colors_info=\u00bb{}\u00bb][et_pb_column type=\u00bb2_3&#8243; specialty_columns=\u00bb4&#8243; _builder_version=\u00bb4.16&#8243; custom_padding=\u00bb|||\u00bb global_colors_info=\u00bb{}\u00bb custom_padding__hover=\u00bb|||\u00bb][et_pb_row_inner admin_label=\u00bbFila\u00bb _builder_version=\u00bb4.16&#8243; global_colors_info=\u00bb{}\u00bb][et_pb_column_inner saved_specialty_column_type=\u00bb2_3&#8243; _builder_version=\u00bb4.16&#8243; custom_padding=\u00bb|||\u00bb global_colors_info=\u00bb{}\u00bb custom_padding__hover=\u00bb|||\u00bb][et_pb_text admin_label=\u00bbServicio de pr\u00e9stamo de material\u00bb module_class=\u00bbtitulo-azul\u00bb _builder_version=\u00bb4.16&#8243; global_colors_info=\u00bb{}\u00bb]<\/p>\n<h1>Servicio de pr\u00e9stamo de material<\/h1>\n<p>[\/et_pb_text][et_pb_text _builder_version=\u00bb4.16&#8243; global_colors_info=\u00bb{}\u00bb]<\/p>\n<p>Servicio que ofrece a las asociaciones sin \u00e1nimo de lucro la posibilidad de coger prestado material (material audiovisual, mesas, sillas, carpas, de intendencia, etc.) para poder llevar a cabo las actividades en las que se requiera el mismo. Basta con solicitar la reserva, completar la ficha de solicitud y depositar una fianza.<\/p>\n<p>Es necesario completar el formulario de solicitud , aunque previamente se deba consultar si el material que se quiere utilizar est\u00e1 disponible o no.<\/p>\n<p>[\/et_pb_text][et_pb_image src=\u00bbhttp:\/\/www.gizalde.eus\/wp-content\/uploads\/2020\/06\/Material-mailegu-zerbitzua-kartela-2020.jpg\u00bb title_text=\u00bbMaterial mailegu zerbitzua kartela 2020&#8243; _builder_version=\u00bb4.16&#8243; global_colors_info=\u00bb{}\u00bb][\/et_pb_image][\/et_pb_column_inner][\/et_pb_row_inner][et_pb_row_inner admin_label=\u00bbFila\u00bb _builder_version=\u00bb4.16&#8243; global_colors_info=\u00bb{}\u00bb][et_pb_column_inner saved_specialty_column_type=\u00bb2_3&#8243; _builder_version=\u00bb4.16&#8243; custom_padding=\u00bb|||\u00bb global_colors_info=\u00bb{}\u00bb custom_padding__hover=\u00bb|||\u00bb][et_pb_button button_url=\u00bbhttps:\/\/docs.google.com\/document\/d\/1mkYQ2hXx2QbaaSS9jE2hDg15tgjL3G1Ym8ybh2lcMno\/edit?usp=sharing\u00bb url_new_window=\u00bbon\u00bb button_text=\u00bbNormativa\u00bb module_class=\u00bbbtn\u00bb _builder_version=\u00bb4.16&#8243; custom_margin=\u00bb||50px|\u00bb saved_tabs=\u00bball\u00bb global_colors_info=\u00bb{}\u00bb][\/et_pb_button][et_pb_button button_url=\u00bbhttps:\/\/sites.google.com\/gizalde.eus\/materialzerrenda\/haserako-orria-p%C3%A1gina-inicio\u00bb url_new_window=\u00bbon\u00bb button_text=\u00bbListado de material\u00bb module_class=\u00bbbtn\u00bb _builder_version=\u00bb4.19.5&#8243; custom_margin=\u00bb||50px|\u00bb hover_enabled=\u00bb0&#8243; saved_tabs=\u00bball\u00bb global_colors_info=\u00bb{}\u00bb sticky_enabled=\u00bb0&#8243;][\/et_pb_button][et_pb_button button_url=\u00bb\/es\/asociaciones-recursos\/servicio-de-prestamo-de-material\/formulario-de-solicitud\/\u00bb url_new_window=\u00bbon\u00bb button_text=\u00bbFormulario de solicitud\u00bb module_class=\u00bbbtn\u00bb _builder_version=\u00bb4.16&#8243; custom_margin=\u00bb||50px|\u00bb saved_tabs=\u00bball\u00bb global_colors_info=\u00bb{}\u00bb][\/et_pb_button][\/et_pb_column_inner][\/et_pb_row_inner][\/et_pb_column][et_pb_column type=\u00bb1_3&#8243; _builder_version=\u00bb4.16&#8243; custom_padding=\u00bb|||\u00bb global_colors_info=\u00bb{}\u00bb custom_padding__hover=\u00bb|||\u00bb][et_pb_text admin_label=\u00bbOtros enlaces interesantes\u00bb _builder_version=\u00bb4.16&#8243; custom_margin=\u00bb||0px|\u00bb custom_padding=\u00bb||0px|\u00bb global_colors_info=\u00bb{}\u00bb]<\/p>\n<h4>Otros enlaces interesantes<\/h4>\n<p>[\/et_pb_text][et_pb_text admin_label=\u00bbPHP recursos-lista\u00bb module_class=\u00bblista-custom text-deco-no\u00bb _builder_version=\u00bb4.16&#8243; saved_tabs=\u00bball\u00bb global_colors_info=\u00bb{}\u00bb]<\/p>\n<a href=\"\/es\/asociaciones-gestion-del-voluntariado\/\">GESTI\u00d3N DEL VOLUNTARIADO<\/a>\r\n<ul>\r\n    <li><a href=\"\/es\/asociaciones-gestion-del-voluntariado\/voluntariado-en-las-asociaciones\/\">Voluntariado en las asociaciones<\/a>\r\n    <\/li><li>Ser una entidad de voluntariado\r\n        <ul>\r\n            <li><a href=\"\/es\/asociaciones-gestion-del-voluntariado\/estatuto-interno-del-voluntariado\/\">Estatuto interno del voluntariado<\/a><\/li>\r\n            <li><a href=\"\/es\/asociaciones-gestion-del-voluntariado\/seguros\/\">Seguros<\/a><\/li>\r\n            <li><a href=\"\/es\/asociaciones-gestion-del-voluntariado\/censo-general-de-organizaciones-de-voluntariado\/\">Censo General de organizaciones de voluntariado<\/a><\/li>\r\n            <li><a href=\"\/es\/asociaciones-gestion-del-voluntariado\/consejo-vasco-de-voluntariado\/\">Consejo Vasco de voluntariado<\/a><\/li>\r\n            <li><a href=\"\/es\/asociaciones-gestion-del-voluntariado\/marco-legal\/\">Marco legal<\/a><\/li>\r\n        <\/ul>\r\n    <\/li>\r\n    <li><a href=\"\/es\/asociaciones-gestion-del-voluntariado\/necesitamos-voluntarios-as\/\">Necesitamos voluntarios\/as<\/a><\/li>\r\n<\/ul>\n<p>[\/et_pb_text][\/et_pb_column][\/et_pb_section]<\/p>\n","protected":false},"excerpt":{"rendered":"<p>Servicio de pr\u00e9stamo de material Servicio que ofrece a las asociaciones sin \u00e1nimo de lucro la posibilidad de coger prestado material (material audiovisual, mesas, sillas, carpas, de intendencia, etc.) para poder llevar a cabo las actividades en las que se requiera el mismo. Basta con solicitar la reserva, completar la ficha de solicitud y depositar [&hellip;]<\/p>\n","protected":false},"author":1,"featured_media":0,"parent":17,"menu_order":0,"comment_status":"closed","ping_status":"closed","template":"","meta":{"_et_pb_use_builder":"on","_et_pb_old_content":"","_et_gb_content_width":"","footnotes":""},"class_list":["post-360","page","type-page","status-publish","hentry"],"yoast_head":"<!-- This site is optimized with the Yoast SEO plugin v18.0 - https:\/\/yoast.com\/wordpress\/plugins\/seo\/ -->\n<title>Servicio de pr\u00e9stamo de material | Gizalde<\/title>\n<meta name=\"robots\" content=\"index, follow, max-snippet:-1, max-image-preview:large, max-video-preview:-1\" \/>\n<link rel=\"canonical\" href=\"https:\/\/www.gizalde.eus\/es\/asociaciones-recursos\/servicio-de-prestamo-de-material\/\" \/>\n<meta property=\"og:locale\" content=\"es_ES\" \/>\n<meta property=\"og:type\" content=\"article\" \/>\n<meta property=\"og:title\" content=\"Servicio de pr\u00e9stamo de material | Gizalde\" \/>\n<meta property=\"og:description\" content=\"Servicio de pr\u00e9stamo de material Servicio que ofrece a las asociaciones sin \u00e1nimo de lucro la posibilidad de coger prestado material (material audiovisual, mesas, sillas, carpas, de intendencia, etc.) para poder llevar a cabo las actividades en las que se requiera el mismo. Basta con solicitar la reserva, completar la ficha de solicitud y depositar [&hellip;]\" \/>\n<meta property=\"og:url\" content=\"https:\/\/www.gizalde.eus\/es\/asociaciones-recursos\/servicio-de-prestamo-de-material\/\" \/>\n<meta property=\"og:site_name\" content=\"Gizalde\" \/>\n<meta property=\"article:modified_time\" content=\"2023-06-21T12:48:35+00:00\" \/>\n<meta name=\"twitter:card\" content=\"summary_large_image\" \/>\n<meta name=\"twitter:label1\" content=\"Tiempo de lectura\" \/>\n\t<meta name=\"twitter:data1\" content=\"2 minutos\" \/>\n<script type=\"application\/ld+json\" class=\"yoast-schema-graph\">{\"@context\":\"https:\/\/schema.org\",\"@graph\":[{\"@type\":\"WebSite\",\"@id\":\"https:\/\/www.gizalde.eus\/es\/#website\",\"url\":\"https:\/\/www.gizalde.eus\/es\/\",\"name\":\"Gizalde\",\"description\":\"Voluntariado Gipuzkoa\",\"potentialAction\":[{\"@type\":\"SearchAction\",\"target\":{\"@type\":\"EntryPoint\",\"urlTemplate\":\"https:\/\/www.gizalde.eus\/es\/?s={search_term_string}\"},\"query-input\":\"required name=search_term_string\"}],\"inLanguage\":\"es\"},{\"@type\":\"WebPage\",\"@id\":\"https:\/\/www.gizalde.eus\/es\/asociaciones-recursos\/servicio-de-prestamo-de-material\/#webpage\",\"url\":\"https:\/\/www.gizalde.eus\/es\/asociaciones-recursos\/servicio-de-prestamo-de-material\/\",\"name\":\"Servicio de pr\u00e9stamo de material | Gizalde\",\"isPartOf\":{\"@id\":\"https:\/\/www.gizalde.eus\/es\/#website\"},\"datePublished\":\"2018-11-27T08:34:09+00:00\",\"dateModified\":\"2023-06-21T12:48:35+00:00\",\"breadcrumb\":{\"@id\":\"https:\/\/www.gizalde.eus\/es\/asociaciones-recursos\/servicio-de-prestamo-de-material\/#breadcrumb\"},\"inLanguage\":\"es\",\"potentialAction\":[{\"@type\":\"ReadAction\",\"target\":[\"https:\/\/www.gizalde.eus\/es\/asociaciones-recursos\/servicio-de-prestamo-de-material\/\"]}]},{\"@type\":\"BreadcrumbList\",\"@id\":\"https:\/\/www.gizalde.eus\/es\/asociaciones-recursos\/servicio-de-prestamo-de-material\/#breadcrumb\",\"itemListElement\":[{\"@type\":\"ListItem\",\"position\":1,\"name\":\"Portada\",\"item\":\"https:\/\/www.gizalde.eus\/es\/\"},{\"@type\":\"ListItem\",\"position\":2,\"name\":\"Recursos\",\"item\":\"https:\/\/www.gizalde.eus\/es\/asociaciones-recursos\/\"},{\"@type\":\"ListItem\",\"position\":3,\"name\":\"Servicio de pr\u00e9stamo de material\"}]}]}<\/script>\n<!-- \/ Yoast SEO plugin. -->","yoast_head_json":{"title":"Servicio de pr\u00e9stamo de material | Gizalde","robots":{"index":"index","follow":"follow","max-snippet":"max-snippet:-1","max-image-preview":"max-image-preview:large","max-video-preview":"max-video-preview:-1"},"canonical":"https:\/\/www.gizalde.eus\/es\/asociaciones-recursos\/servicio-de-prestamo-de-material\/","og_locale":"es_ES","og_type":"article","og_title":"Servicio de pr\u00e9stamo de material | Gizalde","og_description":"Servicio de pr\u00e9stamo de material Servicio que ofrece a las asociaciones sin \u00e1nimo de lucro la posibilidad de coger prestado material (material audiovisual, mesas, sillas, carpas, de intendencia, etc.) para poder llevar a cabo las actividades en las que se requiera el mismo. Basta con solicitar la reserva, completar la ficha de solicitud y depositar [&hellip;]","og_url":"https:\/\/www.gizalde.eus\/es\/asociaciones-recursos\/servicio-de-prestamo-de-material\/","og_site_name":"Gizalde","article_modified_time":"2023-06-21T12:48:35+00:00","twitter_card":"summary_large_image","twitter_misc":{"Tiempo de lectura":"2 minutos"},"schema":{"@context":"https:\/\/schema.org","@graph":[{"@type":"WebSite","@id":"https:\/\/www.gizalde.eus\/es\/#website","url":"https:\/\/www.gizalde.eus\/es\/","name":"Gizalde","description":"Voluntariado Gipuzkoa","potentialAction":[{"@type":"SearchAction","target":{"@type":"EntryPoint","urlTemplate":"https:\/\/www.gizalde.eus\/es\/?s={search_term_string}"},"query-input":"required name=search_term_string"}],"inLanguage":"es"},{"@type":"WebPage","@id":"https:\/\/www.gizalde.eus\/es\/asociaciones-recursos\/servicio-de-prestamo-de-material\/#webpage","url":"https:\/\/www.gizalde.eus\/es\/asociaciones-recursos\/servicio-de-prestamo-de-material\/","name":"Servicio de pr\u00e9stamo de material | Gizalde","isPartOf":{"@id":"https:\/\/www.gizalde.eus\/es\/#website"},"datePublished":"2018-11-27T08:34:09+00:00","dateModified":"2023-06-21T12:48:35+00:00","breadcrumb":{"@id":"https:\/\/www.gizalde.eus\/es\/asociaciones-recursos\/servicio-de-prestamo-de-material\/#breadcrumb"},"inLanguage":"es","potentialAction":[{"@type":"ReadAction","target":["https:\/\/www.gizalde.eus\/es\/asociaciones-recursos\/servicio-de-prestamo-de-material\/"]}]},{"@type":"BreadcrumbList","@id":"https:\/\/www.gizalde.eus\/es\/asociaciones-recursos\/servicio-de-prestamo-de-material\/#breadcrumb","itemListElement":[{"@type":"ListItem","position":1,"name":"Portada","item":"https:\/\/www.gizalde.eus\/es\/"},{"@type":"ListItem","position":2,"name":"Recursos","item":"https:\/\/www.gizalde.eus\/es\/asociaciones-recursos\/"},{"@type":"ListItem","position":3,"name":"Servicio de pr\u00e9stamo de material"}]}]}},"_links":{"self":[{"href":"https:\/\/www.gizalde.eus\/es\/wp-json\/wp\/v2\/pages\/360","targetHints":{"allow":["GET"]}}],"collection":[{"href":"https:\/\/www.gizalde.eus\/es\/wp-json\/wp\/v2\/pages"}],"about":[{"href":"https:\/\/www.gizalde.eus\/es\/wp-json\/wp\/v2\/types\/page"}],"author":[{"embeddable":true,"href":"https:\/\/www.gizalde.eus\/es\/wp-json\/wp\/v2\/users\/1"}],"replies":[{"embeddable":true,"href":"https:\/\/www.gizalde.eus\/es\/wp-json\/wp\/v2\/comments?post=360"}],"version-history":[{"count":12,"href":"https:\/\/www.gizalde.eus\/es\/wp-json\/wp\/v2\/pages\/360\/revisions"}],"predecessor-version":[{"id":10155,"href":"https:\/\/www.gizalde.eus\/es\/wp-json\/wp\/v2\/pages\/360\/revisions\/10155"}],"up":[{"embeddable":true,"href":"https:\/\/www.gizalde.eus\/es\/wp-json\/wp\/v2\/pages\/17"}],"wp:attachment":[{"href":"https:\/\/www.gizalde.eus\/es\/wp-json\/wp\/v2\/media?parent=360"}],"curies":[{"name":"wp","href":"https:\/\/api.w.org\/{rel}","templated":true}]}}