{"id":317,"date":"2018-11-15T13:02:44","date_gmt":"2018-11-15T12:02:44","guid":{"rendered":"http:\/\/www.gizalde.eus\/?page_id=317"},"modified":"2024-02-14T10:30:55","modified_gmt":"2024-02-14T09:30:55","slug":"censo-general-de-organizaciones-de-voluntariado","status":"publish","type":"page","link":"https:\/\/www.gizalde.eus\/es\/asociaciones-gestion-del-voluntariado\/censo-general-de-organizaciones-de-voluntariado\/","title":{"rendered":"Censo General de organizaciones de voluntariado"},"content":{"rendered":"<p>[et_pb_section fb_built=\u00bb1&#8243; specialty=\u00bbon\u00bb module_id=\u00bbpagina-interior\u00bb _builder_version=\u00bb4.16&#8243; global_colors_info=\u00bb{}\u00bb][et_pb_column type=\u00bb2_3&#8243; specialty_columns=\u00bb4&#8243; _builder_version=\u00bb4.16&#8243; custom_padding=\u00bb|||\u00bb global_colors_info=\u00bb{}\u00bb custom_padding__hover=\u00bb|||\u00bb][et_pb_row_inner admin_label=\u00bbFila\u00bb _builder_version=\u00bb4.16&#8243; global_colors_info=\u00bb{}\u00bb][et_pb_column_inner saved_specialty_column_type=\u00bb2_3&#8243; _builder_version=\u00bb4.16&#8243; custom_padding=\u00bb|||\u00bb global_colors_info=\u00bb{}\u00bb custom_padding__hover=\u00bb|||\u00bb][et_pb_text admin_label=\u00bbCenso General de Organizaciones de Voluntariado\u00bb module_class=\u00bbtitulo-azul\u00bb _builder_version=\u00bb4.16&#8243; hover_enabled=\u00bb0&#8243; global_colors_info=\u00bb{}\u00bb sticky_enabled=\u00bb0&#8243;]<\/p>\n<h1>Censo General de Organizaciones de Voluntariado<\/h1>\n<p>[\/et_pb_text][et_pb_text module_class=\u00bbtitulo-azul lista-custom\u00bb _builder_version=\u00bb4.19.5&#8243; hover_enabled=\u00bb0&#8243; global_colors_info=\u00bb{}\u00bb sticky_enabled=\u00bb0&#8243;]<\/p>\n<h2 class=\"r01-h2\">Descripci\u00f3n<\/h2>\n<p>En el Censo General de Organizaciones del Voluntariado se pueden inscribir adem\u00e1s de las denominadas organizaciones de voluntariado (aquellas que, seg\u00fan el art. 8.2 de la Ley 17\/1998, est\u00e1n integradas mayoritariamente por personas voluntarias y que desarrollan la mayor\u00eda de sus programas o proyectos de acci\u00f3n fundamentalmente a trav\u00e9s de las mismas), las organizaciones que, sin tener tal consideraci\u00f3n, cuentan entre sus diferentes actividades con programas participados por personas voluntarias.<\/p>\n<p>Para poder censarse, las entidades deber\u00e1n:<\/p>\n<p>-Estar legalmente constituidas y dotadas de personalidad jur\u00eddica propia.<br \/>-Carecer de \u00e1nimo de lucro.<br \/>-Estar debidamente registradas en los correspondientes registros de fundaciones y asociaciones de competencia de la Comunidad Aut\u00f3noma del Pa\u00eds Vasco.<\/p>\n<h2 class=\"r01-h2\">A qui\u00e9n va dirigido<\/h2>\n<p>A las organizaciones de voluntariado, es decir, aquellas que seg\u00fan el art. 8.2 de la Ley 17\/1998, est\u00e1n integradas mayoritariamente por voluntarios\/as y desarrollan la mayor\u00eda de sus programas o proyectos de acci\u00f3n a trav\u00e9s de los mismos; y las organizaciones que, sin tener tal consideraci\u00f3n, cuentan entre sus diferentes actividades con programas participados por voluntarias.<\/p>\n<p>Tales organizaciones estar\u00e1n debidamente registradas en los correspondientes registros de asociaciones y fundaciones de competencia de la CAPV o, en su caso, por raz\u00f3n de su constituci\u00f3n y sede o domicilio social figurar\u00e1n inscritas en registros similares.<\/p>\n<h2 class=\"r01-h2\">Inscripci\u00f3n en el Censo del Voluntariado<\/h2>\n<div class=\"r01-editor\">\n<p>Documentaci\u00f3n que se presentar\u00e1 junto a la solicitud:<\/p>\n<ul>\n<li>Solicitud de inscripci\u00f3n en el Censo firmada por el presidente\/a de la organizaci\u00f3n (o persona acreditada como representante legal).<\/li>\n<\/ul>\n<ul>\n<li>Acreditaci\u00f3n de la representaci\u00f3n legal de la persona solicitante (documento que identifique a la persona solicitante como presidente\/a o representante legal de la organizaci\u00f3n).<\/li>\n<\/ul>\n<ul>\n<li>Documento que acredite la inscripci\u00f3n de la organizaci\u00f3n solicitante en el registro correspondiente.<\/li>\n<\/ul>\n<ul>\n<li>Copia del Estatuto interno del voluntariado en la organizaci\u00f3n, en el que aparezcan como m\u00ednimo los siguientes aspectos:<br \/>-Criterios de admisi\u00f3n.<br \/>-Criterios de exclusi\u00f3n.<br \/>-Derechos de los voluntarios.<br \/>-Deberes de las personas voluntarias (Ver Anexo II).<\/li>\n<\/ul>\n<ul>\n<li>P\u00f3liza\/s de seguros que cubra\/n dos tipos de riesgos diferentes:<br \/>-Da\u00f1os y perjuicios &#8211; Responsabilidad civil (&gt;= 300.506,05 \u20ac)<br \/>-Asistencia sanitaria, muerte e invalidez por accidentes sufridos por las personas voluntarias.<\/li>\n<\/ul>\n<p>Importante: Se deber\u00e1 aportar, adem\u00e1s de las p\u00f3lizas:<\/p>\n<p>-Copia de los recibos de anualidad en curso de ambas p\u00f3lizas.<br \/>-Relaci\u00f3n (listado) de asegurados cubiertos por las p\u00f3lizas.<\/p>\n<ul>\n<li>Copia de los estatutos de la entidad.<\/li>\n<\/ul>\n<ul>\n<li>Certificaci\u00f3n que acredite la carencia de delitos de naturaleza sexual de quienes trabajan\/colaboran en proyectos en los que se produzca contacto habitual con personas menores de edad (en caso de que los haya).<\/li>\n<\/ul>\n<p>En virtud del cumplimiento de la Ley Org\u00e1nica 1\/1996, de Protecci\u00f3n Jur\u00eddica del Menor, modificada por la Ley 26\/2015 y la Ley 45\/2015, de voluntariado, es necesario que todas las personas profesionales y\/o voluntarias que trabajan en contacto habitual con menores aporten en las entidades para las que trabajan\/en las que colaboran un certificado expedido por el Registro Central de Delincuentes Sexuales que acredite la carencia de delitos de naturaleza sexual. Por ese motivo, toda entidad que desee inscribirse en el Censo adjuntar\u00e1 a los documentos anteriormente referidos una declaraci\u00f3n firmada por el Presidente\/a o representante legal que indique que la entidad cuenta con las certificaciones pertinentes.<\/p>\n<h2>\u00a0<\/h2>\n<h2 class=\"r01-h2\">Actualizaci\u00f3n de datos en el Censo del Voluntariado<\/h2>\n<\/div>\n<p><b><span lang=\"ES\">Documentaci\u00f3n que se presentar\u00e1 junto a la solicitud de actualizaci\u00f3n de datos:\u00a0 \u00a0 \u00a0\u00a0<\/span><\/b><\/p>\n<p>Si se han modificado alguno de los datos que se comunicaron en la solicitud de inscripci\u00f3n se aportar\u00e1 documentaci\u00f3n actualizada de los mismos.<\/p>\n<h2 class=\"r01-h2\">Cancelaci\u00f3n de la inscripci\u00f3n en el Censo del Voluntariado<\/h2>\n<p><b><span lang=\"ES\">Documentaci\u00f3n que se presentar\u00e1 junto a la solicitud de cancelaci\u00f3n de la inscripci\u00f3n:<\/span><\/b><\/p>\n<p>Certificaci\u00f3n o documento acreditativo del acuerdo de cancelaci\u00f3n de la inscripci\u00f3n.<\/p>\n<p>&nbsp;<\/p>\n<p>Toda la informaci\u00f3n sobre el Censo de Organizaciones de Voluntariado<a href=\"https:\/\/www.euskadi.eus\/registro\/censo-general-de-organizaciones-del-voluntariado\/web01-s2enple\/es\/\" target=\"_blank\" rel=\"noopener noreferrer\"> EN ESTE ENLACE.<\/a><\/p>\n<p>[\/et_pb_text][\/et_pb_column_inner][\/et_pb_row_inner][et_pb_row_inner column_structure=\u00bb1_2,1_2&#8243; admin_label=\u00bbFila\u00bb _builder_version=\u00bb4.16&#8243; global_colors_info=\u00bb{}\u00bb][et_pb_column_inner type=\u00bb1_2&#8243; saved_specialty_column_type=\u00bb2_3&#8243; _builder_version=\u00bb4.16&#8243; custom_padding=\u00bb|||\u00bb global_colors_info=\u00bb{}\u00bb custom_padding__hover=\u00bb|||\u00bb][et_pb_button button_url=\u00bbhttps:\/\/www.boe.es\/boe\/dias\/2011\/12\/31\/pdfs\/BOE-A-2011-20660.pdf\u00bb url_new_window=\u00bbon\u00bb button_text=\u00bbLey 17\/1998, de 25 de junio, del Voluntariado\u00bb admin_label=\u00bbLey 17\/1998, de 25 de junio, del Voluntariado\u00bb module_class=\u00bbbtn btn-cursos\u00bb _builder_version=\u00bb4.19.5&#8243; custom_margin=\u00bb||50px|\u00bb saved_tabs=\u00bball\u00bb global_colors_info=\u00bb{}\u00bb][\/et_pb_button][\/et_pb_column_inner][et_pb_column_inner type=\u00bb1_2&#8243; saved_specialty_column_type=\u00bb2_3&#8243; _builder_version=\u00bb4.16&#8243; custom_padding=\u00bb|||\u00bb global_colors_info=\u00bb{}\u00bb custom_padding__hover=\u00bb|||\u00bb][et_pb_button button_url=\u00bbhttps:\/\/www.euskadi.eus\/bopv2\/datos\/2000\/09\/0004212a.pdf\u00bb url_new_window=\u00bbon\u00bb button_text=\u00bbDecreto 169\/2000, de 1 de septiembre, por el que se aprueba el Reglamento de funcionamiento del Censo General de Organizaciones del Voluntariado y se regulan determinados aspectos relativos al Voluntariado\u00bb admin_label=\u00bbDecreto 169\/2000, de 1 de septiembre, por el que se aprueba el Reglamento de funcionamiento del Censo General de Organizaciones del Voluntariado y se regulan determinados aspectos relativos al Voluntariado\u00bb module_class=\u00bbbtn btn-cursos\u00bb _builder_version=\u00bb4.19.5&#8243; custom_margin=\u00bb||50px|\u00bb saved_tabs=\u00bball\u00bb global_colors_info=\u00bb{}\u00bb][\/et_pb_button][\/et_pb_column_inner][\/et_pb_row_inner][\/et_pb_column][et_pb_column type=\u00bb1_3&#8243; _builder_version=\u00bb4.16&#8243; custom_padding=\u00bb|||\u00bb global_colors_info=\u00bb{}\u00bb custom_padding__hover=\u00bb|||\u00bb][et_pb_text admin_label=\u00bbOtros enlaces interesantes\u00bb _builder_version=\u00bb4.16&#8243; global_colors_info=\u00bb{}\u00bb]<\/p>\n<h4>Otros enlaces interesantes<\/h4>\n<p>[\/et_pb_text][et_pb_text admin_label=\u00bbPHP gestion-del-voluntariado-lista\u00bb module_class=\u00bblista-custom text-deco-no\u00bb _builder_version=\u00bb4.16&#8243; saved_tabs=\u00bball\u00bb global_colors_info=\u00bb{}\u00bb]<a href=\"\/es\/asociaciones-gestion-del-voluntariado\/\">GESTI\u00d3N DEL VOLUNTARIADO<\/a>\r\n<ul>\r\n    <li><a href=\"\/es\/asociaciones-gestion-del-voluntariado\/voluntariado-en-las-asociaciones\/\">Voluntariado en las asociaciones<\/a>\r\n    <\/li><li>Ser una entidad de voluntariado\r\n        <ul>\r\n            <li><a href=\"\/es\/asociaciones-gestion-del-voluntariado\/estatuto-interno-del-voluntariado\/\">Estatuto interno del voluntariado<\/a><\/li>\r\n            <li><a href=\"\/es\/asociaciones-gestion-del-voluntariado\/seguros\/\">Seguros<\/a><\/li>\r\n            <li><a href=\"\/es\/asociaciones-gestion-del-voluntariado\/censo-general-de-organizaciones-de-voluntariado\/\">Censo General de organizaciones de voluntariado<\/a><\/li>\r\n            <li><a href=\"\/es\/asociaciones-gestion-del-voluntariado\/consejo-vasco-de-voluntariado\/\">Consejo Vasco de voluntariado<\/a><\/li>\r\n            <li><a href=\"\/es\/asociaciones-gestion-del-voluntariado\/marco-legal\/\">Marco legal<\/a><\/li>\r\n        <\/ul>\r\n    <\/li>\r\n    <li><a href=\"\/es\/asociaciones-gestion-del-voluntariado\/necesitamos-voluntarios-as\/\">Necesitamos voluntarios\/as<\/a><\/li>\r\n<\/ul>[\/et_pb_text][\/et_pb_column][\/et_pb_section]<\/p>\n","protected":false},"excerpt":{"rendered":"<p>Censo General de Organizaciones de Voluntariado Descripci\u00f3n En el Censo General de Organizaciones del Voluntariado se pueden inscribir adem\u00e1s de las denominadas organizaciones de voluntariado (aquellas que, seg\u00fan el art. 8.2 de la Ley 17\/1998, est\u00e1n integradas mayoritariamente por personas voluntarias y que desarrollan la mayor\u00eda de sus programas o proyectos de acci\u00f3n fundamentalmente a [&hellip;]<\/p>\n","protected":false},"author":1,"featured_media":0,"parent":19,"menu_order":0,"comment_status":"closed","ping_status":"closed","template":"","meta":{"_et_pb_use_builder":"on","_et_pb_old_content":"","_et_gb_content_width":"","footnotes":""},"class_list":["post-317","page","type-page","status-publish","hentry"],"yoast_head":"<!-- This site is optimized with the Yoast SEO plugin v18.0 - https:\/\/yoast.com\/wordpress\/plugins\/seo\/ -->\n<title>Censo General de organizaciones de voluntariado | Gizalde<\/title>\n<meta name=\"robots\" content=\"index, follow, max-snippet:-1, max-image-preview:large, max-video-preview:-1\" \/>\n<link rel=\"canonical\" href=\"https:\/\/www.gizalde.eus\/es\/asociaciones-gestion-del-voluntariado\/censo-general-de-organizaciones-de-voluntariado\/\" \/>\n<meta property=\"og:locale\" content=\"es_ES\" \/>\n<meta property=\"og:type\" content=\"article\" \/>\n<meta property=\"og:title\" content=\"Censo General de organizaciones de voluntariado | Gizalde\" \/>\n<meta property=\"og:description\" content=\"Censo General de Organizaciones de Voluntariado Descripci\u00f3n En el Censo General de Organizaciones del Voluntariado se pueden inscribir adem\u00e1s de las denominadas organizaciones de voluntariado (aquellas que, seg\u00fan el art. 8.2 de la Ley 17\/1998, est\u00e1n integradas mayoritariamente por personas voluntarias y que desarrollan la mayor\u00eda de sus programas o proyectos de acci\u00f3n fundamentalmente a [&hellip;]\" \/>\n<meta property=\"og:url\" content=\"https:\/\/www.gizalde.eus\/es\/asociaciones-gestion-del-voluntariado\/censo-general-de-organizaciones-de-voluntariado\/\" \/>\n<meta property=\"og:site_name\" content=\"Gizalde\" \/>\n<meta property=\"article:modified_time\" content=\"2024-02-14T09:30:55+00:00\" \/>\n<meta name=\"twitter:card\" content=\"summary_large_image\" \/>\n<meta name=\"twitter:label1\" content=\"Tiempo de lectura\" \/>\n\t<meta name=\"twitter:data1\" content=\"5 minutos\" \/>\n<script type=\"application\/ld+json\" class=\"yoast-schema-graph\">{\"@context\":\"https:\/\/schema.org\",\"@graph\":[{\"@type\":\"WebSite\",\"@id\":\"https:\/\/www.gizalde.eus\/es\/#website\",\"url\":\"https:\/\/www.gizalde.eus\/es\/\",\"name\":\"Gizalde\",\"description\":\"Voluntariado Gipuzkoa\",\"potentialAction\":[{\"@type\":\"SearchAction\",\"target\":{\"@type\":\"EntryPoint\",\"urlTemplate\":\"https:\/\/www.gizalde.eus\/es\/?s={search_term_string}\"},\"query-input\":\"required name=search_term_string\"}],\"inLanguage\":\"es\"},{\"@type\":\"WebPage\",\"@id\":\"https:\/\/www.gizalde.eus\/es\/asociaciones-gestion-del-voluntariado\/censo-general-de-organizaciones-de-voluntariado\/#webpage\",\"url\":\"https:\/\/www.gizalde.eus\/es\/asociaciones-gestion-del-voluntariado\/censo-general-de-organizaciones-de-voluntariado\/\",\"name\":\"Censo General de organizaciones de voluntariado | Gizalde\",\"isPartOf\":{\"@id\":\"https:\/\/www.gizalde.eus\/es\/#website\"},\"datePublished\":\"2018-11-15T12:02:44+00:00\",\"dateModified\":\"2024-02-14T09:30:55+00:00\",\"breadcrumb\":{\"@id\":\"https:\/\/www.gizalde.eus\/es\/asociaciones-gestion-del-voluntariado\/censo-general-de-organizaciones-de-voluntariado\/#breadcrumb\"},\"inLanguage\":\"es\",\"potentialAction\":[{\"@type\":\"ReadAction\",\"target\":[\"https:\/\/www.gizalde.eus\/es\/asociaciones-gestion-del-voluntariado\/censo-general-de-organizaciones-de-voluntariado\/\"]}]},{\"@type\":\"BreadcrumbList\",\"@id\":\"https:\/\/www.gizalde.eus\/es\/asociaciones-gestion-del-voluntariado\/censo-general-de-organizaciones-de-voluntariado\/#breadcrumb\",\"itemListElement\":[{\"@type\":\"ListItem\",\"position\":1,\"name\":\"Portada\",\"item\":\"https:\/\/www.gizalde.eus\/es\/\"},{\"@type\":\"ListItem\",\"position\":2,\"name\":\"Gesti\u00f3n del voluntariado\",\"item\":\"https:\/\/www.gizalde.eus\/es\/asociaciones-gestion-del-voluntariado\/\"},{\"@type\":\"ListItem\",\"position\":3,\"name\":\"Censo General de organizaciones de voluntariado\"}]}]}<\/script>\n<!-- \/ Yoast SEO plugin. -->","yoast_head_json":{"title":"Censo General de organizaciones de voluntariado | Gizalde","robots":{"index":"index","follow":"follow","max-snippet":"max-snippet:-1","max-image-preview":"max-image-preview:large","max-video-preview":"max-video-preview:-1"},"canonical":"https:\/\/www.gizalde.eus\/es\/asociaciones-gestion-del-voluntariado\/censo-general-de-organizaciones-de-voluntariado\/","og_locale":"es_ES","og_type":"article","og_title":"Censo General de organizaciones de voluntariado | Gizalde","og_description":"Censo General de Organizaciones de Voluntariado Descripci\u00f3n En el Censo General de Organizaciones del Voluntariado se pueden inscribir adem\u00e1s de las denominadas organizaciones de voluntariado (aquellas que, seg\u00fan el art. 8.2 de la Ley 17\/1998, est\u00e1n integradas mayoritariamente por personas voluntarias y que desarrollan la mayor\u00eda de sus programas o proyectos de acci\u00f3n fundamentalmente a [&hellip;]","og_url":"https:\/\/www.gizalde.eus\/es\/asociaciones-gestion-del-voluntariado\/censo-general-de-organizaciones-de-voluntariado\/","og_site_name":"Gizalde","article_modified_time":"2024-02-14T09:30:55+00:00","twitter_card":"summary_large_image","twitter_misc":{"Tiempo de lectura":"5 minutos"},"schema":{"@context":"https:\/\/schema.org","@graph":[{"@type":"WebSite","@id":"https:\/\/www.gizalde.eus\/es\/#website","url":"https:\/\/www.gizalde.eus\/es\/","name":"Gizalde","description":"Voluntariado Gipuzkoa","potentialAction":[{"@type":"SearchAction","target":{"@type":"EntryPoint","urlTemplate":"https:\/\/www.gizalde.eus\/es\/?s={search_term_string}"},"query-input":"required name=search_term_string"}],"inLanguage":"es"},{"@type":"WebPage","@id":"https:\/\/www.gizalde.eus\/es\/asociaciones-gestion-del-voluntariado\/censo-general-de-organizaciones-de-voluntariado\/#webpage","url":"https:\/\/www.gizalde.eus\/es\/asociaciones-gestion-del-voluntariado\/censo-general-de-organizaciones-de-voluntariado\/","name":"Censo General de organizaciones de voluntariado | Gizalde","isPartOf":{"@id":"https:\/\/www.gizalde.eus\/es\/#website"},"datePublished":"2018-11-15T12:02:44+00:00","dateModified":"2024-02-14T09:30:55+00:00","breadcrumb":{"@id":"https:\/\/www.gizalde.eus\/es\/asociaciones-gestion-del-voluntariado\/censo-general-de-organizaciones-de-voluntariado\/#breadcrumb"},"inLanguage":"es","potentialAction":[{"@type":"ReadAction","target":["https:\/\/www.gizalde.eus\/es\/asociaciones-gestion-del-voluntariado\/censo-general-de-organizaciones-de-voluntariado\/"]}]},{"@type":"BreadcrumbList","@id":"https:\/\/www.gizalde.eus\/es\/asociaciones-gestion-del-voluntariado\/censo-general-de-organizaciones-de-voluntariado\/#breadcrumb","itemListElement":[{"@type":"ListItem","position":1,"name":"Portada","item":"https:\/\/www.gizalde.eus\/es\/"},{"@type":"ListItem","position":2,"name":"Gesti\u00f3n del voluntariado","item":"https:\/\/www.gizalde.eus\/es\/asociaciones-gestion-del-voluntariado\/"},{"@type":"ListItem","position":3,"name":"Censo General de organizaciones de voluntariado"}]}]}},"_links":{"self":[{"href":"https:\/\/www.gizalde.eus\/es\/wp-json\/wp\/v2\/pages\/317","targetHints":{"allow":["GET"]}}],"collection":[{"href":"https:\/\/www.gizalde.eus\/es\/wp-json\/wp\/v2\/pages"}],"about":[{"href":"https:\/\/www.gizalde.eus\/es\/wp-json\/wp\/v2\/types\/page"}],"author":[{"embeddable":true,"href":"https:\/\/www.gizalde.eus\/es\/wp-json\/wp\/v2\/users\/1"}],"replies":[{"embeddable":true,"href":"https:\/\/www.gizalde.eus\/es\/wp-json\/wp\/v2\/comments?post=317"}],"version-history":[{"count":11,"href":"https:\/\/www.gizalde.eus\/es\/wp-json\/wp\/v2\/pages\/317\/revisions"}],"predecessor-version":[{"id":11594,"href":"https:\/\/www.gizalde.eus\/es\/wp-json\/wp\/v2\/pages\/317\/revisions\/11594"}],"up":[{"embeddable":true,"href":"https:\/\/www.gizalde.eus\/es\/wp-json\/wp\/v2\/pages\/19"}],"wp:attachment":[{"href":"https:\/\/www.gizalde.eus\/es\/wp-json\/wp\/v2\/media?parent=317"}],"curies":[{"name":"wp","href":"https:\/\/api.w.org\/{rel}","templated":true}]}}