{"id":310,"date":"2018-11-15T11:48:30","date_gmt":"2018-11-15T10:48:30","guid":{"rendered":"http:\/\/www.gizalde.eus\/?page_id=310"},"modified":"2024-04-12T12:02:21","modified_gmt":"2024-04-12T11:02:21","slug":"seguros","status":"publish","type":"page","link":"https:\/\/www.gizalde.eus\/es\/asociaciones-gestion-del-voluntariado\/seguros\/","title":{"rendered":"Seguros"},"content":{"rendered":"<p>[et_pb_section fb_built=\u00bb1&#8243; specialty=\u00bbon\u00bb module_id=\u00bbpagina-interior\u00bb _builder_version=\u00bb4.16&#8243; global_colors_info=\u00bb{}\u00bb][et_pb_column type=\u00bb2_3&#8243; specialty_columns=\u00bb4&#8243; _builder_version=\u00bb4.16&#8243; custom_padding=\u00bb|||\u00bb global_colors_info=\u00bb{}\u00bb custom_padding__hover=\u00bb|||\u00bb][et_pb_row_inner admin_label=\u00bbFila\u00bb _builder_version=\u00bb4.16&#8243; global_colors_info=\u00bb{}\u00bb][et_pb_column_inner saved_specialty_column_type=\u00bb2_3&#8243; _builder_version=\u00bb4.16&#8243; custom_padding=\u00bb|||\u00bb global_colors_info=\u00bb{}\u00bb custom_padding__hover=\u00bb|||\u00bb][et_pb_text admin_label=\u00bbSeguros\u00bb module_class=\u00bbtitulo-azul\u00bb _builder_version=\u00bb4.16&#8243; global_colors_info=\u00bb{}\u00bb]<\/p>\n<h1>Seguros<\/h1>\n<p>[\/et_pb_text][et_pb_text module_class=\u00bbtitulo-azul lista-custom\u00bb _builder_version=\u00bb4.19.5&#8243; hover_enabled=\u00bb0&#8243; global_colors_info=\u00bb{}\u00bb sticky_enabled=\u00bb0&#8243;]<\/p>\n<p>La <a href=\"https:\/\/www.gizartelan.ejgv.euskadi.eus\/r45-voleusle\/es\/contenidos\/informacion\/voluntariado_en_euskadi\/es_legisla\/adjuntos\/ley-25-junio-del-voluntariado.pdf\" target=\"_blank\" rel=\"noopener\">ley 17\/1998 del 25 de junio, del Voluntariado<\/a>, en el Cap\u00edtulo I, Art\u00edculo 6. d) y en el Cap\u00edtulo II, Art\u00edculo 8, 4.e), obliga a las asociaciones a suscribir una p\u00f3liza de seguros que garantice a los\/as voluntarios\/as la cobertura por los da\u00f1os y perjuicios que pudieran ocasionar a terceros en el ejercicio de su actividad.<\/p>\n<p>Adem\u00e1s, el <a href=\"https:\/\/www.euskadi.eus\/bopv2\/datos\/2000\/09\/0004212a.pdf\" target=\"_blank\" rel=\"noopener\">DECRETO 169\/2000, DE 1 DE SEPTIEMBRE<\/a>, por el que se aprueba el reglamento de funcionamiento del censo general de organizaciones de voluntariado y se regulan determinados aspectos relativos al voluntariado, establece en su art\u00edculo 5, lo siguiente:<\/p>\n<p>Art\u00edculo 5.\u2013 P\u00f3liza de seguros.<\/p>\n<p>En virtud de lo dispuesto en el apartado 4, letra e) del art\u00edculo 8 de la Ley 17\/1998, de 25 de junio, del Voluntariado, las organizaciones que cuenten con voluntariado, cualquiera que sea su forma jur\u00eddica, deber\u00e1n suscribir una p\u00f3liza de seguros que garantice a los voluntarios la cobertura por asistencia sanitaria, muerte e invalidez, por accidentes sufridos durante la acci\u00f3n voluntaria, as\u00ed como por los da\u00f1os y perjuicios que pudieran ocasionar a terceros en el ejercicio de su actividad.<br \/>La p\u00f3liza de responsabilidad civil suscrita para tal fin, contemplar\u00e1 un capital asegurado m\u00ednimo de 50 millones de pesetas (300.506,05 Euros).<\/p>\n<p>En la actualidad estas son las p\u00f3lizas de seguros que se ofrecen:<\/p>\n<p>&nbsp;<\/p>\n<h4><strong>ILUNION Correduria de Seguros<\/strong><\/h4>\n<p>Tel: 944102755<\/p>\n<p><a href=\"https:\/\/drive.google.com\/file\/d\/1a6TUNYVkMawl0fMx8cEXphATTOToi4Ix\/view?usp=sharing\" target=\"_blank\" rel=\"noopener noreferrer\">Caracter\u00edsticas<\/a><\/p>\n<p><a href=\"https:\/\/www.ilunionconsultoria.com\/es\/correduria-seguros\/seguros-tercer-sector\" target=\"_blank\" rel=\"noopener noreferrer\">Visita el sitio web<\/a><\/p>\n<h4>\u00a0<\/h4>\n<h4><strong>Fundaci\u00f3n Pere Tarres<\/strong><\/h4>\n<p>Tel. 902430343<\/p>\n<p><a href=\"https:\/\/www.peretarres.org\/es\/seguros\/tipologias\/voluntariado\" target=\"_blank\" rel=\"noopener noreferrer\">Visita el sitio web<\/a><\/p>\n<h4>\u00a0<\/h4>\n<h4><strong>AR\u00c7. Corredur\u00eda \u00e9tica y solidaria.<\/strong><\/h4>\n<p>Tel: 93 423 46 02<\/p>\n<p><a href=\"https:\/\/arc.coop\/es\/\" target=\"_blank\" rel=\"noopener noreferrer\">Visita el sitio web<\/a><\/p>\n<h4>\u00a0<\/h4>\n<h4><strong>Caja Laboral &#8211; Euskadiko Kutxa<\/strong><\/h4>\n<p>Hay que ponerse en contacto con el\/la gestor\/a de la oficina que te corresponda.<\/p>\n<p>[\/et_pb_text][\/et_pb_column_inner][\/et_pb_row_inner][\/et_pb_column][et_pb_column type=\u00bb1_3&#8243; _builder_version=\u00bb4.16&#8243; custom_padding=\u00bb|||\u00bb global_colors_info=\u00bb{}\u00bb custom_padding__hover=\u00bb|||\u00bb][et_pb_text admin_label=\u00bbOtros enlaces interesantes\u00bb _builder_version=\u00bb4.16&#8243; global_colors_info=\u00bb{}\u00bb]<\/p>\n<h4>Otros enlaces interesantes<\/h4>\n<p>[\/et_pb_text][et_pb_text admin_label=\u00bbPHP gestion-del-voluntariado-lista\u00bb module_class=\u00bblista-custom text-deco-no\u00bb _builder_version=\u00bb4.16&#8243; saved_tabs=\u00bball\u00bb global_colors_info=\u00bb{}\u00bb]<a href=\"\/es\/asociaciones-gestion-del-voluntariado\/\">GESTI\u00d3N DEL VOLUNTARIADO<\/a>\r\n<ul>\r\n    <li><a href=\"\/es\/asociaciones-gestion-del-voluntariado\/voluntariado-en-las-asociaciones\/\">Voluntariado en las asociaciones<\/a>\r\n    <\/li><li>Ser una entidad de voluntariado\r\n        <ul>\r\n            <li><a href=\"\/es\/asociaciones-gestion-del-voluntariado\/estatuto-interno-del-voluntariado\/\">Estatuto interno del voluntariado<\/a><\/li>\r\n            <li><a href=\"\/es\/asociaciones-gestion-del-voluntariado\/seguros\/\">Seguros<\/a><\/li>\r\n            <li><a href=\"\/es\/asociaciones-gestion-del-voluntariado\/censo-general-de-organizaciones-de-voluntariado\/\">Censo General de organizaciones de voluntariado<\/a><\/li>\r\n            <li><a href=\"\/es\/asociaciones-gestion-del-voluntariado\/consejo-vasco-de-voluntariado\/\">Consejo Vasco de voluntariado<\/a><\/li>\r\n            <li><a href=\"\/es\/asociaciones-gestion-del-voluntariado\/marco-legal\/\">Marco legal<\/a><\/li>\r\n        <\/ul>\r\n    <\/li>\r\n    <li><a href=\"\/es\/asociaciones-gestion-del-voluntariado\/necesitamos-voluntarios-as\/\">Necesitamos voluntarios\/as<\/a><\/li>\r\n<\/ul>[\/et_pb_text][\/et_pb_column][\/et_pb_section]<\/p>\n","protected":false},"excerpt":{"rendered":"<p>Seguros La ley 17\/1998 del 25 de junio, del Voluntariado, en el Cap\u00edtulo I, Art\u00edculo 6. d) y en el Cap\u00edtulo II, Art\u00edculo 8, 4.e), obliga a las asociaciones a suscribir una p\u00f3liza de seguros que garantice a los\/as voluntarios\/as la cobertura por los da\u00f1os y perjuicios que pudieran ocasionar a terceros en el ejercicio [&hellip;]<\/p>\n","protected":false},"author":1,"featured_media":0,"parent":19,"menu_order":0,"comment_status":"closed","ping_status":"closed","template":"","meta":{"_et_pb_use_builder":"on","_et_pb_old_content":"","_et_gb_content_width":"","footnotes":""},"class_list":["post-310","page","type-page","status-publish","hentry"],"yoast_head":"<!-- This site is optimized with the Yoast SEO plugin v18.0 - https:\/\/yoast.com\/wordpress\/plugins\/seo\/ -->\n<title>Seguros | Gizalde<\/title>\n<meta name=\"robots\" content=\"index, follow, max-snippet:-1, max-image-preview:large, max-video-preview:-1\" \/>\n<link rel=\"canonical\" href=\"https:\/\/www.gizalde.eus\/es\/asociaciones-gestion-del-voluntariado\/seguros\/\" \/>\n<meta property=\"og:locale\" content=\"es_ES\" \/>\n<meta property=\"og:type\" content=\"article\" \/>\n<meta property=\"og:title\" content=\"Seguros | Gizalde\" \/>\n<meta property=\"og:description\" content=\"Seguros La ley 17\/1998 del 25 de junio, del Voluntariado, en el Cap\u00edtulo I, Art\u00edculo 6. d) y en el Cap\u00edtulo II, Art\u00edculo 8, 4.e), obliga a las asociaciones a suscribir una p\u00f3liza de seguros que garantice a los\/as voluntarios\/as la cobertura por los da\u00f1os y perjuicios que pudieran ocasionar a terceros en el ejercicio [&hellip;]\" \/>\n<meta property=\"og:url\" content=\"https:\/\/www.gizalde.eus\/es\/asociaciones-gestion-del-voluntariado\/seguros\/\" \/>\n<meta property=\"og:site_name\" content=\"Gizalde\" \/>\n<meta property=\"article:modified_time\" content=\"2024-04-12T11:02:21+00:00\" \/>\n<meta name=\"twitter:card\" content=\"summary_large_image\" \/>\n<meta name=\"twitter:label1\" content=\"Tiempo de lectura\" \/>\n\t<meta name=\"twitter:data1\" content=\"2 minutos\" \/>\n<script type=\"application\/ld+json\" class=\"yoast-schema-graph\">{\"@context\":\"https:\/\/schema.org\",\"@graph\":[{\"@type\":\"WebSite\",\"@id\":\"https:\/\/www.gizalde.eus\/es\/#website\",\"url\":\"https:\/\/www.gizalde.eus\/es\/\",\"name\":\"Gizalde\",\"description\":\"Voluntariado Gipuzkoa\",\"potentialAction\":[{\"@type\":\"SearchAction\",\"target\":{\"@type\":\"EntryPoint\",\"urlTemplate\":\"https:\/\/www.gizalde.eus\/es\/?s={search_term_string}\"},\"query-input\":\"required name=search_term_string\"}],\"inLanguage\":\"es\"},{\"@type\":\"WebPage\",\"@id\":\"https:\/\/www.gizalde.eus\/es\/asociaciones-gestion-del-voluntariado\/seguros\/#webpage\",\"url\":\"https:\/\/www.gizalde.eus\/es\/asociaciones-gestion-del-voluntariado\/seguros\/\",\"name\":\"Seguros | Gizalde\",\"isPartOf\":{\"@id\":\"https:\/\/www.gizalde.eus\/es\/#website\"},\"datePublished\":\"2018-11-15T10:48:30+00:00\",\"dateModified\":\"2024-04-12T11:02:21+00:00\",\"breadcrumb\":{\"@id\":\"https:\/\/www.gizalde.eus\/es\/asociaciones-gestion-del-voluntariado\/seguros\/#breadcrumb\"},\"inLanguage\":\"es\",\"potentialAction\":[{\"@type\":\"ReadAction\",\"target\":[\"https:\/\/www.gizalde.eus\/es\/asociaciones-gestion-del-voluntariado\/seguros\/\"]}]},{\"@type\":\"BreadcrumbList\",\"@id\":\"https:\/\/www.gizalde.eus\/es\/asociaciones-gestion-del-voluntariado\/seguros\/#breadcrumb\",\"itemListElement\":[{\"@type\":\"ListItem\",\"position\":1,\"name\":\"Portada\",\"item\":\"https:\/\/www.gizalde.eus\/es\/\"},{\"@type\":\"ListItem\",\"position\":2,\"name\":\"Gesti\u00f3n del voluntariado\",\"item\":\"https:\/\/www.gizalde.eus\/es\/asociaciones-gestion-del-voluntariado\/\"},{\"@type\":\"ListItem\",\"position\":3,\"name\":\"Seguros\"}]}]}<\/script>\n<!-- \/ Yoast SEO plugin. -->","yoast_head_json":{"title":"Seguros | Gizalde","robots":{"index":"index","follow":"follow","max-snippet":"max-snippet:-1","max-image-preview":"max-image-preview:large","max-video-preview":"max-video-preview:-1"},"canonical":"https:\/\/www.gizalde.eus\/es\/asociaciones-gestion-del-voluntariado\/seguros\/","og_locale":"es_ES","og_type":"article","og_title":"Seguros | Gizalde","og_description":"Seguros La ley 17\/1998 del 25 de junio, del Voluntariado, en el Cap\u00edtulo I, Art\u00edculo 6. d) y en el Cap\u00edtulo II, Art\u00edculo 8, 4.e), obliga a las asociaciones a suscribir una p\u00f3liza de seguros que garantice a los\/as voluntarios\/as la cobertura por los da\u00f1os y perjuicios que pudieran ocasionar a terceros en el ejercicio [&hellip;]","og_url":"https:\/\/www.gizalde.eus\/es\/asociaciones-gestion-del-voluntariado\/seguros\/","og_site_name":"Gizalde","article_modified_time":"2024-04-12T11:02:21+00:00","twitter_card":"summary_large_image","twitter_misc":{"Tiempo de lectura":"2 minutos"},"schema":{"@context":"https:\/\/schema.org","@graph":[{"@type":"WebSite","@id":"https:\/\/www.gizalde.eus\/es\/#website","url":"https:\/\/www.gizalde.eus\/es\/","name":"Gizalde","description":"Voluntariado Gipuzkoa","potentialAction":[{"@type":"SearchAction","target":{"@type":"EntryPoint","urlTemplate":"https:\/\/www.gizalde.eus\/es\/?s={search_term_string}"},"query-input":"required name=search_term_string"}],"inLanguage":"es"},{"@type":"WebPage","@id":"https:\/\/www.gizalde.eus\/es\/asociaciones-gestion-del-voluntariado\/seguros\/#webpage","url":"https:\/\/www.gizalde.eus\/es\/asociaciones-gestion-del-voluntariado\/seguros\/","name":"Seguros | Gizalde","isPartOf":{"@id":"https:\/\/www.gizalde.eus\/es\/#website"},"datePublished":"2018-11-15T10:48:30+00:00","dateModified":"2024-04-12T11:02:21+00:00","breadcrumb":{"@id":"https:\/\/www.gizalde.eus\/es\/asociaciones-gestion-del-voluntariado\/seguros\/#breadcrumb"},"inLanguage":"es","potentialAction":[{"@type":"ReadAction","target":["https:\/\/www.gizalde.eus\/es\/asociaciones-gestion-del-voluntariado\/seguros\/"]}]},{"@type":"BreadcrumbList","@id":"https:\/\/www.gizalde.eus\/es\/asociaciones-gestion-del-voluntariado\/seguros\/#breadcrumb","itemListElement":[{"@type":"ListItem","position":1,"name":"Portada","item":"https:\/\/www.gizalde.eus\/es\/"},{"@type":"ListItem","position":2,"name":"Gesti\u00f3n del voluntariado","item":"https:\/\/www.gizalde.eus\/es\/asociaciones-gestion-del-voluntariado\/"},{"@type":"ListItem","position":3,"name":"Seguros"}]}]}},"_links":{"self":[{"href":"https:\/\/www.gizalde.eus\/es\/wp-json\/wp\/v2\/pages\/310","targetHints":{"allow":["GET"]}}],"collection":[{"href":"https:\/\/www.gizalde.eus\/es\/wp-json\/wp\/v2\/pages"}],"about":[{"href":"https:\/\/www.gizalde.eus\/es\/wp-json\/wp\/v2\/types\/page"}],"author":[{"embeddable":true,"href":"https:\/\/www.gizalde.eus\/es\/wp-json\/wp\/v2\/users\/1"}],"replies":[{"embeddable":true,"href":"https:\/\/www.gizalde.eus\/es\/wp-json\/wp\/v2\/comments?post=310"}],"version-history":[{"count":16,"href":"https:\/\/www.gizalde.eus\/es\/wp-json\/wp\/v2\/pages\/310\/revisions"}],"predecessor-version":[{"id":11875,"href":"https:\/\/www.gizalde.eus\/es\/wp-json\/wp\/v2\/pages\/310\/revisions\/11875"}],"up":[{"embeddable":true,"href":"https:\/\/www.gizalde.eus\/es\/wp-json\/wp\/v2\/pages\/19"}],"wp:attachment":[{"href":"https:\/\/www.gizalde.eus\/es\/wp-json\/wp\/v2\/media?parent=310"}],"curies":[{"name":"wp","href":"https:\/\/api.w.org\/{rel}","templated":true}]}}