{"id":196,"date":"2018-10-29T15:17:47","date_gmt":"2018-10-29T13:17:47","guid":{"rendered":"http:\/\/www.gizalde.eus\/?page_id=196"},"modified":"2026-03-03T11:06:07","modified_gmt":"2026-03-03T10:06:07","slug":"que-es-el-voluntariado","status":"publish","type":"page","link":"https:\/\/www.gizalde.eus\/es\/voluntariado\/que-es-el-voluntariado\/","title":{"rendered":"\u00bfQu\u00e9 es el Voluntariado?"},"content":{"rendered":"<p>[et_pb_section fb_built=\u00bb1&#8243; specialty=\u00bbon\u00bb _builder_version=\u00bb4.16&#8243; global_colors_info=\u00bb{}\u00bb][et_pb_column type=\u00bb2_3&#8243; specialty_columns=\u00bb4&#8243; _builder_version=\u00bb4.16&#8243; custom_padding=\u00bb|||\u00bb global_colors_info=\u00bb{}\u00bb custom_padding__hover=\u00bb|||\u00bb][et_pb_row_inner admin_label=\u00bbFila\u00bb _builder_version=\u00bb4.16&#8243; global_colors_info=\u00bb{}\u00bb][et_pb_column_inner saved_specialty_column_type=\u00bb2_3&#8243; _builder_version=\u00bb4.16&#8243; custom_padding=\u00bb|||\u00bb global_colors_info=\u00bb{}\u00bb custom_padding__hover=\u00bb|||\u00bb][et_pb_text admin_label=\u00bb\u00bfQu\u00e9 es el Voluntariado?\u00bb module_class=\u00bbtitulo-azul\u00bb _builder_version=\u00bb4.16&#8243; global_colors_info=\u00bb{}\u00bb]<\/p>\n<h1>\u00bfQu\u00e9 es el Voluntariado?<\/h1>\n<p>[\/et_pb_text][et_pb_text module_class=\u00bbtitulo-azul\u00bb _builder_version=\u00bb4.19.5&#8243; global_colors_info=\u00bb{}\u00bb]<\/p>\n<p>Si ofreces tu tiempo y tu experiencia para una labor solidaria, si lo haces con libertad y de manera gratuita, si te juntas con otras personas para transformar la sociedad y construir un mundo mejor, t\u00fa eres una persona voluntaria.<br \/>No hay l\u00edmites; s\u00f3lo hace falta querer participar en cualquier \u00e1mbito social, desde la cultura a la lucha contra la exclusi\u00f3n pasando por el medio ambiente, los derechos humanos, la cooperaci\u00f3n al desarrollo, el deporte, las discapacidades, la igualdad, la inmigraci\u00f3n, la tercera edad&#8230;<br \/>El voluntariado es solidaridad comprometida y organizada; es una manifestaci\u00f3n cualificada de la iniciativa ciudadana por el progreso social; es, en definitiva, una herramienta para ejercer el derecho a cambiar la realidad.<\/p>\n<p>&nbsp;<\/p>\n<p>[\/et_pb_text][et_pb_text module_class=\u00bbtitulo-azul\u00bb _builder_version=\u00bb4.19.5&#8243; hover_enabled=\u00bb0&#8243; global_colors_info=\u00bb{}\u00bb sticky_enabled=\u00bb0&#8243;]<\/p>\n<h4>Qui\u00e9n puede ser una persona voluntaria<\/h4>\n<p>Voluntaria o voluntario es la persona que ofrece su tiempo, sus conocimientos, su experiencia y su trabajo para el desempe\u00f1o gratuito de una labor solidaria. Su objetivo es transformar la sociedad desde el convencimiento de que su esfuerzo contribuye a la creaci\u00f3n de un mundo mejor. La persona voluntaria se compromete libremente y por propia iniciativa a realizar de forma desinteresada actividades de inter\u00e9s social, colaborando con una organizaci\u00f3n solidaria y sin \u00e1nimo de lucro.<br \/>Cualquier persona puede ser voluntaria. Todos y todas tenemos algo que aportar en funci\u00f3n de nuestras capacidades, nuestras motivaciones y nuestras circunstancias personales. Siempre vamos a encontrar nuestro lugar, nuestra tarea.<\/p>\n<h4>Qu\u00e9 es el trabajo voluntario<\/h4>\n<p>Es un trabajo, lo cual implica dedicaci\u00f3n y esfuerzo. Es una opci\u00f3n personal libre que requiere un compromiso estable con una organizaci\u00f3n que canalice nuestra participaci\u00f3n, la cual ser\u00e1 gratuita y siempre en favor de otras personas y de la sociedad en general.<\/p>\n<h4>Requisitos para ser una persona voluntaria<\/h4>\n<p>Desear participar. Disponer de algo de tiempo. Querer compartir, formarse, aprender, trabajar con y para los y las dem\u00e1s. Y tambi\u00e9n es fundamental ofrecer estabilidad al compromiso que se adquiere.<\/p>\n<p>Hay muchas razones que pueden conducirnos al voluntariado, desde motivaciones pol\u00edticas o religiosas hasta la lucha por resolver problemas concretos de nuestro entorno, sin olvidarnos de quien busca nuevas experiencias o algo diferente en lo que ocupar su tiempo.<br \/>Sin embargo, m\u00e1s importante que los motivos iniciales es la evoluci\u00f3n de la persona hacia actitudes de solidaridad y gratuidad reales, y que sean \u00e9stas las que definan su continuidad en el trabajo voluntario.<\/p>\n<p>Tampoco faltan los miedos que frenan nuestras inquietudes por participar, como pensar que nuestro esfuerzo no es \u00fatil, que s\u00f3lo sirve para hacer el caldo gordo al poder, que se quitan puestos de trabajo, que no tengo edad porque soy mayor o demasiado joven, que no tengo experiencia de voluntariado, que no s\u00e9 si voy a servir o que no tengo nada que aportar. Son temores comprensibles pero, infundados.<\/p>\n<p>Y la mejor forma de demostrarnos que s\u00ed podemos encajar en el voluntariado es probar. Si tienes algo de tiempo y una peque\u00f1a motivaci\u00f3n hay que lanzarse; s\u00f3lo habr\u00e1 que encontrar la organizaci\u00f3n que mejor responda a tus inquietudes y en la que te encuentres m\u00e1s a gusto.<\/p>\n<p>Las organizaciones ofrecen una amplia gama de posibilidades que permiten colaborar a cualquier persona interesada. La variedad actual de entidades, asociaciones y ONG va a permitir, sin duda, que encuentres el lugar id\u00f3neo.<\/p>\n<p>En definitiva, no importa la edad o la formaci\u00f3n acad\u00e9mica, ni la experiencia previa que se tenga, lo importante es querer participar y estar dispuestos y dispuestas a poner algo de nuestro tiempo, capacidades e ilusi\u00f3n al servicio de otras personas y de la comunidad.<\/p>\n<h3>Valores que sustentan al voluntariado<\/h3>\n<h4>La solidaridad<\/h4>\n<p>Significa ser sensibles a la realidad que nos rodea, a los problemas, a la injusticia y ser capaces de salir de nuestro ego\u00edsmo para actuar en favor de los y las dem\u00e1s. Es un valor que podemos practicar en todos los \u00e1mbitos de nuestra vida y en cada momento del d\u00eda. La solidaridad es una actitud personal, un estilo de vida caracterizado por el respeto a las dem\u00e1s personas, por la escucha, la comprensi\u00f3n, la toma de postura y la ayuda.<\/p>\n<h4>La participaci\u00f3n<\/h4>\n<p>Hay muchos \u00e1mbitos de participaci\u00f3n en nuestra sociedad: la familia y el c\u00edrculo de amistades, el trabajo, nuestro voto, nuestro consumo, nuestros impuestos, nuestro tiempo libre&#8230; Y cada vez que participamos estamos condicionando el ma\u00f1ana, apostando por un tipo u otro de sociedad. El voluntariado es una oportunidad radicalmente diferente de participar porque conlleva compromiso y una clara intencionalidad de cambio social. Todos los ciudadanos y las ciudadanas tenemos derecho a participar de la vida de nuestra sociedad, tanto en su disfrute como en la toma de decisiones y en la b\u00fasqueda y puesta en pr\u00e1ctica de soluciones para sus problemas.<\/p>\n<h4>La organizaci\u00f3n<\/h4>\n<p>Voluntariado y organizaci\u00f3n son conceptos indisociables. S\u00f3lo el trabajo en una organizaci\u00f3n garantiza la eficacia ya que fortalece la posici\u00f3n social de nuestras reivindicaciones y posibilita contrastar, dar continuidad a la acci\u00f3n y compartir las tareas. Adem\u00e1s, es una apuesta por lo comunitario frente al individualismo, por crecer y por transformar juntos y juntas una sociedad que es de todos y de todas.<\/p>\n<h4>La gratuidad<\/h4>\n<p>La gratuidad es la base de la acci\u00f3n voluntaria. El voluntariado, por definici\u00f3n, por principio, se mueve de forma desinteresada. El voluntario, la voluntaria no esperan ning\u00fan beneficio econ\u00f3mico ni material para s\u00ed, sino que pretenden contribuir a la consecuci\u00f3n de un beneficio social, de unos fines y objetivos centrados en el bien com\u00fan.<\/p>\n<a href='https:\/\/www.gizalde.eus\/wp-content\/uploads\/2026\/03\/Boluntariotzara-hurbiltzeko-saioak-SSetarako.png' class='big-button bigblue' target=\"_blank\">Si quieres conocer m\u00e1s a fondo qu\u00e9 es el voluntariado, participa en la sesi\u00f3n para acercarse al voluntariado.<\/a>\n<p>&nbsp;<\/p>\n<p>[\/et_pb_text][\/et_pb_column_inner][\/et_pb_row_inner][\/et_pb_column][et_pb_column type=\u00bb1_3&#8243; _builder_version=\u00bb4.16&#8243; custom_padding=\u00bb|||\u00bb global_colors_info=\u00bb{}\u00bb custom_padding__hover=\u00bb|||\u00bb][et_pb_text admin_label=\u00bbOtros enlaces interesantes\u00bb _builder_version=\u00bb4.16&#8243; custom_margin=\u00bb||0px|\u00bb custom_padding=\u00bb||0px|\u00bb global_colors_info=\u00bb{}\u00bb]<\/p>\n<h4>Otros enlaces interesantes<\/h4>\n<p>[\/et_pb_text][et_pb_text admin_label=\u00bbPHP voluntariado-lista\u00bb module_class=\u00bblista-custom text-deco-no\u00bb _builder_version=\u00bb4.16&#8243; saved_tabs=\u00bball\u00bb global_colors_info=\u00bb{}\u00bb]<\/p>\n<a href=\"\/es\/asociaciones-gestion-del-voluntariado\/\">GESTI\u00d3N DEL VOLUNTARIADO<\/a>\r\n<ul>\r\n    <li><a href=\"\/es\/asociaciones-gestion-del-voluntariado\/voluntariado-en-las-asociaciones\/\">Voluntariado en las asociaciones<\/a>\r\n    <\/li><li>Ser una entidad de voluntariado\r\n        <ul>\r\n            <li><a href=\"\/es\/asociaciones-gestion-del-voluntariado\/estatuto-interno-del-voluntariado\/\">Estatuto interno del voluntariado<\/a><\/li>\r\n            <li><a href=\"\/es\/asociaciones-gestion-del-voluntariado\/seguros\/\">Seguros<\/a><\/li>\r\n            <li><a href=\"\/es\/asociaciones-gestion-del-voluntariado\/censo-general-de-organizaciones-de-voluntariado\/\">Censo General de organizaciones de voluntariado<\/a><\/li>\r\n            <li><a href=\"\/es\/asociaciones-gestion-del-voluntariado\/consejo-vasco-de-voluntariado\/\">Consejo Vasco de voluntariado<\/a><\/li>\r\n            <li><a href=\"\/es\/asociaciones-gestion-del-voluntariado\/marco-legal\/\">Marco legal<\/a><\/li>\r\n        <\/ul>\r\n    <\/li>\r\n    <li><a href=\"\/es\/asociaciones-gestion-del-voluntariado\/necesitamos-voluntarios-as\/\">Necesitamos voluntarios\/as<\/a><\/li>\r\n<\/ul>\n<p>[\/et_pb_text][\/et_pb_column][\/et_pb_section]<\/p>\n","protected":false},"excerpt":{"rendered":"<p>\u00bfQu\u00e9 es el Voluntariado? Si ofreces tu tiempo y tu experiencia para una labor solidaria, si lo haces con libertad y de manera gratuita, si te juntas con otras personas para transformar la sociedad y construir un mundo mejor, t\u00fa eres una persona voluntaria.No hay l\u00edmites; s\u00f3lo hace falta querer participar en cualquier \u00e1mbito social, [&hellip;]<\/p>\n","protected":false},"author":1,"featured_media":0,"parent":15,"menu_order":0,"comment_status":"closed","ping_status":"closed","template":"","meta":{"_et_pb_use_builder":"on","_et_pb_old_content":"","_et_gb_content_width":"","footnotes":""},"class_list":["post-196","page","type-page","status-publish","hentry"],"yoast_head":"<!-- This site is optimized with the Yoast SEO plugin v18.0 - https:\/\/yoast.com\/wordpress\/plugins\/seo\/ -->\n<title>\u00bfQu\u00e9 es el Voluntariado? | Gizalde<\/title>\n<meta name=\"robots\" content=\"index, follow, max-snippet:-1, max-image-preview:large, max-video-preview:-1\" \/>\n<link rel=\"canonical\" href=\"https:\/\/www.gizalde.eus\/es\/voluntariado\/que-es-el-voluntariado\/\" \/>\n<meta property=\"og:locale\" content=\"es_ES\" \/>\n<meta property=\"og:type\" content=\"article\" \/>\n<meta property=\"og:title\" content=\"\u00bfQu\u00e9 es el Voluntariado? | Gizalde\" \/>\n<meta property=\"og:description\" content=\"\u00bfQu\u00e9 es el Voluntariado? Si ofreces tu tiempo y tu experiencia para una labor solidaria, si lo haces con libertad y de manera gratuita, si te juntas con otras personas para transformar la sociedad y construir un mundo mejor, t\u00fa eres una persona voluntaria.No hay l\u00edmites; s\u00f3lo hace falta querer participar en cualquier \u00e1mbito social, [&hellip;]\" \/>\n<meta property=\"og:url\" content=\"https:\/\/www.gizalde.eus\/es\/voluntariado\/que-es-el-voluntariado\/\" \/>\n<meta property=\"og:site_name\" content=\"Gizalde\" \/>\n<meta property=\"article:modified_time\" content=\"2026-03-03T10:06:07+00:00\" \/>\n<meta name=\"twitter:card\" content=\"summary_large_image\" \/>\n<meta name=\"twitter:label1\" content=\"Tiempo de lectura\" \/>\n\t<meta name=\"twitter:data1\" content=\"6 minutos\" \/>\n<script type=\"application\/ld+json\" class=\"yoast-schema-graph\">{\"@context\":\"https:\/\/schema.org\",\"@graph\":[{\"@type\":\"WebSite\",\"@id\":\"https:\/\/www.gizalde.eus\/es\/#website\",\"url\":\"https:\/\/www.gizalde.eus\/es\/\",\"name\":\"Gizalde\",\"description\":\"Voluntariado Gipuzkoa\",\"potentialAction\":[{\"@type\":\"SearchAction\",\"target\":{\"@type\":\"EntryPoint\",\"urlTemplate\":\"https:\/\/www.gizalde.eus\/es\/?s={search_term_string}\"},\"query-input\":\"required name=search_term_string\"}],\"inLanguage\":\"es\"},{\"@type\":\"WebPage\",\"@id\":\"https:\/\/www.gizalde.eus\/es\/voluntariado\/que-es-el-voluntariado\/#webpage\",\"url\":\"https:\/\/www.gizalde.eus\/es\/voluntariado\/que-es-el-voluntariado\/\",\"name\":\"\u00bfQu\u00e9 es el Voluntariado? | Gizalde\",\"isPartOf\":{\"@id\":\"https:\/\/www.gizalde.eus\/es\/#website\"},\"datePublished\":\"2018-10-29T13:17:47+00:00\",\"dateModified\":\"2026-03-03T10:06:07+00:00\",\"breadcrumb\":{\"@id\":\"https:\/\/www.gizalde.eus\/es\/voluntariado\/que-es-el-voluntariado\/#breadcrumb\"},\"inLanguage\":\"es\",\"potentialAction\":[{\"@type\":\"ReadAction\",\"target\":[\"https:\/\/www.gizalde.eus\/es\/voluntariado\/que-es-el-voluntariado\/\"]}]},{\"@type\":\"BreadcrumbList\",\"@id\":\"https:\/\/www.gizalde.eus\/es\/voluntariado\/que-es-el-voluntariado\/#breadcrumb\",\"itemListElement\":[{\"@type\":\"ListItem\",\"position\":1,\"name\":\"Portada\",\"item\":\"https:\/\/www.gizalde.eus\/es\/\"},{\"@type\":\"ListItem\",\"position\":2,\"name\":\"Voluntariado\",\"item\":\"https:\/\/www.gizalde.eus\/es\/voluntariado\/\"},{\"@type\":\"ListItem\",\"position\":3,\"name\":\"\u00bfQu\u00e9 es el Voluntariado?\"}]}]}<\/script>\n<!-- \/ Yoast SEO plugin. -->","yoast_head_json":{"title":"\u00bfQu\u00e9 es el Voluntariado? | Gizalde","robots":{"index":"index","follow":"follow","max-snippet":"max-snippet:-1","max-image-preview":"max-image-preview:large","max-video-preview":"max-video-preview:-1"},"canonical":"https:\/\/www.gizalde.eus\/es\/voluntariado\/que-es-el-voluntariado\/","og_locale":"es_ES","og_type":"article","og_title":"\u00bfQu\u00e9 es el Voluntariado? | Gizalde","og_description":"\u00bfQu\u00e9 es el Voluntariado? Si ofreces tu tiempo y tu experiencia para una labor solidaria, si lo haces con libertad y de manera gratuita, si te juntas con otras personas para transformar la sociedad y construir un mundo mejor, t\u00fa eres una persona voluntaria.No hay l\u00edmites; s\u00f3lo hace falta querer participar en cualquier \u00e1mbito social, [&hellip;]","og_url":"https:\/\/www.gizalde.eus\/es\/voluntariado\/que-es-el-voluntariado\/","og_site_name":"Gizalde","article_modified_time":"2026-03-03T10:06:07+00:00","twitter_card":"summary_large_image","twitter_misc":{"Tiempo de lectura":"6 minutos"},"schema":{"@context":"https:\/\/schema.org","@graph":[{"@type":"WebSite","@id":"https:\/\/www.gizalde.eus\/es\/#website","url":"https:\/\/www.gizalde.eus\/es\/","name":"Gizalde","description":"Voluntariado Gipuzkoa","potentialAction":[{"@type":"SearchAction","target":{"@type":"EntryPoint","urlTemplate":"https:\/\/www.gizalde.eus\/es\/?s={search_term_string}"},"query-input":"required name=search_term_string"}],"inLanguage":"es"},{"@type":"WebPage","@id":"https:\/\/www.gizalde.eus\/es\/voluntariado\/que-es-el-voluntariado\/#webpage","url":"https:\/\/www.gizalde.eus\/es\/voluntariado\/que-es-el-voluntariado\/","name":"\u00bfQu\u00e9 es el Voluntariado? | Gizalde","isPartOf":{"@id":"https:\/\/www.gizalde.eus\/es\/#website"},"datePublished":"2018-10-29T13:17:47+00:00","dateModified":"2026-03-03T10:06:07+00:00","breadcrumb":{"@id":"https:\/\/www.gizalde.eus\/es\/voluntariado\/que-es-el-voluntariado\/#breadcrumb"},"inLanguage":"es","potentialAction":[{"@type":"ReadAction","target":["https:\/\/www.gizalde.eus\/es\/voluntariado\/que-es-el-voluntariado\/"]}]},{"@type":"BreadcrumbList","@id":"https:\/\/www.gizalde.eus\/es\/voluntariado\/que-es-el-voluntariado\/#breadcrumb","itemListElement":[{"@type":"ListItem","position":1,"name":"Portada","item":"https:\/\/www.gizalde.eus\/es\/"},{"@type":"ListItem","position":2,"name":"Voluntariado","item":"https:\/\/www.gizalde.eus\/es\/voluntariado\/"},{"@type":"ListItem","position":3,"name":"\u00bfQu\u00e9 es el Voluntariado?"}]}]}},"_links":{"self":[{"href":"https:\/\/www.gizalde.eus\/es\/wp-json\/wp\/v2\/pages\/196","targetHints":{"allow":["GET"]}}],"collection":[{"href":"https:\/\/www.gizalde.eus\/es\/wp-json\/wp\/v2\/pages"}],"about":[{"href":"https:\/\/www.gizalde.eus\/es\/wp-json\/wp\/v2\/types\/page"}],"author":[{"embeddable":true,"href":"https:\/\/www.gizalde.eus\/es\/wp-json\/wp\/v2\/users\/1"}],"replies":[{"embeddable":true,"href":"https:\/\/www.gizalde.eus\/es\/wp-json\/wp\/v2\/comments?post=196"}],"version-history":[{"count":23,"href":"https:\/\/www.gizalde.eus\/es\/wp-json\/wp\/v2\/pages\/196\/revisions"}],"predecessor-version":[{"id":15495,"href":"https:\/\/www.gizalde.eus\/es\/wp-json\/wp\/v2\/pages\/196\/revisions\/15495"}],"up":[{"embeddable":true,"href":"https:\/\/www.gizalde.eus\/es\/wp-json\/wp\/v2\/pages\/15"}],"wp:attachment":[{"href":"https:\/\/www.gizalde.eus\/es\/wp-json\/wp\/v2\/media?parent=196"}],"curies":[{"name":"wp","href":"https:\/\/api.w.org\/{rel}","templated":true}]}}