{"id":19,"date":"2018-10-24T10:05:31","date_gmt":"2018-10-24T08:05:31","guid":{"rendered":"http:\/\/www.gizalde.eus\/?page_id=19"},"modified":"2025-02-07T13:24:03","modified_gmt":"2025-02-07T12:24:03","slug":"asociaciones-gestion-del-voluntariado","status":"publish","type":"page","link":"https:\/\/www.gizalde.eus\/es\/asociaciones-gestion-del-voluntariado\/","title":{"rendered":"Gesti\u00f3n del voluntariado"},"content":{"rendered":"<p>[et_pb_section fb_built=\u00bb1&#8243; _builder_version=\u00bb4.16&#8243; background_image=\u00bbhttp:\/\/www.gizalde.eus\/wp-content\/uploads\/2018\/10\/mantenimiento.jpg\u00bb global_colors_info=\u00bb{}\u00bb][et_pb_row _builder_version=\u00bb4.16&#8243; background_size=\u00bbinitial\u00bb background_position=\u00bbtop_left\u00bb background_repeat=\u00bbrepeat\u00bb global_colors_info=\u00bb{}\u00bb][et_pb_column type=\u00bb4_4&#8243; _builder_version=\u00bb4.16&#8243; custom_padding=\u00bb|||\u00bb global_colors_info=\u00bb{}\u00bb custom_padding__hover=\u00bb|||\u00bb][et_pb_text admin_label=\u00bbGesti\u00f3n del voluntariado\u00bb module_class=\u00bbtexto-blanco\u00bb _builder_version=\u00bb4.16&#8243; header_5_letter_spacing=\u00bb5px\u00bb text_orientation=\u00bbcenter\u00bb global_colors_info=\u00bb{}\u00bb]<\/p>\n<h5>ASOCIACIONES<\/h5>\n<h1>Gesti\u00f3n del voluntariado<\/h1>\n<p>[\/et_pb_text][\/et_pb_column][\/et_pb_row][\/et_pb_section][et_pb_section fb_built=\u00bb1&#8243; _builder_version=\u00bb4.16&#8243; background_color=\u00bb#edf3f8&#8243; global_colors_info=\u00bb{}\u00bb][et_pb_row _builder_version=\u00bb4.16&#8243; background_size=\u00bbinitial\u00bb background_position=\u00bbtop_left\u00bb background_repeat=\u00bbrepeat\u00bb global_colors_info=\u00bb{}\u00bb][et_pb_column type=\u00bb4_4&#8243; _builder_version=\u00bb4.16&#8243; custom_padding=\u00bb|||\u00bb global_colors_info=\u00bb{}\u00bb custom_padding__hover=\u00bb|||\u00bb][et_pb_text admin_label=\u00bb\u00bfQu\u00e9 es la gesti\u00f3n del voluntariado de una entidad?\u00bb module_class=\u00bbtitulo-azul\u00bb _builder_version=\u00bb4.19.5&#8243; hover_enabled=\u00bb0&#8243; global_colors_info=\u00bb{}\u00bb sticky_enabled=\u00bb0&#8243;]<\/p>\n<h3>\u00bfQu\u00e9 es la gesti\u00f3n del voluntariado de una entidad?<\/h3>\n<p>La gesti\u00f3n del voluntariado en las asociaciones de voluntariado es un elemento fundamental para la consecuci\u00f3n de los objetivos de la asociaci\u00f3n y para que la experiencia del voluntariado sea enriquecedora. El proceso de organizaci\u00f3n del voluntariado, que incluye la selecci\u00f3n, formaci\u00f3n, motivaci\u00f3n y seguimiento del voluntariado, requiere estrategias adecuadas. En el siguiente enlace hemos recogido aquellos aspectos que os servir\u00e1n de apoyo para la organizaci\u00f3n del voluntariado. Si ten\u00e9is dudas en el proceso de organizaci\u00f3n del voluntariado, poneos en contacto con nosotros.<\/p>\n<p>[\/et_pb_text][et_pb_button button_url=\u00bb\/es\/asociaciones-gestion-del-voluntariado\/voluntariado-en-las-asociaciones\/\u00bb url_new_window=\u00bbon\u00bb button_text=\u00bbM\u00e1s informaci\u00f3n.\u00bb button_alignment=\u00bbleft\u00bb admin_label=\u00bbM\u00e1s informaci\u00f3n.\u00bb module_class=\u00bbbtn\u00bb _builder_version=\u00bb4.19.5&#8243; hover_enabled=\u00bb0&#8243; global_colors_info=\u00bb{}\u00bb sticky_enabled=\u00bb0&#8243;][\/et_pb_button][et_pb_divider _builder_version=\u00bb4.19.5&#8243; _module_preset=\u00bbdefault\u00bb hover_enabled=\u00bb0&#8243; sticky_enabled=\u00bb0&#8243;][\/et_pb_divider][et_pb_text admin_label=\u00bb\u00bfEst\u00e1s buscando voluntarias o voluntarios que colaboren con tu asociaci\u00f3n?\u00bb module_class=\u00bbtitulo-azul\u00bb _builder_version=\u00bb4.19.5&#8243; hover_enabled=\u00bb0&#8243; global_colors_info=\u00bb{}\u00bb sticky_enabled=\u00bb0&#8243;]<\/p>\n<h3>\u00bfEst\u00e1s buscando voluntarias o voluntarios que colaboren con tu asociaci\u00f3n?<\/h3>\n<p><strong>Si eres una asociaci\u00f3n sin \u00e1nimo de lucro con programas en los que participan personas voluntarias, y buscas voluntarios\/as, estamos para ayudarte. <\/strong><\/p>\n<p>En Gizalde, entre otras muchas cosas, nos dedicamos a facilitar el contacto\/la entrada de voluntariado en las asociaciones que lo necesiten. Hablamos con las personas interesadas en colaborar en alguna entidad, y buscamos las asociaciones que encajen con su perfil. Del mismo modo, damos difusi\u00f3n a estas necesidades de voluntariado de las entidades a trav\u00e9s de las herramientas que nos ofrece la red.\u00a0Por eso nos encantar\u00e1 que contactes con nosotras. Te ayudaremos y asesoramos en todo lo que est\u00e9 en nuestra mano.<\/p>\n<p>Si quer\u00e9is que personas voluntarias participen en vuestra entidad, os ayudaremos en la difusi\u00f3n de las necesidades de voluntariado que teng\u00e1is en vuestros proyectos. Hemos diferenciado 2 tipos de iniciativas de voluntariado:<\/p>\n<p>[\/et_pb_text][et_pb_accordion module_class=\u00bbacordeon\u00bb _builder_version=\u00bb4.19.5&#8243; z_index_tablet=\u00bb500&#8243; toggle_text_shadow_horizontal_length_tablet=\u00bb0px\u00bb toggle_text_shadow_vertical_length_tablet=\u00bb0px\u00bb toggle_text_shadow_blur_strength_tablet=\u00bb1px\u00bb closed_toggle_text_shadow_horizontal_length_tablet=\u00bb0px\u00bb closed_toggle_text_shadow_vertical_length_tablet=\u00bb0px\u00bb closed_toggle_text_shadow_blur_strength_tablet=\u00bb1px\u00bb body_text_shadow_horizontal_length_tablet=\u00bb0px\u00bb body_text_shadow_vertical_length_tablet=\u00bb0px\u00bb body_text_shadow_blur_strength_tablet=\u00bb1px\u00bb body_link_text_shadow_horizontal_length_tablet=\u00bb0px\u00bb body_link_text_shadow_vertical_length_tablet=\u00bb0px\u00bb body_link_text_shadow_blur_strength_tablet=\u00bb1px\u00bb body_ul_text_shadow_horizontal_length_tablet=\u00bb0px\u00bb body_ul_text_shadow_vertical_length_tablet=\u00bb0px\u00bb body_ul_text_shadow_blur_strength_tablet=\u00bb1px\u00bb body_ol_text_shadow_horizontal_length_tablet=\u00bb0px\u00bb body_ol_text_shadow_vertical_length_tablet=\u00bb0px\u00bb body_ol_text_shadow_blur_strength_tablet=\u00bb1px\u00bb body_quote_text_shadow_horizontal_length_tablet=\u00bb0px\u00bb body_quote_text_shadow_vertical_length_tablet=\u00bb0px\u00bb body_quote_text_shadow_blur_strength_tablet=\u00bb1px\u00bb box_shadow_horizontal_tablet=\u00bb0px\u00bb box_shadow_vertical_tablet=\u00bb0px\u00bb box_shadow_blur_tablet=\u00bb40px\u00bb box_shadow_spread_tablet=\u00bb0px\u00bb text_shadow_horizontal_length_tablet=\u00bb0px\u00bb text_shadow_vertical_length_tablet=\u00bb0px\u00bb text_shadow_blur_strength_tablet=\u00bb1px\u00bb locked=\u00bboff\u00bb global_colors_info=\u00bb{}\u00bb][et_pb_accordion_item title=\u00bbEN BLANCO\u00bb open=\u00bbon\u00bb _builder_version=\u00bb4.16&#8243; custom_css_main_element=\u00bbdisplay:none\u00bb global_colors_info=\u00bb{}\u00bb][\/et_pb_accordion_item][et_pb_accordion_item title=\u00bbPROGRAMAS DE VOLUNTARIADO PERMANENTES\u00bb _builder_version=\u00bb4.19.5&#8243; background_color_gradient_direction_tablet=\u00bb180deg\u00bb background_color_gradient_direction_phone=\u00bb180deg\u00bb background_color_gradient_stops_tablet=\u00bb#2b87da 0%|#29c4a9 100%\u00bb background_color_gradient_stops_phone=\u00bb#2b87da 0%|#29c4a9 100%\u00bb background_color_gradient_start_position_tablet=\u00bb0%\u00bb background_color_gradient_start_position_phone=\u00bb0%\u00bb background_color_gradient_end_position_tablet=\u00bb100%\u00bb background_color_gradient_end_position_phone=\u00bb100%\u00bb hover_transition_duration_tablet=\u00bb300ms\u00bb hover_transition_duration_phone=\u00bb300ms\u00bb hover_transition_delay_tablet=\u00bb0ms\u00bb hover_transition_delay_phone=\u00bb0ms\u00bb body_text_shadow_horizontal_length_tablet=\u00bb0px\u00bb body_text_shadow_horizontal_length_phone=\u00bb0px\u00bb body_text_shadow_vertical_length_tablet=\u00bb0px\u00bb body_text_shadow_vertical_length_phone=\u00bb0px\u00bb body_text_shadow_blur_strength_tablet=\u00bb1px\u00bb body_text_shadow_blur_strength_phone=\u00bb1px\u00bb body_link_text_shadow_horizontal_length_tablet=\u00bb0px\u00bb body_link_text_shadow_horizontal_length_phone=\u00bb0px\u00bb body_link_text_shadow_vertical_length_tablet=\u00bb0px\u00bb body_link_text_shadow_vertical_length_phone=\u00bb0px\u00bb body_link_text_shadow_blur_strength_tablet=\u00bb1px\u00bb body_link_text_shadow_blur_strength_phone=\u00bb1px\u00bb body_ul_text_shadow_horizontal_length_tablet=\u00bb0px\u00bb body_ul_text_shadow_horizontal_length_phone=\u00bb0px\u00bb body_ul_text_shadow_vertical_length_tablet=\u00bb0px\u00bb body_ul_text_shadow_vertical_length_phone=\u00bb0px\u00bb body_ul_text_shadow_blur_strength_tablet=\u00bb1px\u00bb body_ul_text_shadow_blur_strength_phone=\u00bb1px\u00bb body_ol_text_shadow_horizontal_length_tablet=\u00bb0px\u00bb body_ol_text_shadow_horizontal_length_phone=\u00bb0px\u00bb body_ol_text_shadow_vertical_length_tablet=\u00bb0px\u00bb body_ol_text_shadow_vertical_length_phone=\u00bb0px\u00bb body_ol_text_shadow_blur_strength_tablet=\u00bb1px\u00bb body_ol_text_shadow_blur_strength_phone=\u00bb1px\u00bb body_quote_text_shadow_horizontal_length_tablet=\u00bb0px\u00bb body_quote_text_shadow_horizontal_length_phone=\u00bb0px\u00bb body_quote_text_shadow_vertical_length_tablet=\u00bb0px\u00bb body_quote_text_shadow_vertical_length_phone=\u00bb0px\u00bb body_quote_text_shadow_blur_strength_tablet=\u00bb1px\u00bb body_quote_text_shadow_blur_strength_phone=\u00bb1px\u00bb box_shadow_horizontal_tablet=\u00bb0px\u00bb box_shadow_horizontal_phone=\u00bb0px\u00bb box_shadow_vertical_tablet=\u00bb0px\u00bb box_shadow_vertical_phone=\u00bb0px\u00bb box_shadow_blur_tablet=\u00bb40px\u00bb box_shadow_blur_phone=\u00bb40px\u00bb box_shadow_spread_tablet=\u00bb0px\u00bb box_shadow_spread_phone=\u00bb0px\u00bb text_shadow_horizontal_length_tablet=\u00bb0em\u00bb text_shadow_horizontal_length_phone=\u00bb0em\u00bb text_shadow_vertical_length_tablet=\u00bb0em\u00bb text_shadow_vertical_length_phone=\u00bb0em\u00bb text_shadow_blur_strength_tablet=\u00bb0em\u00bb text_shadow_blur_strength_phone=\u00bb0em\u00bb global_colors_info=\u00bb{}\u00bb toggle_text_shadow_horizontal_length_tablet=\u00bb0px\u00bb toggle_text_shadow_horizontal_length_phone=\u00bb0px\u00bb toggle_text_shadow_vertical_length_tablet=\u00bb0px\u00bb toggle_text_shadow_vertical_length_phone=\u00bb0px\u00bb toggle_text_shadow_blur_strength_tablet=\u00bb1px\u00bb toggle_text_shadow_blur_strength_phone=\u00bb1px\u00bb closed_toggle_text_shadow_horizontal_length_tablet=\u00bb0px\u00bb closed_toggle_text_shadow_horizontal_length_phone=\u00bb0px\u00bb closed_toggle_text_shadow_vertical_length_tablet=\u00bb0px\u00bb closed_toggle_text_shadow_vertical_length_phone=\u00bb0px\u00bb closed_toggle_text_shadow_blur_strength_tablet=\u00bb1px\u00bb closed_toggle_text_shadow_blur_strength_phone=\u00bb1px\u00bb open=\u00bboff\u00bb]<\/p>\n<p>Si sois una <a href=\"https:\/\/www.gizalde.eus\/es\/asociaciones-gestion-del-voluntariado\/voluntariado-en-las-asociaciones\/\" target=\"_blank\" rel=\"noopener\">entidad de voluntariado<\/a> y quieres publicar los programas de voluntariado permanentes de vuestra entidad en nuestra <a href=\"http:\/\/www.gizalde.eus\/gizalde-portal-voluntariado\/\" target=\"_blank\" rel=\"noopener\">secci\u00f3n de programas de voluntariado<\/a>, puedes hacerlo de dos maneras:<\/p>\n<ul>\n<li>Puedes env\u00edarnos la informaci\u00f3n a trav\u00e9s del siguiente formulario. Nosotros\/as nos encargaremos de a\u00f1adirla a la secci\u00f3n de programas de voluntariado.<\/li>\n<\/ul>\n<a href='https:\/\/docs.google.com\/forms\/d\/e\/1FAIpQLSdvUzAYwG-TGBp4QqUEGZ2zBitvDxSYKESx1eyCHQvG8cPYzA\/viewform' class='big-button bigblue' target=\"_blank\">Formulario de programas de voluntariado<\/a>\n<p>&nbsp;<\/p>\n<a href='https:\/\/docs.google.com\/document\/d\/19WoTSyiyDd59vkdIbsGt71x3UuCMCGGXPfi8bJ31JFk\/edit?usp=share_link' class='big-button bigblue' target=\"_blank\">Instrucciones para completar el formulario<\/a>\n<p>&nbsp;<\/p>\n<ul>\n<li>Puedes gestionar la informaci\u00f3n tu mismo a trav\u00e9s de un gestor de contenidos propio, que te permite a\u00f1adir y modificar la informaci\u00f3n a tu gusto. Necesitar\u00e1s un \u00abUsuario\u00bb y una \u00abContrase\u00f1a\u00bb para acceder al gestor de contenidos. Si no la tienes ya, solic\u00edtanosla por email (gizalde@gizalde.eus).<\/li>\n<\/ul>\n<a href='http:\/\/www.gizalde.eus\/boluntariotza-portala\/admin\/' class='big-button bigblue' target=\"_blank\">Acceso al gestor de contenidos de la secci\u00f3n de programas de voluntariado.<\/a>\n<p>&nbsp;<\/p>\n<p>Las personas interesadas en ser voluntarias\u00a0 que visiten esta secci\u00f3n, podr\u00e1n realizar b\u00fasquedas de programas de voluntariado en funci\u00f3n del \u00e1mbito de actuaci\u00f3n o su localizaci\u00f3n. Si\u00a0 \u00a0 \u00a0 \u00a0 \u00a0 \u00a0 \u00a0 \u00a0 \u00a0 encuentran lo que buscan, podr\u00e1n completar un formulario con sus datos para que os pod\u00e1is poner en contacto. Los datos de contacto os los enviaremos por email.<\/p>\n<p>&nbsp;<\/p>\n<p>&nbsp;<\/p>\n<p>[\/et_pb_accordion_item][et_pb_accordion_item title=\u00bbNECESIDADES DE VOLUNTARIADO PUNTUAL Y\/O URGENTE\u00bb _builder_version=\u00bb4.19.5&#8243; background_color_gradient_direction_tablet=\u00bb180deg\u00bb background_color_gradient_direction_phone=\u00bb180deg\u00bb background_color_gradient_stops_tablet=\u00bb#2b87da 0%|#29c4a9 100%\u00bb background_color_gradient_stops_phone=\u00bb#2b87da 0%|#29c4a9 100%\u00bb background_color_gradient_start_position_tablet=\u00bb0%\u00bb background_color_gradient_start_position_phone=\u00bb0%\u00bb background_color_gradient_end_position_tablet=\u00bb100%\u00bb background_color_gradient_end_position_phone=\u00bb100%\u00bb hover_transition_duration_tablet=\u00bb300ms\u00bb hover_transition_duration_phone=\u00bb300ms\u00bb hover_transition_delay_tablet=\u00bb0ms\u00bb hover_transition_delay_phone=\u00bb0ms\u00bb body_text_shadow_horizontal_length_tablet=\u00bb0px\u00bb body_text_shadow_horizontal_length_phone=\u00bb0px\u00bb body_text_shadow_vertical_length_tablet=\u00bb0px\u00bb body_text_shadow_vertical_length_phone=\u00bb0px\u00bb body_text_shadow_blur_strength_tablet=\u00bb1px\u00bb body_text_shadow_blur_strength_phone=\u00bb1px\u00bb body_link_text_shadow_horizontal_length_tablet=\u00bb0px\u00bb body_link_text_shadow_horizontal_length_phone=\u00bb0px\u00bb body_link_text_shadow_vertical_length_tablet=\u00bb0px\u00bb body_link_text_shadow_vertical_length_phone=\u00bb0px\u00bb body_link_text_shadow_blur_strength_tablet=\u00bb1px\u00bb body_link_text_shadow_blur_strength_phone=\u00bb1px\u00bb body_ul_text_shadow_horizontal_length_tablet=\u00bb0px\u00bb body_ul_text_shadow_horizontal_length_phone=\u00bb0px\u00bb body_ul_text_shadow_vertical_length_tablet=\u00bb0px\u00bb body_ul_text_shadow_vertical_length_phone=\u00bb0px\u00bb body_ul_text_shadow_blur_strength_tablet=\u00bb1px\u00bb body_ul_text_shadow_blur_strength_phone=\u00bb1px\u00bb body_ol_text_shadow_horizontal_length_tablet=\u00bb0px\u00bb body_ol_text_shadow_horizontal_length_phone=\u00bb0px\u00bb body_ol_text_shadow_vertical_length_tablet=\u00bb0px\u00bb body_ol_text_shadow_vertical_length_phone=\u00bb0px\u00bb body_ol_text_shadow_blur_strength_tablet=\u00bb1px\u00bb body_ol_text_shadow_blur_strength_phone=\u00bb1px\u00bb body_quote_text_shadow_horizontal_length_tablet=\u00bb0px\u00bb body_quote_text_shadow_horizontal_length_phone=\u00bb0px\u00bb body_quote_text_shadow_vertical_length_tablet=\u00bb0px\u00bb body_quote_text_shadow_vertical_length_phone=\u00bb0px\u00bb body_quote_text_shadow_blur_strength_tablet=\u00bb1px\u00bb body_quote_text_shadow_blur_strength_phone=\u00bb1px\u00bb box_shadow_horizontal_tablet=\u00bb0px\u00bb box_shadow_horizontal_phone=\u00bb0px\u00bb box_shadow_vertical_tablet=\u00bb0px\u00bb box_shadow_vertical_phone=\u00bb0px\u00bb box_shadow_blur_tablet=\u00bb40px\u00bb box_shadow_blur_phone=\u00bb40px\u00bb box_shadow_spread_tablet=\u00bb0px\u00bb box_shadow_spread_phone=\u00bb0px\u00bb text_shadow_horizontal_length_tablet=\u00bb0em\u00bb text_shadow_horizontal_length_phone=\u00bb0em\u00bb text_shadow_vertical_length_tablet=\u00bb0em\u00bb text_shadow_vertical_length_phone=\u00bb0em\u00bb text_shadow_blur_strength_tablet=\u00bb0em\u00bb text_shadow_blur_strength_phone=\u00bb0em\u00bb global_colors_info=\u00bb{}\u00bb toggle_text_shadow_horizontal_length_tablet=\u00bb0px\u00bb toggle_text_shadow_horizontal_length_phone=\u00bb0px\u00bb toggle_text_shadow_vertical_length_tablet=\u00bb0px\u00bb toggle_text_shadow_vertical_length_phone=\u00bb0px\u00bb toggle_text_shadow_blur_strength_tablet=\u00bb1px\u00bb toggle_text_shadow_blur_strength_phone=\u00bb1px\u00bb closed_toggle_text_shadow_horizontal_length_tablet=\u00bb0px\u00bb closed_toggle_text_shadow_horizontal_length_phone=\u00bb0px\u00bb closed_toggle_text_shadow_vertical_length_tablet=\u00bb0px\u00bb closed_toggle_text_shadow_vertical_length_phone=\u00bb0px\u00bb closed_toggle_text_shadow_blur_strength_tablet=\u00bb1px\u00bb closed_toggle_text_shadow_blur_strength_phone=\u00bb1px\u00bb open=\u00bboff\u00bb]<\/p>\n<p>Si tuvierais necesidades de voluntariado puntuales en las que las personas voluntarias se pueden comprometer de forma puntual (apoyo en carreras solidarias, apoyo en eventos de sensibilizaci\u00f3n, apoyo en limpiezas de playa, etc), o necesidades urgentes de voluntariado en las que la entidad necesita con urgencia voluntariado bien sea para una actividad puntual, o para un programa permanente, puedes enviarnos la informaci\u00f3n para que <a href=\"https:\/\/www.gizalde.eus\/es\/necesidades-voluntariado\/\" target=\"_blank\" rel=\"noopener\">la publiquemos en la secci\u00f3n correspondiente<\/a> y le hagamos difusi\u00f3n a trav\u00e9s de nuestros medios habituales (bolet\u00edn digital, redes sociales, etc). Completa el siguiente formulario:<\/p>\n<a href='https:\/\/docs.google.com\/forms\/d\/e\/1FAIpQLSeptC1pMkvcFOgzuuoCI2Cu0rxGP_opTJmBkniX781gLjoWpA\/viewform' class='big-button bigblue' target=\"_blank\">Formulario de necesidades de voluntariado<\/a>\n<p>[\/et_pb_accordion_item][\/et_pb_accordion][\/et_pb_column][\/et_pb_row][\/et_pb_section][et_pb_section fb_built=\u00bb1&#8243; _builder_version=\u00bb4.16&#8243; background_image=\u00bbhttp:\/\/www.gizalde.eus\/wp-content\/uploads\/2018\/10\/mantenimiento.jpg\u00bb global_colors_info=\u00bb{}\u00bb][et_pb_row _builder_version=\u00bb4.16&#8243; max_width=\u00bb400px\u00bb use_custom_width=\u00bbon\u00bb custom_width_px=\u00bb400px\u00bb global_colors_info=\u00bb{}\u00bb][et_pb_column type=\u00bb4_4&#8243; _builder_version=\u00bb4.16&#8243; custom_padding=\u00bb|||\u00bb global_colors_info=\u00bb{}\u00bb custom_padding__hover=\u00bb|||\u00bb][et_pb_text admin_label=\u00bbOtros enlaces de inter\u00e9s\u00bb module_class=\u00bbtitulo-azul\u00bb _builder_version=\u00bb4.16&#8243; global_colors_info=\u00bb{}\u00bb]<\/p>\n<h3>Otros enlaces de inter\u00e9s<\/h3>\n<p>[\/et_pb_text][et_pb_text module_class=\u00bblista-custom texto-blanco text-deco-no\u00bb _builder_version=\u00bb4.16&#8243; saved_tabs=\u00bball\u00bb global_colors_info=\u00bb{}\u00bb]<\/p>\n<a href=\"\/es\/asociaciones-gestion-del-voluntariado\/\">GESTI\u00d3N DEL VOLUNTARIADO<\/a>\r\n<ul>\r\n    <li><a href=\"\/es\/asociaciones-gestion-del-voluntariado\/voluntariado-en-las-asociaciones\/\">Voluntariado en las asociaciones<\/a>\r\n    <\/li><li>Ser una entidad de voluntariado\r\n        <ul>\r\n            <li><a href=\"\/es\/asociaciones-gestion-del-voluntariado\/estatuto-interno-del-voluntariado\/\">Estatuto interno del voluntariado<\/a><\/li>\r\n            <li><a href=\"\/es\/asociaciones-gestion-del-voluntariado\/seguros\/\">Seguros<\/a><\/li>\r\n            <li><a href=\"\/es\/asociaciones-gestion-del-voluntariado\/censo-general-de-organizaciones-de-voluntariado\/\">Censo General de organizaciones de voluntariado<\/a><\/li>\r\n            <li><a href=\"\/es\/asociaciones-gestion-del-voluntariado\/consejo-vasco-de-voluntariado\/\">Consejo Vasco de voluntariado<\/a><\/li>\r\n            <li><a href=\"\/es\/asociaciones-gestion-del-voluntariado\/marco-legal\/\">Marco legal<\/a><\/li>\r\n        <\/ul>\r\n    <\/li>\r\n    <li><a href=\"\/es\/asociaciones-gestion-del-voluntariado\/necesitamos-voluntarios-as\/\">Necesitamos voluntarios\/as<\/a><\/li>\r\n<\/ul>\n<p>[\/et_pb_text][\/et_pb_column][\/et_pb_row][\/et_pb_section]<\/p>\n","protected":false},"excerpt":{"rendered":"<p>ASOCIACIONES Gesti\u00f3n del voluntariado \u00bfQu\u00e9 es la gesti\u00f3n del voluntariado de una entidad? La gesti\u00f3n del voluntariado en las asociaciones de voluntariado es un elemento fundamental para la consecuci\u00f3n de los objetivos de la asociaci\u00f3n y para que la experiencia del voluntariado sea enriquecedora. El proceso de organizaci\u00f3n del voluntariado, que incluye la selecci\u00f3n, formaci\u00f3n, [&hellip;]<\/p>\n","protected":false},"author":1,"featured_media":0,"parent":0,"menu_order":0,"comment_status":"closed","ping_status":"closed","template":"","meta":{"_et_pb_use_builder":"on","_et_pb_old_content":"","_et_gb_content_width":"","footnotes":""},"class_list":["post-19","page","type-page","status-publish","hentry"],"yoast_head":"<!-- This site is optimized with the Yoast SEO plugin v18.0 - https:\/\/yoast.com\/wordpress\/plugins\/seo\/ -->\n<title>Gesti\u00f3n del voluntariado | Gizalde<\/title>\n<meta name=\"robots\" content=\"index, follow, max-snippet:-1, max-image-preview:large, max-video-preview:-1\" \/>\n<link rel=\"canonical\" href=\"https:\/\/www.gizalde.eus\/es\/asociaciones-gestion-del-voluntariado\/\" \/>\n<meta property=\"og:locale\" content=\"es_ES\" \/>\n<meta property=\"og:type\" content=\"article\" \/>\n<meta property=\"og:title\" content=\"Gesti\u00f3n del voluntariado | Gizalde\" \/>\n<meta property=\"og:description\" content=\"ASOCIACIONES Gesti\u00f3n del voluntariado \u00bfQu\u00e9 es la gesti\u00f3n del voluntariado de una entidad? La gesti\u00f3n del voluntariado en las asociaciones de voluntariado es un elemento fundamental para la consecuci\u00f3n de los objetivos de la asociaci\u00f3n y para que la experiencia del voluntariado sea enriquecedora. El proceso de organizaci\u00f3n del voluntariado, que incluye la selecci\u00f3n, formaci\u00f3n, [&hellip;]\" \/>\n<meta property=\"og:url\" content=\"https:\/\/www.gizalde.eus\/es\/asociaciones-gestion-del-voluntariado\/\" \/>\n<meta property=\"og:site_name\" content=\"Gizalde\" \/>\n<meta property=\"article:modified_time\" content=\"2025-02-07T12:24:03+00:00\" \/>\n<meta name=\"twitter:card\" content=\"summary_large_image\" \/>\n<meta name=\"twitter:label1\" content=\"Tiempo de lectura\" \/>\n\t<meta name=\"twitter:data1\" content=\"9 minutos\" \/>\n<script type=\"application\/ld+json\" class=\"yoast-schema-graph\">{\"@context\":\"https:\/\/schema.org\",\"@graph\":[{\"@type\":\"WebSite\",\"@id\":\"https:\/\/www.gizalde.eus\/es\/#website\",\"url\":\"https:\/\/www.gizalde.eus\/es\/\",\"name\":\"Gizalde\",\"description\":\"Voluntariado Gipuzkoa\",\"potentialAction\":[{\"@type\":\"SearchAction\",\"target\":{\"@type\":\"EntryPoint\",\"urlTemplate\":\"https:\/\/www.gizalde.eus\/es\/?s={search_term_string}\"},\"query-input\":\"required name=search_term_string\"}],\"inLanguage\":\"es\"},{\"@type\":\"WebPage\",\"@id\":\"https:\/\/www.gizalde.eus\/es\/asociaciones-gestion-del-voluntariado\/#webpage\",\"url\":\"https:\/\/www.gizalde.eus\/es\/asociaciones-gestion-del-voluntariado\/\",\"name\":\"Gesti\u00f3n del voluntariado | Gizalde\",\"isPartOf\":{\"@id\":\"https:\/\/www.gizalde.eus\/es\/#website\"},\"datePublished\":\"2018-10-24T08:05:31+00:00\",\"dateModified\":\"2025-02-07T12:24:03+00:00\",\"breadcrumb\":{\"@id\":\"https:\/\/www.gizalde.eus\/es\/asociaciones-gestion-del-voluntariado\/#breadcrumb\"},\"inLanguage\":\"es\",\"potentialAction\":[{\"@type\":\"ReadAction\",\"target\":[\"https:\/\/www.gizalde.eus\/es\/asociaciones-gestion-del-voluntariado\/\"]}]},{\"@type\":\"BreadcrumbList\",\"@id\":\"https:\/\/www.gizalde.eus\/es\/asociaciones-gestion-del-voluntariado\/#breadcrumb\",\"itemListElement\":[{\"@type\":\"ListItem\",\"position\":1,\"name\":\"Portada\",\"item\":\"https:\/\/www.gizalde.eus\/es\/\"},{\"@type\":\"ListItem\",\"position\":2,\"name\":\"Gesti\u00f3n del voluntariado\"}]}]}<\/script>\n<!-- \/ Yoast SEO plugin. -->","yoast_head_json":{"title":"Gesti\u00f3n del voluntariado | Gizalde","robots":{"index":"index","follow":"follow","max-snippet":"max-snippet:-1","max-image-preview":"max-image-preview:large","max-video-preview":"max-video-preview:-1"},"canonical":"https:\/\/www.gizalde.eus\/es\/asociaciones-gestion-del-voluntariado\/","og_locale":"es_ES","og_type":"article","og_title":"Gesti\u00f3n del voluntariado | Gizalde","og_description":"ASOCIACIONES Gesti\u00f3n del voluntariado \u00bfQu\u00e9 es la gesti\u00f3n del voluntariado de una entidad? La gesti\u00f3n del voluntariado en las asociaciones de voluntariado es un elemento fundamental para la consecuci\u00f3n de los objetivos de la asociaci\u00f3n y para que la experiencia del voluntariado sea enriquecedora. El proceso de organizaci\u00f3n del voluntariado, que incluye la selecci\u00f3n, formaci\u00f3n, [&hellip;]","og_url":"https:\/\/www.gizalde.eus\/es\/asociaciones-gestion-del-voluntariado\/","og_site_name":"Gizalde","article_modified_time":"2025-02-07T12:24:03+00:00","twitter_card":"summary_large_image","twitter_misc":{"Tiempo de lectura":"9 minutos"},"schema":{"@context":"https:\/\/schema.org","@graph":[{"@type":"WebSite","@id":"https:\/\/www.gizalde.eus\/es\/#website","url":"https:\/\/www.gizalde.eus\/es\/","name":"Gizalde","description":"Voluntariado Gipuzkoa","potentialAction":[{"@type":"SearchAction","target":{"@type":"EntryPoint","urlTemplate":"https:\/\/www.gizalde.eus\/es\/?s={search_term_string}"},"query-input":"required name=search_term_string"}],"inLanguage":"es"},{"@type":"WebPage","@id":"https:\/\/www.gizalde.eus\/es\/asociaciones-gestion-del-voluntariado\/#webpage","url":"https:\/\/www.gizalde.eus\/es\/asociaciones-gestion-del-voluntariado\/","name":"Gesti\u00f3n del voluntariado | Gizalde","isPartOf":{"@id":"https:\/\/www.gizalde.eus\/es\/#website"},"datePublished":"2018-10-24T08:05:31+00:00","dateModified":"2025-02-07T12:24:03+00:00","breadcrumb":{"@id":"https:\/\/www.gizalde.eus\/es\/asociaciones-gestion-del-voluntariado\/#breadcrumb"},"inLanguage":"es","potentialAction":[{"@type":"ReadAction","target":["https:\/\/www.gizalde.eus\/es\/asociaciones-gestion-del-voluntariado\/"]}]},{"@type":"BreadcrumbList","@id":"https:\/\/www.gizalde.eus\/es\/asociaciones-gestion-del-voluntariado\/#breadcrumb","itemListElement":[{"@type":"ListItem","position":1,"name":"Portada","item":"https:\/\/www.gizalde.eus\/es\/"},{"@type":"ListItem","position":2,"name":"Gesti\u00f3n del voluntariado"}]}]}},"_links":{"self":[{"href":"https:\/\/www.gizalde.eus\/es\/wp-json\/wp\/v2\/pages\/19","targetHints":{"allow":["GET"]}}],"collection":[{"href":"https:\/\/www.gizalde.eus\/es\/wp-json\/wp\/v2\/pages"}],"about":[{"href":"https:\/\/www.gizalde.eus\/es\/wp-json\/wp\/v2\/types\/page"}],"author":[{"embeddable":true,"href":"https:\/\/www.gizalde.eus\/es\/wp-json\/wp\/v2\/users\/1"}],"replies":[{"embeddable":true,"href":"https:\/\/www.gizalde.eus\/es\/wp-json\/wp\/v2\/comments?post=19"}],"version-history":[{"count":44,"href":"https:\/\/www.gizalde.eus\/es\/wp-json\/wp\/v2\/pages\/19\/revisions"}],"predecessor-version":[{"id":13627,"href":"https:\/\/www.gizalde.eus\/es\/wp-json\/wp\/v2\/pages\/19\/revisions\/13627"}],"wp:attachment":[{"href":"https:\/\/www.gizalde.eus\/es\/wp-json\/wp\/v2\/media?parent=19"}],"curies":[{"name":"wp","href":"https:\/\/api.w.org\/{rel}","templated":true}]}}