{"id":15,"date":"2018-10-24T10:01:34","date_gmt":"2018-10-24T08:01:34","guid":{"rendered":"http:\/\/www.gizalde.eus\/?page_id=15"},"modified":"2026-05-12T12:23:22","modified_gmt":"2026-05-12T11:23:22","slug":"voluntariado","status":"publish","type":"page","link":"https:\/\/www.gizalde.eus\/es\/voluntariado\/","title":{"rendered":"Voluntariado"},"content":{"rendered":"<p>[et_pb_section fb_built=\u00bb1&#8243; _builder_version=\u00bb4.16&#8243; background_image=\u00bb\/\/www.gizalde.eus\/wp-content\/uploads\/2018\/10\/mantenimiento.jpg\u00bb global_colors_info=\u00bb{}\u00bb][et_pb_row _builder_version=\u00bb4.16&#8243; background_size=\u00bbinitial\u00bb background_position=\u00bbtop_left\u00bb background_repeat=\u00bbrepeat\u00bb global_colors_info=\u00bb{}\u00bb][et_pb_column type=\u00bb4_4&#8243; _builder_version=\u00bb4.16&#8243; custom_padding=\u00bb|||\u00bb global_colors_info=\u00bb{}\u00bb custom_padding__hover=\u00bb|||\u00bb][et_pb_text module_class=\u00bbtexto-blanco\u00bb _builder_version=\u00bb4.16&#8243; text_orientation=\u00bbcenter\u00bb global_colors_info=\u00bb{}\u00bb]<\/p>\n<h1>Voluntariado<\/h1>\n<p>[\/et_pb_text][\/et_pb_column][\/et_pb_row][\/et_pb_section][et_pb_section fb_built=\u00bb1&#8243; _builder_version=\u00bb4.16&#8243; global_colors_info=\u00bb{}\u00bb][et_pb_row column_structure=\u00bb1_2,1_2&#8243; _builder_version=\u00bb4.16&#8243; background_size=\u00bbinitial\u00bb background_position=\u00bbtop_left\u00bb background_repeat=\u00bbrepeat\u00bb global_colors_info=\u00bb{}\u00bb][et_pb_column type=\u00bb1_2&#8243; _builder_version=\u00bb4.16&#8243; custom_padding=\u00bb|||\u00bb global_colors_info=\u00bb{}\u00bb custom_padding__hover=\u00bb|||\u00bb][et_pb_text admin_label=\u00bbQuiero ser voluntaria o voluntario\u00bb module_class=\u00bbtitulo-azul\u00bb _builder_version=\u00bb4.16&#8243; global_colors_info=\u00bb{}\u00bb]<\/p>\n<h3>Quiero ser voluntaria o voluntario<\/h3>\n<p>[\/et_pb_text][et_pb_text _builder_version=\u00bb4.16&#8243; global_colors_info=\u00bb{}\u00bb]<\/p>\n<p>\n<strong>Te gusta ayudar a las personas. Quieres participar en la mejora de tu entorno. Sientes ganas de aportar. Deseas luchar por una causa justa. Y quieres hacerlo junto con otras personas a trav\u00e9s de una organizaci\u00f3n para que tu esfuerzo y ayuda tenga el mayor impacto.<\/strong><\/p>\n<p>[\/et_pb_text][et_pb_text _builder_version=\u00bb4.16&#8243; global_colors_info=\u00bb{}\u00bb]<\/p>\n<p>\n\u00a1Bienvenido\/a! Estamos encantados\/as de tenerte con nosotras. Gizalde puede ayudarte y orientarte en esta apasionante aventura que est\u00e1s a punto de comenzar \/ emprender. El voluntariado.<\/p>\n<p>[\/et_pb_text][\/et_pb_column][et_pb_column type=\u00bb1_2&#8243; _builder_version=\u00bb4.16&#8243; custom_padding=\u00bb|||\u00bb global_colors_info=\u00bb{}\u00bb custom_padding__hover=\u00bb|||\u00bb][et_pb_text admin_label=\u00bbPero, \u00bfsabes realmente lo que significa ser voluntaria\/o?\u00bb module_class=\u00bbtitulo-azul\u00bb _builder_version=\u00bb4.16&#8243; global_colors_info=\u00bb{}\u00bb]<\/p>\n<h3>Pero, \u00bfsabes realmente lo que significa ser voluntaria\/o?<\/h3>\n<p>[\/et_pb_text][et_pb_text _builder_version=\u00bb4.16&#8243; global_colors_info=\u00bb{}\u00bb]<\/p>\n<p lang=\"es-ES\">Antes de seguir tal vez deber\u00edas descubrir lo que significa ser voluntario\/a. Es conveniente puntualizar una serie de conceptos, y es recomendable tambi\u00e9n que conozcas las caracter\u00edsticas que posee la acci\u00f3n voluntaria. Si realmente est\u00e1s interesado\/a en ser voluntario\/a t\u00f3mate unos pocos minutos en entender lo que est\u00e1s a punto de hacer.<\/p>\n<p>[\/et_pb_text][\/et_pb_column][\/et_pb_row][et_pb_row _builder_version=\u00bb4.16&#8243; background_size=\u00bbinitial\u00bb background_position=\u00bbtop_left\u00bb background_repeat=\u00bbrepeat\u00bb global_colors_info=\u00bb{}\u00bb][et_pb_column type=\u00bb4_4&#8243; _builder_version=\u00bb4.16&#8243; custom_padding=\u00bb|||\u00bb global_colors_info=\u00bb{}\u00bb custom_padding__hover=\u00bb|||\u00bb][et_pb_button button_url=\u00bb\/es\/voluntariado\/que-es-el-voluntariado\/\u00bb button_text=\u00bb\u00bfQu\u00e9 es el voluntariado?\u00bb button_alignment=\u00bbcenter\u00bb module_class=\u00bbbtn\u00bb _builder_version=\u00bb4.16&#8243; global_colors_info=\u00bb{}\u00bb][\/et_pb_button][\/et_pb_column][\/et_pb_row][\/et_pb_section][et_pb_section fb_built=\u00bb1&#8243; _builder_version=\u00bb4.16&#8243; background_image=\u00bb\/\/www.gizalde.eus\/wp-content\/uploads\/2018\/10\/puzzle-bg.jpg\u00bb parallax=\u00bbon\u00bb parallax_method=\u00bboff\u00bb global_colors_info=\u00bb{}\u00bb][et_pb_row _builder_version=\u00bb4.16&#8243; max_width=\u00bb700px\u00bb use_custom_width=\u00bbon\u00bb custom_width_px=\u00bb700px\u00bb global_colors_info=\u00bb{}\u00bb][et_pb_column type=\u00bb4_4&#8243; _builder_version=\u00bb4.16&#8243; custom_padding=\u00bb|||\u00bb global_colors_info=\u00bb{}\u00bb custom_padding__hover=\u00bb|||\u00bb][et_pb_text admin_label=\u00bbSesiones de acercamiento al voluntariado\u00bb module_class=\u00bbtexto-blanco\u00bb _builder_version=\u00bb4.16&#8243; text_orientation=\u00bbcenter\u00bb global_colors_info=\u00bb{}\u00bb]<\/p>\n<h3>\u00bfQuieres ser voluntaria-o?<\/h3>\n<h3>SESIONES DE ACERCAMIENTO AL VOLUNTARIADO<\/h3>\n<p>&nbsp;<\/p>\n<p>[\/et_pb_text][et_pb_button button_url=\u00bbhttps:\/\/www.gizalde.eus\/wp-content\/uploads\/2026\/03\/Boluntariotzara-hurbiltzeko-saioak-SSetarako.png\u00bb url_new_window=\u00bbon\u00bb button_text=\u00bbInformaci\u00f3n y fechas\u00bb button_alignment=\u00bbcenter\u00bb admin_label=\u00bbInformaci\u00f3n y fechas\u00bb module_class=\u00bbbtn\u00bb _builder_version=\u00bb4.19.5&#8243; hover_enabled=\u00bb0&#8243; z_index_tablet=\u00bb500&#8243; button_text_shadow_horizontal_length_tablet=\u00bb0px\u00bb button_text_shadow_vertical_length_tablet=\u00bb0px\u00bb button_text_shadow_blur_strength_tablet=\u00bb1px\u00bb box_shadow_horizontal_tablet=\u00bb0px\u00bb box_shadow_vertical_tablet=\u00bb0px\u00bb box_shadow_blur_tablet=\u00bb40px\u00bb box_shadow_spread_tablet=\u00bb0px\u00bb global_colors_info=\u00bb{}\u00bb sticky_enabled=\u00bb0&#8243;][\/et_pb_button][et_pb_button button_url=\u00bb\/\/docs.google.com\/forms\/d\/e\/1FAIpQLSfgy4j90-sguzFe14HWQvTuUV-fD_Of0_7huont7m04wes3wA\/viewform\u00bb url_new_window=\u00bbon\u00bb button_text=\u00bbInscripci\u00f3n\u00bb button_alignment=\u00bbcenter\u00bb admin_label=\u00bbInscripci\u00f3n\u00bb module_class=\u00bbbtn\u00bb _builder_version=\u00bb4.16&#8243; global_colors_info=\u00bb{}\u00bb][\/et_pb_button][\/et_pb_column][\/et_pb_row][\/et_pb_section][et_pb_section fb_built=\u00bb1&#8243; _builder_version=\u00bb4.16&#8243; global_colors_info=\u00bb{}\u00bb][et_pb_row _builder_version=\u00bb4.16&#8243; background_size=\u00bbinitial\u00bb background_position=\u00bbtop_left\u00bb background_repeat=\u00bbrepeat\u00bb global_colors_info=\u00bb{}\u00bb][et_pb_column type=\u00bb4_4&#8243; _builder_version=\u00bb4.16&#8243; custom_padding=\u00bb|||\u00bb global_colors_info=\u00bb{}\u00bb custom_padding__hover=\u00bb|||\u00bb][et_pb_text admin_label=\u00bbC\u00f3mo participar del voluntariado: Pasos a seguir\u00bb module_class=\u00bbtitulo-azul\u00bb _builder_version=\u00bb4.16&#8243; global_colors_info=\u00bb{}\u00bb]<\/p>\n<h3>C\u00f3mo participar del voluntariado: Pasos a seguir<\/h3>\n<p>Te ayudaremos en la b\u00fasqueda de entidades donde puedas participar. Procuraremos dar con esa entidad donde puedan encajar tus intereses y habilidades y donde te sientas m\u00e1s c\u00f3modo\/a y realizado\/a con lo que haces.<\/p>\n<p>[\/et_pb_text][et_pb_text admin_label=\u00bbPreguntas que deber\u00edas hacerte antes de ser voluntaria o voluntario\u00bb module_class=\u00bbtitulo-azul\u00bb _builder_version=\u00bb4.16&#8243; global_colors_info=\u00bb{}\u00bb]<\/p>\n<h3>Preguntas que deber\u00edas hacerte antes de ser voluntaria o voluntario<\/h3>\n<p>[\/et_pb_text][et_pb_text _builder_version=\u00bb4.19.5&#8243; global_colors_info=\u00bb{}\u00bb]<\/p>\n<p><strong>Pero antes de acudir a nosotras o alguna asociaci\u00f3n que conozcas de tu entorno, te proponemos lo siguiente: aqu\u00ed te presentamos unas preguntas que deber\u00edas hacerte a t\u00ed mismo\/a. Responderlas te ayudar\u00e1 a descubrir tu lugar en el mundo del voluntariado.<\/strong><\/p>\n<p>[\/et_pb_text][et_pb_text admin_label=\u00bbPreguntas\u00bb _builder_version=\u00bb4.19.5&#8243; global_colors_info=\u00bb{}\u00bb]<\/p>\n<ol>\n<li lang=\"es-ES\"><strong>\u00bfPor qu\u00e9 quieres ser voluntario\/a?<\/strong> reflexiona sobre las motivaciones que te mueven para ser voluntario\/a.<\/li>\n<li lang=\"es-ES\"><strong>\u00bfQu\u00e9 sabes hacer?<\/strong> Valora las habilidades que tienes y para qu\u00e9 actividades te ves capacitado\/ a. Por poco que puedas aportar ser\u00e1 de gran ayuda.<\/li>\n<li lang=\"es-ES\"><strong>\u00bfA qui\u00e9n quieres dirigir la acci\u00f3n?<\/strong> Piensa en el campo que m\u00e1s te atrae, en el que mejor creas encajar, a qu\u00e9 colectivo te quieres dirigir (Personas mayores, personas con discapacidad, Derechos Humanos, etc.). En <a href=\"https:\/\/www.gizalde.eus\/gizalde-portal-voluntariado\/entidades.php\">este enlace<\/a> encontrar\u00e1s informaci\u00f3n de distintas entidades y sus programas de voluntariado.<\/li>\n<li lang=\"es-ES\"><strong>\u00bfDe cu\u00e1nto tiempo dispones?<\/strong>, <strong>\u00bfCu\u00e1nto tiempo estas dispuesto\/a dar?<\/strong> Valora tambi\u00e9n tu disponibilidad: cu\u00e1ntas horas puedes dedicar, cu\u00e1ntos d\u00edas, con qu\u00e9 continuidad.<\/li>\n<li lang=\"es-ES\">Ve inform\u00e1ndote de las distintas asociaciones existentes en tu entorno <strong>\u00bfqu\u00e9 objetivos tienen? \u00bfCu\u00e1les son sus proyectos? \u00bfQu\u00e9 actividades realizan? \u00bfC\u00f3mo funcionan?<br \/><\/strong><\/li>\n<li lang=\"es-ES\">Una vez que hayas recopilado la informaci\u00f3n que creas necesaria, <strong>elige la asociaci\u00f3n que se adecue m\u00e1s a lo que estabas buscando<\/strong>. Concierta una entrevista con la persona responsable del voluntariado de la asociaci\u00f3n, y ve definiendo las tareas a realizar y el tiempo de dedicaci\u00f3n.<\/li>\n<\/ol>\n<p>Si as\u00ed lo prefieres, te podemos ayudar en el proceso y los pasos que vas dando. Tenemos informaci\u00f3n de las necesidades de voluntariado que tienen las organizaciones, informaci\u00f3n general sobre las mismas, informaci\u00f3n sobre los distintos colectivos a los que atienden, etc.<\/p>\n<p>[\/et_pb_text][\/et_pb_column][\/et_pb_row][\/et_pb_section][et_pb_section fb_built=\u00bb1&#8243; _builder_version=\u00bb4.16&#8243; background_image=\u00bb\/\/www.gizalde.eus\/wp-content\/uploads\/2018\/10\/puzzle-bg.jpg\u00bb parallax=\u00bbon\u00bb parallax_method=\u00bboff\u00bb global_colors_info=\u00bb{}\u00bb][et_pb_row _builder_version=\u00bb4.16&#8243; max_width=\u00bb700px\u00bb use_custom_width=\u00bbon\u00bb custom_width_px=\u00bb700px\u00bb global_colors_info=\u00bb{}\u00bb][et_pb_column type=\u00bb4_4&#8243; _builder_version=\u00bb4.16&#8243; custom_padding=\u00bb|||\u00bb global_colors_info=\u00bb{}\u00bb custom_padding__hover=\u00bb|||\u00bb][et_pb_text admin_label=\u00bb\u00bfD\u00f3nde puedo participar \/ ayudar \/ colaborar?\u00bb module_class=\u00bbtexto-blanco\u00bb _builder_version=\u00bb4.16&#8243; text_orientation=\u00bbcenter\u00bb global_colors_info=\u00bb{}\u00bb]<\/p>\n<h3>\u00bfD\u00f3nde puedo participar \/ ayudar \/ colaborar?<\/h3>\n<p>Existen muchas entidades con programas de voluntariado donde participan personas como t\u00fa y en las que podr\u00edas contribuir a mejorar las necesidades de las personas o la propia sociedad. Te proponemos algunos de los \u00e1mbitos donde podr\u00edas participar dando lo mejor de t\u00ed.<\/p>\n<p>[\/et_pb_text][et_pb_button button_url=\u00bbhttp:\/\/www.gizalde.eus\/gizalde-portal-voluntariado\/\u00bb url_new_window=\u00bbon\u00bb button_text=\u00bbProgramas de voluntariado de las entidades\u00bb button_alignment=\u00bbcenter\u00bb admin_label=\u00bbProgramas de voluntariado de las entidades\u00bb module_class=\u00bbbtn\u00bb _builder_version=\u00bb4.16&#8243; global_colors_info=\u00bb{}\u00bb][\/et_pb_button][et_pb_button button_url=\u00bbhttps:\/\/www.gizalde.eus\/es\/necesidades-voluntariado\/\u00bb url_new_window=\u00bbon\u00bb button_text=\u00bbVoluntariado puntual y\/o urgente\u00bb button_alignment=\u00bbcenter\u00bb admin_label=\u00bbVoluntariado puntual y\/o urgente\u00bb module_class=\u00bbbtn\u00bb _builder_version=\u00bb4.19.5&#8243; global_colors_info=\u00bb{}\u00bb][\/et_pb_button][\/et_pb_column][\/et_pb_row][\/et_pb_section][et_pb_section fb_built=\u00bb1&#8243; _builder_version=\u00bb4.16&#8243; global_colors_info=\u00bb{}\u00bb][et_pb_row _builder_version=\u00bb4.16&#8243; max_width=\u00bb600px\u00bb use_custom_width=\u00bbon\u00bb custom_width_px=\u00bb600px\u00bb global_colors_info=\u00bb{}\u00bb][et_pb_column type=\u00bb4_4&#8243; _builder_version=\u00bb4.16&#8243; custom_padding=\u00bb|||\u00bb global_colors_info=\u00bb{}\u00bb custom_padding__hover=\u00bb|||\u00bb][et_pb_text admin_label=\u00bb\u00bfQuieres mas informacion?\u00bb module_class=\u00bbtitulo-azul\u00bb _builder_version=\u00bb4.16&#8243; global_colors_info=\u00bb{}\u00bb]<\/p>\n<h3>\u00bfQuieres m\u00e1s informaci\u00f3n? \u00bfBuscas alguna asociaci\u00f3n? Cualquier cosa que necesites pregunta sin dudar.<\/h3>\n<p>[\/et_pb_text][et_pb_code _builder_version=\u00bb4.16&#8243; global_colors_info=\u00bb{}\u00bb]<div role=\"form\" class=\"wpcf7\" id=\"wpcf7-f112-o1\" lang=\"es-ES\" dir=\"ltr\">\n<div class=\"screen-reader-response\"><p role=\"status\" aria-live=\"polite\" aria-atomic=\"true\"><\/p> <ul><\/ul><\/div>\n<form action=\"\/es\/wp-json\/wp\/v2\/pages\/15#wpcf7-f112-o1\" method=\"post\" class=\"wpcf7-form init\" novalidate=\"novalidate\" data-status=\"init\">\n<div style=\"display: none;\">\n<input type=\"hidden\" name=\"_wpcf7\" value=\"112\" \/>\n<input type=\"hidden\" name=\"_wpcf7_version\" value=\"5.5.4\" \/>\n<input type=\"hidden\" name=\"_wpcf7_locale\" value=\"es_ES\" \/>\n<input type=\"hidden\" name=\"_wpcf7_unit_tag\" value=\"wpcf7-f112-o1\" \/>\n<input type=\"hidden\" name=\"_wpcf7_container_post\" value=\"0\" \/>\n<input type=\"hidden\" name=\"_wpcf7_posted_data_hash\" value=\"\" \/>\n<input type=\"hidden\" name=\"_wpcf7_recaptcha_response\" value=\"\" \/>\n<\/div>\n<p><label>Nombre*<br \/>\n    <span class=\"wpcf7-form-control-wrap your-name\"><input type=\"text\" name=\"your-name\" value=\"\" size=\"40\" class=\"wpcf7-form-control wpcf7-text wpcf7-validates-as-required\" aria-required=\"true\" aria-invalid=\"false\" \/><\/span><\/label><\/p>\n<p><label>Email*<br \/>\n    <span class=\"wpcf7-form-control-wrap your-email\"><input type=\"email\" name=\"your-email\" value=\"\" size=\"40\" class=\"wpcf7-form-control wpcf7-text wpcf7-email wpcf7-validates-as-required wpcf7-validates-as-email\" aria-required=\"true\" aria-invalid=\"false\" \/><\/span><\/label><\/p>\n<p><label>Tel\u00e9fono<br \/>\n<span class=\"wpcf7-form-control-wrap tel-826\"><input type=\"tel\" name=\"tel-826\" value=\"\" size=\"40\" class=\"wpcf7-form-control wpcf7-text wpcf7-tel wpcf7-validates-as-tel\" aria-invalid=\"false\" \/><\/span><\/label><\/p>\n<p><label>Mensaje*<br \/>\n    <span class=\"wpcf7-form-control-wrap your-message\"><textarea name=\"your-message\" cols=\"40\" rows=\"10\" class=\"wpcf7-form-control wpcf7-textarea wpcf7-validates-as-required\" aria-required=\"true\" aria-invalid=\"false\"><\/textarea><\/span><\/label><\/p>\n<p><label><span class=\"wpcf7-form-control-wrap checkbox-776\"><span class=\"wpcf7-form-control wpcf7-checkbox wpcf7-validates-as-required\"><span class=\"wpcf7-list-item first last\"><input type=\"checkbox\" name=\"checkbox-776[]\" value=\"Los datos de car\u00e1cter personal facilitados ser\u00e1n incorporados a las actividades de tratamiento responsabilidad de Gizalde en base al inter\u00e9s leg\u00edtimo de atender la comunicaci\u00f3n que nos dirige. Usted podr\u00e1 ejercitar sus derechos de acceso, rectificaci\u00f3n, limitaci\u00f3n de tratamiento, supresi\u00f3n, portabilidad y oposici\u00f3n y revocar su consentimiento, dirigi\u00e9ndose a gizalde@gizalde.eus. Para m\u00e1s informaci\u00f3n consulte nuestra Pol\u00edtica de Privacidad.\" \/><span class=\"wpcf7-list-item-label\">Los datos de car\u00e1cter personal facilitados ser\u00e1n incorporados a las actividades de tratamiento responsabilidad de Gizalde en base al inter\u00e9s leg\u00edtimo de atender la comunicaci\u00f3n que nos dirige. Usted podr\u00e1 ejercitar sus derechos de acceso, rectificaci\u00f3n, limitaci\u00f3n de tratamiento, supresi\u00f3n, portabilidad y oposici\u00f3n y revocar su consentimiento, dirigi\u00e9ndose a gizalde@gizalde.eus. Para m\u00e1s informaci\u00f3n consulte nuestra Pol\u00edtica de Privacidad.<\/span><\/span><\/span><\/span><\/label><\/p>\n<p><small>* Campos requeridos<\/small><\/p>\n<span class=\"wpcf7-form-control-wrap recaptcha\"><span data-sitekey=\"6LcPM4gUAAAAAMwVyF6Ex6XoaMSD-hpOnLlKdu5y\" class=\"wpcf7-form-control g-recaptcha wpcf7-recaptcha\"><\/span>\r\n<noscript>\r\n\t<div class=\"grecaptcha-noscript\">\r\n\t\t<iframe loading=\"lazy\" src=\"https:\/\/www.google.com\/recaptcha\/api\/fallback?k=6LcPM4gUAAAAAMwVyF6Ex6XoaMSD-hpOnLlKdu5y\" frameborder=\"0\" scrolling=\"no\" width=\"310\" height=\"430\">\r\n\t\t<\/iframe>\r\n\t\t<textarea name=\"g-recaptcha-response\" rows=\"3\" cols=\"40\" placeholder=\"Aqu\u00ed la respuesta de reCAPTCHA\">\r\n\t\t<\/textarea>\r\n\t<\/div>\r\n<\/noscript>\r\n<\/span>\n<p><input type=\"submit\" value=\"Enviar\" class=\"wpcf7-form-control has-spinner wpcf7-submit\" \/><\/p>\n<div class=\"wpcf7-response-output\" aria-hidden=\"true\"><\/div><\/form><\/div>[\/et_pb_code][\/et_pb_column][\/et_pb_row][\/et_pb_section]<\/p>\n","protected":false},"excerpt":{"rendered":"<p>Voluntariado Quiero ser voluntaria o voluntario Te gusta ayudar a las personas. Quieres participar en la mejora de tu entorno. Sientes ganas de aportar. Deseas luchar por una causa justa. Y quieres hacerlo junto con otras personas a trav\u00e9s de una organizaci\u00f3n para que tu esfuerzo y ayuda tenga el mayor impacto. \u00a1Bienvenido\/a! Estamos encantados\/as [&hellip;]<\/p>\n","protected":false},"author":1,"featured_media":0,"parent":0,"menu_order":0,"comment_status":"closed","ping_status":"closed","template":"","meta":{"_et_pb_use_builder":"on","_et_pb_old_content":"","_et_gb_content_width":"","footnotes":""},"class_list":["post-15","page","type-page","status-publish","hentry"],"yoast_head":"<!-- This site is optimized with the Yoast SEO plugin v18.0 - https:\/\/yoast.com\/wordpress\/plugins\/seo\/ -->\n<title>Voluntariado | Gizalde<\/title>\n<meta name=\"robots\" content=\"index, follow, max-snippet:-1, max-image-preview:large, max-video-preview:-1\" \/>\n<link rel=\"canonical\" href=\"https:\/\/www.gizalde.eus\/es\/voluntariado\/\" \/>\n<meta property=\"og:locale\" content=\"es_ES\" \/>\n<meta property=\"og:type\" content=\"article\" \/>\n<meta property=\"og:title\" content=\"Voluntariado | Gizalde\" \/>\n<meta property=\"og:description\" content=\"Voluntariado Quiero ser voluntaria o voluntario Te gusta ayudar a las personas. Quieres participar en la mejora de tu entorno. Sientes ganas de aportar. Deseas luchar por una causa justa. Y quieres hacerlo junto con otras personas a trav\u00e9s de una organizaci\u00f3n para que tu esfuerzo y ayuda tenga el mayor impacto. \u00a1Bienvenido\/a! Estamos encantados\/as [&hellip;]\" \/>\n<meta property=\"og:url\" content=\"https:\/\/www.gizalde.eus\/es\/voluntariado\/\" \/>\n<meta property=\"og:site_name\" content=\"Gizalde\" \/>\n<meta property=\"article:modified_time\" content=\"2026-05-12T11:23:22+00:00\" \/>\n<meta name=\"twitter:card\" content=\"summary_large_image\" \/>\n<meta name=\"twitter:label1\" content=\"Tiempo de lectura\" \/>\n\t<meta name=\"twitter:data1\" content=\"7 minutos\" \/>\n<script type=\"application\/ld+json\" class=\"yoast-schema-graph\">{\"@context\":\"https:\/\/schema.org\",\"@graph\":[{\"@type\":\"WebSite\",\"@id\":\"https:\/\/www.gizalde.eus\/es\/#website\",\"url\":\"https:\/\/www.gizalde.eus\/es\/\",\"name\":\"Gizalde\",\"description\":\"Voluntariado Gipuzkoa\",\"potentialAction\":[{\"@type\":\"SearchAction\",\"target\":{\"@type\":\"EntryPoint\",\"urlTemplate\":\"https:\/\/www.gizalde.eus\/es\/?s={search_term_string}\"},\"query-input\":\"required name=search_term_string\"}],\"inLanguage\":\"es\"},{\"@type\":\"WebPage\",\"@id\":\"https:\/\/www.gizalde.eus\/es\/voluntariado\/#webpage\",\"url\":\"https:\/\/www.gizalde.eus\/es\/voluntariado\/\",\"name\":\"Voluntariado | Gizalde\",\"isPartOf\":{\"@id\":\"https:\/\/www.gizalde.eus\/es\/#website\"},\"datePublished\":\"2018-10-24T08:01:34+00:00\",\"dateModified\":\"2026-05-12T11:23:22+00:00\",\"breadcrumb\":{\"@id\":\"https:\/\/www.gizalde.eus\/es\/voluntariado\/#breadcrumb\"},\"inLanguage\":\"es\",\"potentialAction\":[{\"@type\":\"ReadAction\",\"target\":[\"https:\/\/www.gizalde.eus\/es\/voluntariado\/\"]}]},{\"@type\":\"BreadcrumbList\",\"@id\":\"https:\/\/www.gizalde.eus\/es\/voluntariado\/#breadcrumb\",\"itemListElement\":[{\"@type\":\"ListItem\",\"position\":1,\"name\":\"Portada\",\"item\":\"https:\/\/www.gizalde.eus\/es\/\"},{\"@type\":\"ListItem\",\"position\":2,\"name\":\"Voluntariado\"}]}]}<\/script>\n<!-- \/ Yoast SEO plugin. -->","yoast_head_json":{"title":"Voluntariado | Gizalde","robots":{"index":"index","follow":"follow","max-snippet":"max-snippet:-1","max-image-preview":"max-image-preview:large","max-video-preview":"max-video-preview:-1"},"canonical":"https:\/\/www.gizalde.eus\/es\/voluntariado\/","og_locale":"es_ES","og_type":"article","og_title":"Voluntariado | Gizalde","og_description":"Voluntariado Quiero ser voluntaria o voluntario Te gusta ayudar a las personas. Quieres participar en la mejora de tu entorno. Sientes ganas de aportar. Deseas luchar por una causa justa. Y quieres hacerlo junto con otras personas a trav\u00e9s de una organizaci\u00f3n para que tu esfuerzo y ayuda tenga el mayor impacto. \u00a1Bienvenido\/a! Estamos encantados\/as [&hellip;]","og_url":"https:\/\/www.gizalde.eus\/es\/voluntariado\/","og_site_name":"Gizalde","article_modified_time":"2026-05-12T11:23:22+00:00","twitter_card":"summary_large_image","twitter_misc":{"Tiempo de lectura":"7 minutos"},"schema":{"@context":"https:\/\/schema.org","@graph":[{"@type":"WebSite","@id":"https:\/\/www.gizalde.eus\/es\/#website","url":"https:\/\/www.gizalde.eus\/es\/","name":"Gizalde","description":"Voluntariado Gipuzkoa","potentialAction":[{"@type":"SearchAction","target":{"@type":"EntryPoint","urlTemplate":"https:\/\/www.gizalde.eus\/es\/?s={search_term_string}"},"query-input":"required name=search_term_string"}],"inLanguage":"es"},{"@type":"WebPage","@id":"https:\/\/www.gizalde.eus\/es\/voluntariado\/#webpage","url":"https:\/\/www.gizalde.eus\/es\/voluntariado\/","name":"Voluntariado | Gizalde","isPartOf":{"@id":"https:\/\/www.gizalde.eus\/es\/#website"},"datePublished":"2018-10-24T08:01:34+00:00","dateModified":"2026-05-12T11:23:22+00:00","breadcrumb":{"@id":"https:\/\/www.gizalde.eus\/es\/voluntariado\/#breadcrumb"},"inLanguage":"es","potentialAction":[{"@type":"ReadAction","target":["https:\/\/www.gizalde.eus\/es\/voluntariado\/"]}]},{"@type":"BreadcrumbList","@id":"https:\/\/www.gizalde.eus\/es\/voluntariado\/#breadcrumb","itemListElement":[{"@type":"ListItem","position":1,"name":"Portada","item":"https:\/\/www.gizalde.eus\/es\/"},{"@type":"ListItem","position":2,"name":"Voluntariado"}]}]}},"_links":{"self":[{"href":"https:\/\/www.gizalde.eus\/es\/wp-json\/wp\/v2\/pages\/15","targetHints":{"allow":["GET"]}}],"collection":[{"href":"https:\/\/www.gizalde.eus\/es\/wp-json\/wp\/v2\/pages"}],"about":[{"href":"https:\/\/www.gizalde.eus\/es\/wp-json\/wp\/v2\/types\/page"}],"author":[{"embeddable":true,"href":"https:\/\/www.gizalde.eus\/es\/wp-json\/wp\/v2\/users\/1"}],"replies":[{"embeddable":true,"href":"https:\/\/www.gizalde.eus\/es\/wp-json\/wp\/v2\/comments?post=15"}],"version-history":[{"count":40,"href":"https:\/\/www.gizalde.eus\/es\/wp-json\/wp\/v2\/pages\/15\/revisions"}],"predecessor-version":[{"id":15782,"href":"https:\/\/www.gizalde.eus\/es\/wp-json\/wp\/v2\/pages\/15\/revisions\/15782"}],"wp:attachment":[{"href":"https:\/\/www.gizalde.eus\/es\/wp-json\/wp\/v2\/media?parent=15"}],"curies":[{"name":"wp","href":"https:\/\/api.w.org\/{rel}","templated":true}]}}