{"id":12584,"date":"2024-09-27T13:07:04","date_gmt":"2024-09-27T12:07:04","guid":{"rendered":"https:\/\/www.gizalde.eus\/?page_id=12584"},"modified":"2025-10-10T13:04:55","modified_gmt":"2025-10-10T12:04:55","slug":"skvl-recursos","status":"publish","type":"page","link":"https:\/\/www.gizalde.eus\/es\/skvl-recursos\/","title":{"rendered":"skvl-recursos"},"content":{"rendered":"<p>[et_pb_section fb_built=\u00bb1&#8243; _builder_version=\u00bb4.19.5&#8243; background_enable_image=\u00bboff\u00bb background_blend=\u00bblighten\u00bb collapsed=\u00bboff\u00bb global_colors_info=\u00bb{}\u00bb][et_pb_row _builder_version=\u00bb4.19.5&#8243; background_size=\u00bbinitial\u00bb background_position=\u00bbtop_left\u00bb background_repeat=\u00bbrepeat\u00bb collapsed=\u00bboff\u00bb global_colors_info=\u00bb{}\u00bb][et_pb_column type=\u00bb4_4&#8243; _builder_version=\u00bb4.16&#8243; custom_padding=\u00bb|||\u00bb global_colors_info=\u00bb{}\u00bb custom_padding__hover=\u00bb|||\u00bb][et_pb_image src=\u00bbhttps:\/\/www.gizalde.eus\/wp-content\/uploads\/2024\/07\/recursos_skvl-300&#215;66.jpg\u00bb title_text=\u00bbrecursos_skvl\u00bb align=\u00bbcenter\u00bb _builder_version=\u00bb4.19.5&#8243; _module_preset=\u00bbdefault\u00bb global_colors_info=\u00bb{}\u00bb][\/et_pb_image][\/et_pb_column][\/et_pb_row][et_pb_row column_structure=\u00bb1_4,1_4,1_4,1_4&#8243; _builder_version=\u00bb4.16&#8243; background_size=\u00bbinitial\u00bb background_position=\u00bbtop_left\u00bb background_repeat=\u00bbrepeat\u00bb collapsed=\u00bboff\u00bb global_colors_info=\u00bb{}\u00bb][et_pb_column type=\u00bb1_4&#8243; _builder_version=\u00bb4.16&#8243; custom_padding=\u00bb|||\u00bb global_colors_info=\u00bb{}\u00bb custom_padding__hover=\u00bb|||\u00bb][et_pb_image src=\u00bbhttps:\/\/www.gizalde.eus\/wp-content\/uploads\/2025\/09\/Errekurtsoa-ILAB-Boluntariotzaren-egoera.png\u00bb title_text=\u00bbErrekurtsoa ILAB Boluntariotzaren egoera\u00bb url=\u00bbhttps:\/\/drive.google.com\/file\/d\/1pg6Jizc8P3ca9qdhfXV2P5yWFahmcik4\/view?usp=sharing\u00bb url_new_window=\u00bbon\u00bb align=\u00bbcenter\u00bb admin_label=\u00bbimagen\u00bb _builder_version=\u00bb4.19.5&#8243; _module_preset=\u00bbdefault\u00bb hover_enabled=\u00bb0&#8243; border_radii=\u00bbon|30px|30px|30px|30px\u00bb box_shadow_style=\u00bbpreset1&#8243; global_colors_info=\u00bb{}\u00bb sticky_enabled=\u00bb0&#8243;][\/et_pb_image][et_pb_text admin_label=\u00bbSituaci\u00f3n del voluntariado. An\u00e1lisis, perspectivas y propuestas.\u00bb module_class=\u00bbtitulo-azul\u00bb _builder_version=\u00bb4.19.5&#8243; link_option_url=\u00bbhttps:\/\/drive.google.com\/file\/d\/1pg6Jizc8P3ca9qdhfXV2P5yWFahmcik4\/view?usp=sharing\u00bb link_option_url_new_window=\u00bbon\u00bb global_colors_info=\u00bb{}\u00bb]<\/p>\n<h4 style=\"text-align: center;\"><span class=\"OYPEnA text-decoration-none text-strikethrough-none\">\u201cSituaci\u00f3n del voluntariado. An\u00e1lisis, perspectivas y propuestas\u201d.<\/span><\/h4>\n<p>[\/et_pb_text][\/et_pb_column][et_pb_column type=\u00bb1_4&#8243; _builder_version=\u00bb4.16&#8243; custom_padding=\u00bb|||\u00bb global_colors_info=\u00bb{}\u00bb custom_padding__hover=\u00bb|||\u00bb][et_pb_image src=\u00bbhttps:\/\/www.gizalde.eus\/wp-content\/uploads\/2025\/07\/Foto_Autocuidado3Lecturaeinfusion-scaled.jpg\u00bb title_text=\u00bbFoto_Autocuidado3Lecturaeinfusion\u00bb url=\u00bbhttps:\/\/drive.google.com\/file\/d\/17ST7a3kvxdrwwNXp_N6EXFwhNL3xCEjt\/view?usp=sharing\u00bb url_new_window=\u00bbon\u00bb align=\u00bbcenter\u00bb admin_label=\u00bbimagen\u00bb _builder_version=\u00bb4.19.5&#8243; _module_preset=\u00bbdefault\u00bb border_radii=\u00bbon|30px|30px|30px|30px\u00bb box_shadow_style=\u00bbpreset1&#8243; global_colors_info=\u00bb{}\u00bb][\/et_pb_image][et_pb_text admin_label=\u00bb\u201cTips%22 de autocuidado para el voluntariado\u201d.\u00bb module_class=\u00bbtitulo-azul\u00bb _builder_version=\u00bb4.19.5&#8243; link_option_url=\u00bbhttps:\/\/drive.google.com\/file\/d\/17ST7a3kvxdrwwNXp_N6EXFwhNL3xCEjt\/view?usp=sharing\u00bb link_option_url_new_window=\u00bbon\u00bb global_colors_info=\u00bb{}\u00bb]<\/p>\n<h4 style=\"text-align: center;\"><span class=\"OYPEnA text-decoration-none text-strikethrough-none\">\u201cTips de autocuidado para el voluntariado\u201d.<\/span><\/h4>\n<p>[\/et_pb_text][\/et_pb_column][et_pb_column type=\u00bb1_4&#8243; _builder_version=\u00bb4.16&#8243; custom_padding=\u00bb|||\u00bb global_colors_info=\u00bb{}\u00bb custom_padding__hover=\u00bb|||\u00bb][et_pb_image src=\u00bbhttps:\/\/www.gizalde.eus\/wp-content\/uploads\/2025\/07\/Boluntarioen-zaintza-errekutsoa-1-scaled.jpg\u00bb title_text=\u00bbMotivation event\u00bb url=\u00bbhttps:\/\/drive.google.com\/file\/d\/1yptDVES7fIepGBuZWzyoRuxxcO9eAw6L\/view?usp=sharing\u00bb url_new_window=\u00bbon\u00bb align=\u00bbcenter\u00bb admin_label=\u00bbimagen\u00bb _builder_version=\u00bb4.19.5&#8243; _module_preset=\u00bbdefault\u00bb border_radii=\u00bbon|30px|30px|30px|30px\u00bb box_shadow_style=\u00bbpreset1&#8243; global_colors_info=\u00bb{}\u00bb][\/et_pb_image][et_pb_text admin_label=\u00bbClaves para el cuidado del voluntariado vinculadas al ciclo del voluntariado\u00bb module_class=\u00bbtitulo-azul\u00bb _builder_version=\u00bb4.19.5&#8243; link_option_url=\u00bbhttps:\/\/drive.google.com\/file\/d\/1yptDVES7fIepGBuZWzyoRuxxcO9eAw6L\/view?usp=sharing\u00bb link_option_url_new_window=\u00bbon\u00bb global_colors_info=\u00bb{}\u00bb]<\/p>\n<h4 style=\"text-align: center;\"><span class=\"OYPEnA text-decoration-none text-strikethrough-none\">\u201cClaves para el cuidado del voluntariado vinculadas al ciclo del voluntariado\u201d.<\/span><\/h4>\n<p>[\/et_pb_text][\/et_pb_column][et_pb_column type=\u00bb1_4&#8243; _builder_version=\u00bb4.16&#8243; custom_padding=\u00bb|||\u00bb global_colors_info=\u00bb{}\u00bb custom_padding__hover=\u00bb|||\u00bb][et_pb_image src=\u00bbhttps:\/\/www.gizalde.eus\/wp-content\/uploads\/2024\/10\/Erretkurtsoa-BANNERRA-txikiago-e1752235275418.png\u00bb title_text=\u00bbErretkurtsoa BANNERRA txikiago\u00bb url=\u00bbhttps:\/\/drive.google.com\/file\/d\/1VUayvRvJ9tlL1xrc1wtBrLdjVHa0zbT9\/view?usp=drive_link\u00bb url_new_window=\u00bbon\u00bb align=\u00bbcenter\u00bb admin_label=\u00bbimagen\u00bb _builder_version=\u00bb4.19.5&#8243; _module_preset=\u00bbdefault\u00bb border_radii=\u00bbon|30px|30px|30px|30px\u00bb box_shadow_style=\u00bbpreset1&#8243; global_colors_info=\u00bb{}\u00bb][\/et_pb_image][et_pb_text admin_label=\u00bb\u201cMalet\u00edn de herramientas digitales para la gesti\u00f3n y dinamizaci\u00f3n de la acci\u00f3n voluntaria\u201d (Documento digital).\u00bb module_class=\u00bbtitulo-azul\u00bb _builder_version=\u00bb4.19.5&#8243; link_option_url=\u00bbhttps:\/\/drive.google.com\/file\/d\/1VUayvRvJ9tlL1xrc1wtBrLdjVHa0zbT9\/view?usp=drive_link\u00bb link_option_url_new_window=\u00bbon\u00bb global_colors_info=\u00bb{}\u00bb]<\/p>\n<h4 style=\"text-align: center;\"><span class=\"OYPEnA text-decoration-none text-strikethrough-none\">\u201cMalet\u00edn de herramientas digitales para la gesti\u00f3n y dinamizaci\u00f3n de la acci\u00f3n voluntaria\u201d (Documento digital).<\/span><\/h4>\n<p>[\/et_pb_text][\/et_pb_column][\/et_pb_row][et_pb_row column_structure=\u00bb1_6,1_6,1_6,1_6,1_6,1_6&#8243; _builder_version=\u00bb4.19.5&#8243; background_size=\u00bbinitial\u00bb background_position=\u00bbtop_left\u00bb background_repeat=\u00bbrepeat\u00bb locked=\u00bboff\u00bb collapsed=\u00bboff\u00bb global_colors_info=\u00bb{}\u00bb][et_pb_column type=\u00bb1_6&#8243; _builder_version=\u00bb4.16&#8243; custom_padding=\u00bb|||\u00bb global_colors_info=\u00bb{}\u00bb custom_padding__hover=\u00bb|||\u00bb][\/et_pb_column][et_pb_column type=\u00bb1_6&#8243; _builder_version=\u00bb4.16&#8243; custom_padding=\u00bb|||\u00bb global_colors_info=\u00bb{}\u00bb custom_padding__hover=\u00bb|||\u00bb][et_pb_image src=\u00bbhttps:\/\/www.gizalde.eus\/wp-content\/uploads\/2024\/09\/Gizalde-logo-vertical.png\u00bb title_text=\u00bbGizalde logo vertical\u00bb align=\u00bbcenter\u00bb _builder_version=\u00bb4.19.5&#8243; _module_preset=\u00bbdefault\u00bb global_colors_info=\u00bb{}\u00bb][\/et_pb_image][\/et_pb_column][et_pb_column type=\u00bb1_6&#8243; _builder_version=\u00bb4.16&#8243; custom_padding=\u00bb|||\u00bb global_colors_info=\u00bb{}\u00bb custom_padding__hover=\u00bb|||\u00bb][et_pb_image src=\u00bbhttps:\/\/www.gizalde.eus\/wp-content\/uploads\/2024\/07\/Logo-batekin-300&#215;225.jpg\u00bb title_text=\u00bbLogo batekin\u00bb align=\u00bbcenter\u00bb _builder_version=\u00bb4.19.5&#8243; _module_preset=\u00bbdefault\u00bb global_colors_info=\u00bb{}\u00bb][\/et_pb_image][\/et_pb_column][et_pb_column type=\u00bb1_6&#8243; _builder_version=\u00bb4.16&#8243; custom_padding=\u00bb|||\u00bb global_colors_info=\u00bb{}\u00bb custom_padding__hover=\u00bb|||\u00bb][et_pb_image src=\u00bbhttps:\/\/www.gizalde.eus\/wp-content\/uploads\/2024\/09\/BizkaiaGara_logo.jpg\u00bb title_text=\u00bbBizkaiaGara_logo\u00bb align=\u00bbcenter\u00bb _builder_version=\u00bb4.19.5&#8243; _module_preset=\u00bbdefault\u00bb global_colors_info=\u00bb{}\u00bb][\/et_pb_image][\/et_pb_column][et_pb_column type=\u00bb1_6&#8243; _builder_version=\u00bb4.16&#8243; custom_padding=\u00bb|||\u00bb global_colors_info=\u00bb{}\u00bb custom_padding__hover=\u00bb|||\u00bb][et_pb_image src=\u00bbhttps:\/\/www.gizalde.eus\/wp-content\/uploads\/2024\/07\/Logo-EJ-300&#215;142.jpg\u00bb title_text=\u00bbLATERALA_KOLORE\u00bb align=\u00bbcenter\u00bb _builder_version=\u00bb4.19.5&#8243; _module_preset=\u00bbdefault\u00bb global_colors_info=\u00bb{}\u00bb][\/et_pb_image][\/et_pb_column][et_pb_column type=\u00bb1_6&#8243; _builder_version=\u00bb4.16&#8243; custom_padding=\u00bb|||\u00bb global_colors_info=\u00bb{}\u00bb custom_padding__hover=\u00bb|||\u00bb][\/et_pb_column][\/et_pb_row][\/et_pb_section]<\/p>\n","protected":false},"excerpt":{"rendered":"<p>\u201cSituaci\u00f3n del voluntariado. An\u00e1lisis, perspectivas y propuestas\u201d.\u201cTips de autocuidado para el voluntariado\u201d.\u201cClaves para el cuidado del voluntariado vinculadas al ciclo del voluntariado\u201d.\u201cMalet\u00edn de herramientas digitales para la gesti\u00f3n y dinamizaci\u00f3n de la acci\u00f3n voluntaria\u201d (Documento digital).<\/p>\n","protected":false},"author":2,"featured_media":0,"parent":0,"menu_order":0,"comment_status":"closed","ping_status":"closed","template":"","meta":{"_et_pb_use_builder":"on","_et_pb_old_content":"","_et_gb_content_width":"","footnotes":""},"class_list":["post-12584","page","type-page","status-publish","hentry"],"yoast_head":"<!-- This site is optimized with the Yoast SEO plugin v18.0 - https:\/\/yoast.com\/wordpress\/plugins\/seo\/ -->\n<title>skvl-recursos | Gizalde<\/title>\n<meta name=\"robots\" content=\"index, follow, max-snippet:-1, max-image-preview:large, max-video-preview:-1\" \/>\n<link rel=\"canonical\" href=\"https:\/\/www.gizalde.eus\/es\/skvl-recursos\/\" \/>\n<meta property=\"og:locale\" content=\"es_ES\" \/>\n<meta property=\"og:type\" content=\"article\" \/>\n<meta property=\"og:title\" content=\"skvl-recursos | Gizalde\" \/>\n<meta property=\"og:description\" content=\"\u201cSituaci\u00f3n del voluntariado. An\u00e1lisis, perspectivas y propuestas\u201d.\u201cTips de autocuidado para el voluntariado\u201d.\u201cClaves para el cuidado del voluntariado vinculadas al ciclo del voluntariado\u201d.\u201cMalet\u00edn de herramientas digitales para la gesti\u00f3n y dinamizaci\u00f3n de la acci\u00f3n voluntaria\u201d (Documento digital).\" \/>\n<meta property=\"og:url\" content=\"https:\/\/www.gizalde.eus\/es\/skvl-recursos\/\" \/>\n<meta property=\"og:site_name\" content=\"Gizalde\" \/>\n<meta property=\"article:modified_time\" content=\"2025-10-10T12:04:55+00:00\" \/>\n<meta name=\"twitter:card\" content=\"summary_large_image\" \/>\n<meta name=\"twitter:label1\" content=\"Tiempo de lectura\" \/>\n\t<meta name=\"twitter:data1\" content=\"5 minutos\" \/>\n<script type=\"application\/ld+json\" class=\"yoast-schema-graph\">{\"@context\":\"https:\/\/schema.org\",\"@graph\":[{\"@type\":\"WebSite\",\"@id\":\"https:\/\/www.gizalde.eus\/es\/#website\",\"url\":\"https:\/\/www.gizalde.eus\/es\/\",\"name\":\"Gizalde\",\"description\":\"Voluntariado Gipuzkoa\",\"potentialAction\":[{\"@type\":\"SearchAction\",\"target\":{\"@type\":\"EntryPoint\",\"urlTemplate\":\"https:\/\/www.gizalde.eus\/es\/?s={search_term_string}\"},\"query-input\":\"required name=search_term_string\"}],\"inLanguage\":\"es\"},{\"@type\":\"WebPage\",\"@id\":\"https:\/\/www.gizalde.eus\/es\/skvl-recursos\/#webpage\",\"url\":\"https:\/\/www.gizalde.eus\/es\/skvl-recursos\/\",\"name\":\"skvl-recursos | Gizalde\",\"isPartOf\":{\"@id\":\"https:\/\/www.gizalde.eus\/es\/#website\"},\"datePublished\":\"2024-09-27T12:07:04+00:00\",\"dateModified\":\"2025-10-10T12:04:55+00:00\",\"breadcrumb\":{\"@id\":\"https:\/\/www.gizalde.eus\/es\/skvl-recursos\/#breadcrumb\"},\"inLanguage\":\"es\",\"potentialAction\":[{\"@type\":\"ReadAction\",\"target\":[\"https:\/\/www.gizalde.eus\/es\/skvl-recursos\/\"]}]},{\"@type\":\"BreadcrumbList\",\"@id\":\"https:\/\/www.gizalde.eus\/es\/skvl-recursos\/#breadcrumb\",\"itemListElement\":[{\"@type\":\"ListItem\",\"position\":1,\"name\":\"Portada\",\"item\":\"https:\/\/www.gizalde.eus\/es\/\"},{\"@type\":\"ListItem\",\"position\":2,\"name\":\"skvl-recursos\"}]}]}<\/script>\n<!-- \/ Yoast SEO plugin. -->","yoast_head_json":{"title":"skvl-recursos | Gizalde","robots":{"index":"index","follow":"follow","max-snippet":"max-snippet:-1","max-image-preview":"max-image-preview:large","max-video-preview":"max-video-preview:-1"},"canonical":"https:\/\/www.gizalde.eus\/es\/skvl-recursos\/","og_locale":"es_ES","og_type":"article","og_title":"skvl-recursos | Gizalde","og_description":"\u201cSituaci\u00f3n del voluntariado. An\u00e1lisis, perspectivas y propuestas\u201d.\u201cTips de autocuidado para el voluntariado\u201d.\u201cClaves para el cuidado del voluntariado vinculadas al ciclo del voluntariado\u201d.\u201cMalet\u00edn de herramientas digitales para la gesti\u00f3n y dinamizaci\u00f3n de la acci\u00f3n voluntaria\u201d (Documento digital).","og_url":"https:\/\/www.gizalde.eus\/es\/skvl-recursos\/","og_site_name":"Gizalde","article_modified_time":"2025-10-10T12:04:55+00:00","twitter_card":"summary_large_image","twitter_misc":{"Tiempo de lectura":"5 minutos"},"schema":{"@context":"https:\/\/schema.org","@graph":[{"@type":"WebSite","@id":"https:\/\/www.gizalde.eus\/es\/#website","url":"https:\/\/www.gizalde.eus\/es\/","name":"Gizalde","description":"Voluntariado Gipuzkoa","potentialAction":[{"@type":"SearchAction","target":{"@type":"EntryPoint","urlTemplate":"https:\/\/www.gizalde.eus\/es\/?s={search_term_string}"},"query-input":"required name=search_term_string"}],"inLanguage":"es"},{"@type":"WebPage","@id":"https:\/\/www.gizalde.eus\/es\/skvl-recursos\/#webpage","url":"https:\/\/www.gizalde.eus\/es\/skvl-recursos\/","name":"skvl-recursos | Gizalde","isPartOf":{"@id":"https:\/\/www.gizalde.eus\/es\/#website"},"datePublished":"2024-09-27T12:07:04+00:00","dateModified":"2025-10-10T12:04:55+00:00","breadcrumb":{"@id":"https:\/\/www.gizalde.eus\/es\/skvl-recursos\/#breadcrumb"},"inLanguage":"es","potentialAction":[{"@type":"ReadAction","target":["https:\/\/www.gizalde.eus\/es\/skvl-recursos\/"]}]},{"@type":"BreadcrumbList","@id":"https:\/\/www.gizalde.eus\/es\/skvl-recursos\/#breadcrumb","itemListElement":[{"@type":"ListItem","position":1,"name":"Portada","item":"https:\/\/www.gizalde.eus\/es\/"},{"@type":"ListItem","position":2,"name":"skvl-recursos"}]}]}},"_links":{"self":[{"href":"https:\/\/www.gizalde.eus\/es\/wp-json\/wp\/v2\/pages\/12584","targetHints":{"allow":["GET"]}}],"collection":[{"href":"https:\/\/www.gizalde.eus\/es\/wp-json\/wp\/v2\/pages"}],"about":[{"href":"https:\/\/www.gizalde.eus\/es\/wp-json\/wp\/v2\/types\/page"}],"author":[{"embeddable":true,"href":"https:\/\/www.gizalde.eus\/es\/wp-json\/wp\/v2\/users\/2"}],"replies":[{"embeddable":true,"href":"https:\/\/www.gizalde.eus\/es\/wp-json\/wp\/v2\/comments?post=12584"}],"version-history":[{"count":23,"href":"https:\/\/www.gizalde.eus\/es\/wp-json\/wp\/v2\/pages\/12584\/revisions"}],"predecessor-version":[{"id":14764,"href":"https:\/\/www.gizalde.eus\/es\/wp-json\/wp\/v2\/pages\/12584\/revisions\/14764"}],"wp:attachment":[{"href":"https:\/\/www.gizalde.eus\/es\/wp-json\/wp\/v2\/media?parent=12584"}],"curies":[{"name":"wp","href":"https:\/\/api.w.org\/{rel}","templated":true}]}}